{"id":3960,"date":"2025-07-15T21:41:48","date_gmt":"2025-07-15T21:41:48","guid":{"rendered":"https:\/\/www.teanaulodge.com\/evenements-prives\/"},"modified":"2025-07-15T21:41:48","modified_gmt":"2025-07-15T21:41:48","slug":"evenements-prives","status":"publish","type":"page","link":"https:\/\/www.teanaulodge.com\/fr\/evenements-prives\/","title":{"rendered":"\u00c9v\u00e9nements priv\u00e9s"},"content":{"rendered":"<div id='layer_slider_1'  class='avia-layerslider main_color avia-shadow  avia-builder-el-0  el_before_av_heading  avia-builder-el-first  container_wrap sidebar_right'  style='height: 151px;'  ><\/div><div id='after_layer_slider_1'  class='main_color av_default_container_wrap container_wrap sidebar_right'  ><div class='container av-section-cont-open' ><div class='template-page content  av-content-small alpha units'><div class='post-entry post-entry-type-page post-entry-3960'><div class='entry-content-wrapper clearfix'>\n\n<style type=\"text\/css\" data-created_by=\"avia_inline_auto\" id=\"style-css-av-12o8h-95a5e69c35061eccfb9ad450419808bc\">\n#top .av-special-heading.av-12o8h-95a5e69c35061eccfb9ad450419808bc{\npadding-bottom:10px;\n}\nbody .av-special-heading.av-12o8h-95a5e69c35061eccfb9ad450419808bc .av-special-heading-tag .heading-char{\nfont-size:25px;\n}\n.av-special-heading.av-12o8h-95a5e69c35061eccfb9ad450419808bc .av-subheading{\nfont-size:15px;\n}\n<\/style>\n<div  class='av-special-heading av-12o8h-95a5e69c35061eccfb9ad450419808bc av-special-heading-h2 blockquote modern-quote  avia-builder-el-1  el_after_av_layerslider  el_before_av_two_third  avia-builder-el-first '><h2 class='av-special-heading-tag '  itemprop=\"headline\"  >\u00c9v\u00e9nements priv\u00e9s<\/h2><div class=\"special-heading-border\"><div class=\"special-heading-inner-border\"><\/div><\/div><\/div>\n<div  class='flex_column av-4pzxp-6101ddd7fa7cb32657ccbfb7f5923b10 av_two_third  avia-builder-el-2  el_after_av_heading  el_before_av_one_third  first flex_column_div  '     ><section  class='av_textblock_section av-42o4d-066b110cca64a7889d392e2f5c03d05c '   itemscope=\"itemscope\" itemtype=\"https:\/\/schema.org\/CreativeWork\" ><div class='avia_textblock'  itemprop=\"text\" ><p>Il est possible de louer notre magnifique lodge pour vos besoins priv\u00e9s. Que vous pr\u00e9voyiez une conf\u00e9rence d&rsquo;affaires, des vacances d&rsquo;entreprise ou une retraite artistique ou photographique dans le magnifique Fiordland, nous serions ravis de vous accueillir. Cette offre est disponible toute l&rsquo;ann\u00e9e, ind\u00e9pendamment de la fermeture du lodge en hiver. Il vous suffit de nous contacter pour obtenir de plus amples informations et r\u00e9server votre h\u00e9bergement exclusif dans l&rsquo;une des villes les plus \u00e9tonnantes de Nouvelle-Z\u00e9lande.<\/p>\n<\/div><\/section><\/div><div  class='flex_column av-1vjwxw-58ab4b3fd24f9c0b4b0543065ceee37b av_one_third  avia-builder-el-4  el_after_av_two_third  el_before_av_heading  flex_column_div  '     ><style type=\"text\/css\" data-created_by=\"avia_inline_auto\" id=\"style-css-av-ma08h8os-97a1145ecdb8ded6d9ad3eb66a2d643a\">\n.avia-image-container.av-ma08h8os-97a1145ecdb8ded6d9ad3eb66a2d643a img.avia_image{\nbox-shadow:none;\n}\n.avia-image-container.av-ma08h8os-97a1145ecdb8ded6d9ad3eb66a2d643a .av-image-caption-overlay-center{\ncolor:#ffffff;\n}\n<\/style>\n<div  class='avia-image-container av-ma08h8os-97a1145ecdb8ded6d9ad3eb66a2d643a av-styling- avia-align-center  avia-builder-el-5  avia-builder-el-no-sibling '   itemprop=\"image\" itemscope=\"itemscope\" itemtype=\"https:\/\/schema.org\/ImageObject\" ><div class=\"avia-image-container-inner\"><div class=\"avia-image-overlay-wrap\"><img decoding=\"async\" fetchpriority=\"high\" class='wp-image-3431 avia-img-lazy-loading-not-3431 avia_image ' src=\"https:\/\/www.teanaulodge.com\/wp-content\/uploads\/2025\/04\/ea842d20_y.webp\" alt='' title='ea842d20_y'  height=\"333\" width=\"500\"  itemprop=\"thumbnailUrl\" srcset=\"https:\/\/www.teanaulodge.com\/wp-content\/uploads\/2025\/04\/ea842d20_y.webp 500w, https:\/\/www.teanaulodge.com\/wp-content\/uploads\/2025\/04\/ea842d20_y-300x200.webp 300w\" sizes=\"(max-width: 500px) 100vw, 500px\" \/><\/div><\/div><\/div><\/div>\n<style type=\"text\/css\" data-created_by=\"avia_inline_auto\" id=\"style-css-av-ma08bhgz-ca2b3e4b0f4ab8353eabe81f89d4e4b0\">\n#top .av-special-heading.av-ma08bhgz-ca2b3e4b0f4ab8353eabe81f89d4e4b0{\npadding-bottom:10px;\n}\nbody .av-special-heading.av-ma08bhgz-ca2b3e4b0f4ab8353eabe81f89d4e4b0 .av-special-heading-tag .heading-char{\nfont-size:25px;\n}\n.av-special-heading.av-ma08bhgz-ca2b3e4b0f4ab8353eabe81f89d4e4b0 .av-subheading{\nfont-size:15px;\n}\n<\/style>\n<div  class='av-special-heading av-ma08bhgz-ca2b3e4b0f4ab8353eabe81f89d4e4b0 av-special-heading-h2 blockquote modern-quote  avia-builder-el-6  el_after_av_one_third  el_before_av_two_third '><h2 class='av-special-heading-tag '  itemprop=\"headline\"  >Catering<\/h2><div class=\"special-heading-border\"><div class=\"special-heading-inner-border\"><\/div><\/div><\/div><\/p>\n<div  class='flex_column av-p4kx-96fcb3dd2e148e3ae0297cf39f4a6d27 av_two_third  avia-builder-el-7  el_after_av_heading  avia-builder-el-last  first flex_column_div  '     ><section  class='av_textblock_section av-m9xf9k4l-5890da9ee12c92afc45c6cbcc41df535 '   itemscope=\"itemscope\" itemtype=\"https:\/\/schema.org\/CreativeWork\" ><div class='avia_textblock'  itemprop=\"text\" ><p>Pour les \u00e9v\u00e9nements sp\u00e9ciaux, nous pouvons organiser des d\u00eeners ou d&rsquo;autres repas par l&rsquo;interm\u00e9diaire d&rsquo;un traiteur externe. Notre partenaire de longue date est le <a href=\"https:\/\/www.instagram.com\/lakefront_cafe\/?hl=en\">Lakefront Cafe<\/a> de Te Anau, sp\u00e9cialis\u00e9 dans les d\u00e9licieux brunchs et les rafra\u00eechissements de l&rsquo;apr\u00e8s-midi. Il vous suffit de nous contacter pour obtenir de plus amples informations et nous pourrons trouver une solution adapt\u00e9e \u00e0 vos besoins individuels.<\/p>\n<\/div><\/section><\/div>\n","protected":false},"excerpt":{"rendered":"","protected":false},"author":2,"featured_media":0,"parent":0,"menu_order":0,"comment_status":"closed","ping_status":"closed","template":"","meta":{"footnotes":""},"class_list":["post-3960","page","type-page","status-publish","hentry"],"_links":{"self":[{"href":"https:\/\/www.teanaulodge.com\/fr\/wp-json\/wp\/v2\/pages\/3960"}],"collection":[{"href":"https:\/\/www.teanaulodge.com\/fr\/wp-json\/wp\/v2\/pages"}],"about":[{"href":"https:\/\/www.teanaulodge.com\/fr\/wp-json\/wp\/v2\/types\/page"}],"author":[{"embeddable":true,"href":"https:\/\/www.teanaulodge.com\/fr\/wp-json\/wp\/v2\/users\/2"}],"replies":[{"embeddable":true,"href":"https:\/\/www.teanaulodge.com\/fr\/wp-json\/wp\/v2\/comments?post=3960"}],"version-history":[{"count":2,"href":"https:\/\/www.teanaulodge.com\/fr\/wp-json\/wp\/v2\/pages\/3960\/revisions"}],"predecessor-version":[{"id":3962,"href":"https:\/\/www.teanaulodge.com\/fr\/wp-json\/wp\/v2\/pages\/3960\/revisions\/3962"}],"wp:attachment":[{"href":"https:\/\/www.teanaulodge.com\/fr\/wp-json\/wp\/v2\/media?parent=3960"}],"curies":[{"name":"wp","href":"https:\/\/api.w.org\/{rel}","templated":true}]}}