{"id":3930,"date":"2025-07-15T21:35:00","date_gmt":"2025-07-15T21:35:00","guid":{"rendered":"https:\/\/www.teanaulodge.com\/mariages\/"},"modified":"2025-07-15T21:35:04","modified_gmt":"2025-07-15T21:35:04","slug":"mariages","status":"publish","type":"page","link":"https:\/\/www.teanaulodge.com\/fr\/mariages\/","title":{"rendered":"Mariages"},"content":{"rendered":"\n<style type=\"text\/css\" data-created_by=\"avia_inline_auto\" id=\"style-css-av-m9xgpkud-0aef27fbaa10baf140b06176dfce4a5c\">\n#top .av-special-heading.av-m9xgpkud-0aef27fbaa10baf140b06176dfce4a5c{\npadding-bottom:10px;\n}\nbody .av-special-heading.av-m9xgpkud-0aef27fbaa10baf140b06176dfce4a5c .av-special-heading-tag .heading-char{\nfont-size:25px;\n}\n.av-special-heading.av-m9xgpkud-0aef27fbaa10baf140b06176dfce4a5c .av-subheading{\nfont-size:15px;\n}\n<\/style>\n<div  class='av-special-heading av-m9xgpkud-0aef27fbaa10baf140b06176dfce4a5c av-special-heading-h2  avia-builder-el-0  el_before_av_textblock  avia-builder-el-first '><h2 class='av-special-heading-tag '  itemprop=\"headline\"  >Les mariages<\/h2><div class=\"special-heading-border\"><div class=\"special-heading-inner-border\"><\/div><\/div><\/div>\n<section  class='av_textblock_section av-m9xhd434-489c5902dd4c8a348e53c5c32f3b9d5c '   itemscope=\"itemscope\" itemtype=\"https:\/\/schema.org\/CreativeWork\" ><div class='avia_textblock'  itemprop=\"text\" ><p>C\u00e9l\u00e9brez votre journ\u00e9e sp\u00e9ciale avec nous au Te Anau Lodge ! Notre spacieux jardin, face aux montagnes Luxmore et au lac Te Anau, est l&rsquo;endroit id\u00e9al pour un mariage dans le magnifique Fiordland. Nos chambres luxueuses sont con\u00e7ues pour vous offrir, \u00e0 vous et \u00e0 vos invit\u00e9s, un maximum de confort sur place. Pour une organisation sans stress, nous nous sommes associ\u00e9s \u00e0 un organisateur de mariage renomm\u00e9, <a href=\"https:\/\/www.stacweddings.co.nz\/\">Stac Weddings<\/a>, qui s&rsquo;occupera de vous depuis la premi\u00e8re id\u00e9e jusqu&rsquo;\u00e0 longtemps apr\u00e8s que les cloches du mariage ont sonn\u00e9.<\/p>\n<\/div><\/section>\n<section  class='av_textblock_section av-m9xhdt5c-8067a1d21ea984c3aea91dfd4e6d5fa9 '   itemscope=\"itemscope\" itemtype=\"https:\/\/schema.org\/CreativeWork\" ><div class='avia_textblock'  itemprop=\"text\" ><a href=\"https:\/\/www.teanaulodge.com\/wp-content\/uploads\/2025\/04\/TAL_Wedding_A4-1.pdf\" class=\"pdfemb-viewer\" style=\"\" data-width=\"max\" data-height=\"max\" data-toolbar=\"bottom\" data-toolbar-fixed=\"off\">TAL_Wedding_A4<\/a>\n<\/div><\/section>\n","protected":false},"excerpt":{"rendered":"","protected":false},"author":2,"featured_media":0,"parent":0,"menu_order":0,"comment_status":"closed","ping_status":"closed","template":"","meta":{"footnotes":""},"class_list":["post-3930","page","type-page","status-publish","hentry"],"_links":{"self":[{"href":"https:\/\/www.teanaulodge.com\/fr\/wp-json\/wp\/v2\/pages\/3930"}],"collection":[{"href":"https:\/\/www.teanaulodge.com\/fr\/wp-json\/wp\/v2\/pages"}],"about":[{"href":"https:\/\/www.teanaulodge.com\/fr\/wp-json\/wp\/v2\/types\/page"}],"author":[{"embeddable":true,"href":"https:\/\/www.teanaulodge.com\/fr\/wp-json\/wp\/v2\/users\/2"}],"replies":[{"embeddable":true,"href":"https:\/\/www.teanaulodge.com\/fr\/wp-json\/wp\/v2\/comments?post=3930"}],"version-history":[{"count":5,"href":"https:\/\/www.teanaulodge.com\/fr\/wp-json\/wp\/v2\/pages\/3930\/revisions"}],"predecessor-version":[{"id":3935,"href":"https:\/\/www.teanaulodge.com\/fr\/wp-json\/wp\/v2\/pages\/3930\/revisions\/3935"}],"wp:attachment":[{"href":"https:\/\/www.teanaulodge.com\/fr\/wp-json\/wp\/v2\/media?parent=3930"}],"curies":[{"name":"wp","href":"https:\/\/api.w.org\/{rel}","templated":true}]}}