{"id":3533,"date":"2025-07-15T00:21:18","date_gmt":"2025-07-15T00:21:18","guid":{"rendered":"https:\/\/www.teanaulodge.com\/informations-generales\/"},"modified":"2025-07-15T00:21:23","modified_gmt":"2025-07-15T00:21:23","slug":"informations-generales","status":"publish","type":"page","link":"https:\/\/www.teanaulodge.com\/fr\/informations-generales\/","title":{"rendered":"Informations g\u00e9n\u00e9rales"},"content":{"rendered":"<div id='layer_slider_1'  class='avia-layerslider main_color avia-shadow  avia-builder-el-0  el_before_av_heading  avia-builder-el-first  container_wrap sidebar_right'  style='height: 151px;'  ><\/div><div id='after_layer_slider_1'  class='main_color av_default_container_wrap container_wrap sidebar_right'  ><div class='container av-section-cont-open' ><div class='template-page content  av-content-small alpha units'><div class='post-entry post-entry-type-page post-entry-3533'><div class='entry-content-wrapper clearfix'>\n\n<style type=\"text\/css\" data-created_by=\"avia_inline_auto\" id=\"style-css-av-1e9d1-b3ea73638dc561090c789a8a8b8f9276\">\n#top .av-special-heading.av-1e9d1-b3ea73638dc561090c789a8a8b8f9276{\npadding-bottom:10px;\n}\nbody .av-special-heading.av-1e9d1-b3ea73638dc561090c789a8a8b8f9276 .av-special-heading-tag .heading-char{\nfont-size:25px;\n}\n.av-special-heading.av-1e9d1-b3ea73638dc561090c789a8a8b8f9276 .av-subheading{\nfont-size:15px;\n}\n<\/style>\n<div  class='av-special-heading av-1e9d1-b3ea73638dc561090c789a8a8b8f9276 av-special-heading-h2 blockquote modern-quote  avia-builder-el-1  el_after_av_layerslider  el_before_av_one_half  avia-builder-el-first '><h2 class='av-special-heading-tag '  itemprop=\"headline\"  >Informations g\u00e9n\u00e9rales<\/h2><div class=\"special-heading-border\"><div class=\"special-heading-inner-border\"><\/div><\/div><\/div>\n<div  class='flex_column av-2si5p-69adaf10becbe24180113e30f3d6df83 av_one_half  avia-builder-el-2  el_after_av_heading  el_before_av_one_half  first flex_column_div  '     ><section  class='av_textblock_section av-m9xhu1r5-bbfb4b8e102f3abe430151888374c2a3 '   itemscope=\"itemscope\" itemtype=\"https:\/\/schema.org\/CreativeWork\" ><div class='avia_textblock'  itemprop=\"text\" ><h4>Heure d&rsquo;arriv\u00e9e<\/h4>\n<p>Entre 14h00 et 19h00<\/p>\n<h4>Heure de d\u00e9part<\/h4>\n<p>10h00<\/p>\n<h4>Heures d&rsquo;ouverture de la r\u00e9ception<\/h4>\n<p>8h00 &#8211; 19h00<\/p>\n<h4>Directions vers la propri\u00e9t\u00e9<\/h4>\n<p>52 Howden Street, Te Anau 9600<\/p>\n<h4>Additional Information<\/h4>\n<p>Les enregistrements tardifs sont disponibles sur demande. En cas d&rsquo;enregistrement tardif, veuillez nous en informer au plus tard \u00e0 18h00 le jour m\u00eame, de pr\u00e9f\u00e9rence avec une estimation de l&rsquo;heure d&rsquo;arriv\u00e9e.<\/p>\n<\/div><\/section><\/div><div  class='flex_column av-1y0ml-2a39a33ede080d5027064d1e62357502 av_one_half  avia-builder-el-4  el_after_av_one_half  avia-builder-el-last  flex_column_div  '     ><style type=\"text\/css\" data-created_by=\"avia_inline_auto\" id=\"style-css-av-ma365ii7-464b6a87109db0d8117444e99ca68bf5\">\n.avia-image-container.av-ma365ii7-464b6a87109db0d8117444e99ca68bf5 img.avia_image{\nbox-shadow:none;\n}\n.avia-image-container.av-ma365ii7-464b6a87109db0d8117444e99ca68bf5 .av-image-caption-overlay-center{\ncolor:#ffffff;\n}\n<\/style>\n<div  class='avia-image-container av-ma365ii7-464b6a87109db0d8117444e99ca68bf5 av-styling- avia-align-center  avia-builder-el-5  avia-builder-el-no-sibling '   itemprop=\"image\" itemscope=\"itemscope\" itemtype=\"https:\/\/schema.org\/ImageObject\" ><div class=\"avia-image-container-inner\"><div class=\"avia-image-overlay-wrap\"><img decoding=\"async\" fetchpriority=\"high\" class='wp-image-926 avia-img-lazy-loading-not-926 avia_image ' src=\"https:\/\/www.teanaulodge.com\/wp-content\/uploads\/2015\/01\/teanaulodge112.jpg\" alt='' title='teanaulodge112'  height=\"199\" width=\"300\"  itemprop=\"thumbnailUrl\"  \/><\/div><\/div><\/div><\/div><\/p>\n","protected":false},"excerpt":{"rendered":"","protected":false},"author":2,"featured_media":0,"parent":0,"menu_order":0,"comment_status":"closed","ping_status":"closed","template":"","meta":{"footnotes":""},"class_list":["post-3533","page","type-page","status-publish","hentry"],"_links":{"self":[{"href":"https:\/\/www.teanaulodge.com\/fr\/wp-json\/wp\/v2\/pages\/3533"}],"collection":[{"href":"https:\/\/www.teanaulodge.com\/fr\/wp-json\/wp\/v2\/pages"}],"about":[{"href":"https:\/\/www.teanaulodge.com\/fr\/wp-json\/wp\/v2\/types\/page"}],"author":[{"embeddable":true,"href":"https:\/\/www.teanaulodge.com\/fr\/wp-json\/wp\/v2\/users\/2"}],"replies":[{"embeddable":true,"href":"https:\/\/www.teanaulodge.com\/fr\/wp-json\/wp\/v2\/comments?post=3533"}],"version-history":[{"count":5,"href":"https:\/\/www.teanaulodge.com\/fr\/wp-json\/wp\/v2\/pages\/3533\/revisions"}],"predecessor-version":[{"id":3538,"href":"https:\/\/www.teanaulodge.com\/fr\/wp-json\/wp\/v2\/pages\/3533\/revisions\/3538"}],"wp:attachment":[{"href":"https:\/\/www.teanaulodge.com\/fr\/wp-json\/wp\/v2\/media?parent=3533"}],"curies":[{"name":"wp","href":"https:\/\/api.w.org\/{rel}","templated":true}]}}