{"id":263,"date":"2015-01-25T20:29:22","date_gmt":"2015-01-25T20:29:22","guid":{"rendered":"http:\/\/www.teanaulodge.com\/?page_id=263"},"modified":"2025-07-15T21:25:36","modified_gmt":"2025-07-15T21:25:36","slug":"food","status":"publish","type":"page","link":"https:\/\/www.teanaulodge.com\/fr\/food\/","title":{"rendered":"Gastronomie"},"content":{"rendered":"<div id='layer_slider_1'  class='avia-layerslider main_color avia-shadow  avia-builder-el-0  el_before_av_heading  avia-builder-el-first  container_wrap sidebar_right'  style='height: 151px;'  ><\/div><div id='after_layer_slider_1'  class='main_color av_default_container_wrap container_wrap sidebar_right'  ><div class='container av-section-cont-open' ><div class='template-page content  av-content-small alpha units'><div class='post-entry post-entry-type-page post-entry-263'><div class='entry-content-wrapper clearfix'>\n\n<style type=\"text\/css\" data-created_by=\"avia_inline_auto\" id=\"style-css-av-12o8h-50835f83517c4080308d9303a41fe66a\">\n#top .av-special-heading.av-12o8h-50835f83517c4080308d9303a41fe66a{\npadding-bottom:10px;\n}\nbody .av-special-heading.av-12o8h-50835f83517c4080308d9303a41fe66a .av-special-heading-tag .heading-char{\nfont-size:25px;\n}\n.av-special-heading.av-12o8h-50835f83517c4080308d9303a41fe66a .av-subheading{\nfont-size:15px;\n}\n<\/style>\n<div  class='av-special-heading av-12o8h-50835f83517c4080308d9303a41fe66a av-special-heading-h2 blockquote modern-quote  avia-builder-el-1  el_after_av_layerslider  el_before_av_two_third  avia-builder-el-first '><h2 class='av-special-heading-tag '  itemprop=\"headline\"  >Nourriture au Te Anau Lodge<\/h2><div class=\"special-heading-border\"><div class=\"special-heading-inner-border\"><\/div><\/div><\/div>\n<div  class='flex_column av-4pzxp-6101ddd7fa7cb32657ccbfb7f5923b10 av_two_third  avia-builder-el-2  el_after_av_heading  el_before_av_one_third  first flex_column_div  '     ><section  class='av_textblock_section av-42o4d-3bbe4a341c27812384d260a770946861 '   itemscope=\"itemscope\" itemtype=\"https:\/\/schema.org\/CreativeWork\" ><div class='avia_textblock'  itemprop=\"text\" ><p><Au Te Anau Lodge, nous consid\u00e9rons qu'un petit d\u00e9jeuner frais et d\u00e9licieux est tout aussi important pour votre s\u00e9jour qu'une bonne nuit de sommeil.<\/strong><br \/>Servi dans notre belle chapelle, notre <strong>petit d\u00e9jeuner continental comprend une s\u00e9lection de c\u00e9r\u00e9ales, fruits et yaourts, fruits frais, diff\u00e9rents pains avec beurre et confitures, jus de fruits, caf\u00e9, une s\u00e9lection de th\u00e9s et des p\u00e2tisseries maison fra\u00eeches tous les matins<\/strong>.<br \/>Faites-vous plaisir avec un <strong>petit-d\u00e9jeuner cuisin\u00e9<\/strong> &#8211; \u0153ufs fra\u00eechement pondus, saucisses de chevreuil, galettes de patates douces et bien plus encore.<br \/><Dans la mesure du possible, nous pr\u00e9parons et servons toujours des produits frais, cultiv\u00e9s localement ou faits maison et des produits biologiques<\/strong>. Nous pouvons r\u00e9pondre \u00e0 des besoins di\u00e9t\u00e9tiques particuliers en vous pr\u00e9venant \u00e0 l&rsquo;avance.<\/p>\n<\/div><\/section><\/div>\n<div  class='flex_column av-3i9v1-1406a79f254e9c935a721ae43c0cee34 av_one_third  avia-builder-el-4  el_after_av_two_third  el_before_av_heading  flex_column_div  '     ><div  class='avia-slideshow av-2twe5-9b3aee6bcda114d6388f747d24ae3ae4 avia-slideshow-large av_slideshow avia-slide-slider  avia-builder-el-5  avia-builder-el-no-sibling  av-slideshow-ui av-control-default av-slideshow-autoplay av-loop-endless av-loop-manual-endless av-default-height-applied avia-slideshow-1' data-slideshow-options=\"{&quot;animation&quot;:&quot;slide&quot;,&quot;autoplay&quot;:true,&quot;loop_autoplay&quot;:&quot;endless&quot;,&quot;interval&quot;:5,&quot;loop_manual&quot;:&quot;manual-endless&quot;,&quot;autoplay_stopper&quot;:false,&quot;noNavigation&quot;:false,&quot;bg_slider&quot;:false,&quot;keep_padding&quot;:false,&quot;hoverpause&quot;:false,&quot;show_slide_delay&quot;:0}\"  itemprop=\"image\" itemscope=\"itemscope\" itemtype=\"https:\/\/schema.org\/ImageObject\" ><ul class='avia-slideshow-inner ' style='padding-bottom: 66.699029126214%;'><li  class='avia-slideshow-slide av-2twe5-9b3aee6bcda114d6388f747d24ae3ae4__0  slide-1 slide-odd'><div data-rel='slideshow-1' class='avia-slide-wrap '   ><img decoding=\"async\" fetchpriority=\"high\" class=\"wp-image-2356 avia-img-lazy-loading-not-2356\"  src=\"https:\/\/www.teanaulodge.com\/wp-content\/uploads\/2025\/04\/IMG_3912-1030x687.jpg\" width=\"1030\" height=\"687\" title='IMG_3912' alt=''  itemprop=\"thumbnailUrl\" srcset=\"https:\/\/www.teanaulodge.com\/wp-content\/uploads\/2025\/04\/IMG_3912-1030x687.jpg 1030w, https:\/\/www.teanaulodge.com\/wp-content\/uploads\/2025\/04\/IMG_3912-300x200.jpg 300w, https:\/\/www.teanaulodge.com\/wp-content\/uploads\/2025\/04\/IMG_3912-768x512.jpg 768w, https:\/\/www.teanaulodge.com\/wp-content\/uploads\/2025\/04\/IMG_3912-1500x1000.jpg 1500w, https:\/\/www.teanaulodge.com\/wp-content\/uploads\/2025\/04\/IMG_3912-705x470.jpg 705w, https:\/\/www.teanaulodge.com\/wp-content\/uploads\/2025\/04\/IMG_3912-450x300.jpg 450w\" sizes=\"(max-width: 1030px) 100vw, 1030px\" \/><\/div><\/li><li  class='avia-slideshow-slide av-2twe5-9b3aee6bcda114d6388f747d24ae3ae4__1  slide-2 slide-even'><div data-rel='slideshow-1' class='avia-slide-wrap '   ><img decoding=\"async\" fetchpriority=\"high\" class=\"wp-image-2342 avia-img-lazy-loading-not-2342\"  src=\"https:\/\/www.teanaulodge.com\/wp-content\/uploads\/2025\/04\/IMG_3883-1030x687.jpg\" width=\"1030\" height=\"687\" title='IMG_3883' alt=''  itemprop=\"thumbnailUrl\" srcset=\"https:\/\/www.teanaulodge.com\/wp-content\/uploads\/2025\/04\/IMG_3883-1030x687.jpg 1030w, https:\/\/www.teanaulodge.com\/wp-content\/uploads\/2025\/04\/IMG_3883-300x200.jpg 300w, https:\/\/www.teanaulodge.com\/wp-content\/uploads\/2025\/04\/IMG_3883-768x512.jpg 768w, https:\/\/www.teanaulodge.com\/wp-content\/uploads\/2025\/04\/IMG_3883-1500x1000.jpg 1500w, https:\/\/www.teanaulodge.com\/wp-content\/uploads\/2025\/04\/IMG_3883-705x470.jpg 705w, https:\/\/www.teanaulodge.com\/wp-content\/uploads\/2025\/04\/IMG_3883-450x300.jpg 450w\" sizes=\"(max-width: 1030px) 100vw, 1030px\" \/><\/div><\/li><li  class='avia-slideshow-slide av-2twe5-9b3aee6bcda114d6388f747d24ae3ae4__2  slide-3 slide-odd'><div data-rel='slideshow-1' class='avia-slide-wrap '   ><img decoding=\"async\" fetchpriority=\"high\" class=\"wp-image-2323 avia-img-lazy-loading-not-2323\"  src=\"https:\/\/www.teanaulodge.com\/wp-content\/uploads\/2025\/04\/IMG_3925-1030x687.jpg\" width=\"1030\" height=\"687\" title='IMG_3925' alt=''  itemprop=\"thumbnailUrl\" srcset=\"https:\/\/www.teanaulodge.com\/wp-content\/uploads\/2025\/04\/IMG_3925-1030x687.jpg 1030w, https:\/\/www.teanaulodge.com\/wp-content\/uploads\/2025\/04\/IMG_3925-300x200.jpg 300w, https:\/\/www.teanaulodge.com\/wp-content\/uploads\/2025\/04\/IMG_3925-768x512.jpg 768w, https:\/\/www.teanaulodge.com\/wp-content\/uploads\/2025\/04\/IMG_3925-1500x1000.jpg 1500w, https:\/\/www.teanaulodge.com\/wp-content\/uploads\/2025\/04\/IMG_3925-705x470.jpg 705w, https:\/\/www.teanaulodge.com\/wp-content\/uploads\/2025\/04\/IMG_3925-450x300.jpg 450w\" sizes=\"(max-width: 1030px) 100vw, 1030px\" \/><\/div><\/li><li  class='avia-slideshow-slide av-2twe5-9b3aee6bcda114d6388f747d24ae3ae4__3  slide-4 slide-even'><div data-rel='slideshow-1' class='avia-slide-wrap '   ><img decoding=\"async\" fetchpriority=\"high\" class=\"wp-image-2311 avia-img-lazy-loading-not-2311\"  src=\"https:\/\/www.teanaulodge.com\/wp-content\/uploads\/2025\/04\/IMG_3944-1030x687.jpg\" width=\"1030\" height=\"687\" title='IMG_3944' alt=''  itemprop=\"thumbnailUrl\" srcset=\"https:\/\/www.teanaulodge.com\/wp-content\/uploads\/2025\/04\/IMG_3944-1030x687.jpg 1030w, https:\/\/www.teanaulodge.com\/wp-content\/uploads\/2025\/04\/IMG_3944-300x200.jpg 300w, https:\/\/www.teanaulodge.com\/wp-content\/uploads\/2025\/04\/IMG_3944-768x512.jpg 768w, https:\/\/www.teanaulodge.com\/wp-content\/uploads\/2025\/04\/IMG_3944-1500x1000.jpg 1500w, https:\/\/www.teanaulodge.com\/wp-content\/uploads\/2025\/04\/IMG_3944-705x470.jpg 705w, https:\/\/www.teanaulodge.com\/wp-content\/uploads\/2025\/04\/IMG_3944-450x300.jpg 450w\" sizes=\"(max-width: 1030px) 100vw, 1030px\" \/><\/div><\/li><li  class='avia-slideshow-slide av-2twe5-9b3aee6bcda114d6388f747d24ae3ae4__4  slide-5 slide-odd'><div data-rel='slideshow-1' class='avia-slide-wrap '   ><img decoding=\"async\" fetchpriority=\"high\" class=\"wp-image-2350 avia-img-lazy-loading-not-2350\"  src=\"https:\/\/www.teanaulodge.com\/wp-content\/uploads\/2025\/04\/breakfast-700x1030.jpg\" width=\"700\" height=\"1030\" title='breakfast' alt=''  itemprop=\"thumbnailUrl\" srcset=\"https:\/\/www.teanaulodge.com\/wp-content\/uploads\/2025\/04\/breakfast-700x1030.jpg 700w, https:\/\/www.teanaulodge.com\/wp-content\/uploads\/2025\/04\/breakfast-204x300.jpg 204w, https:\/\/www.teanaulodge.com\/wp-content\/uploads\/2025\/04\/breakfast-768x1130.jpg 768w, https:\/\/www.teanaulodge.com\/wp-content\/uploads\/2025\/04\/breakfast-1020x1500.jpg 1020w, https:\/\/www.teanaulodge.com\/wp-content\/uploads\/2025\/04\/breakfast-479x705.jpg 479w, https:\/\/www.teanaulodge.com\/wp-content\/uploads\/2025\/04\/breakfast-450x662.jpg 450w\" sizes=\"(max-width: 700px) 100vw, 700px\" \/><\/div><\/li><li  class='avia-slideshow-slide av-2twe5-9b3aee6bcda114d6388f747d24ae3ae4__5  slide-6 slide-even'><div data-rel='slideshow-1' class='avia-slide-wrap '   ><img decoding=\"async\" fetchpriority=\"high\" class=\"wp-image-2305 avia-img-lazy-loading-not-2305\"  src=\"https:\/\/www.teanaulodge.com\/wp-content\/uploads\/2025\/04\/IMG_3943-1030x687.jpg\" width=\"1030\" height=\"687\" title='IMG_3943' alt=''  itemprop=\"thumbnailUrl\" srcset=\"https:\/\/www.teanaulodge.com\/wp-content\/uploads\/2025\/04\/IMG_3943-1030x687.jpg 1030w, https:\/\/www.teanaulodge.com\/wp-content\/uploads\/2025\/04\/IMG_3943-300x200.jpg 300w, https:\/\/www.teanaulodge.com\/wp-content\/uploads\/2025\/04\/IMG_3943-768x512.jpg 768w, https:\/\/www.teanaulodge.com\/wp-content\/uploads\/2025\/04\/IMG_3943-1500x1000.jpg 1500w, https:\/\/www.teanaulodge.com\/wp-content\/uploads\/2025\/04\/IMG_3943-705x470.jpg 705w, https:\/\/www.teanaulodge.com\/wp-content\/uploads\/2025\/04\/IMG_3943-450x300.jpg 450w\" sizes=\"(max-width: 1030px) 100vw, 1030px\" \/><\/div><\/li><li  class='avia-slideshow-slide av-2twe5-9b3aee6bcda114d6388f747d24ae3ae4__6  slide-7 slide-odd'><div data-rel='slideshow-1' class='avia-slide-wrap '   ><img decoding=\"async\" fetchpriority=\"high\" class=\"wp-image-2329 avia-img-lazy-loading-not-2329\"  src=\"https:\/\/www.teanaulodge.com\/wp-content\/uploads\/2025\/04\/IMG_3927-1030x687.jpg\" width=\"1030\" height=\"687\" title='IMG_3927' alt=''  itemprop=\"thumbnailUrl\" srcset=\"https:\/\/www.teanaulodge.com\/wp-content\/uploads\/2025\/04\/IMG_3927-1030x687.jpg 1030w, https:\/\/www.teanaulodge.com\/wp-content\/uploads\/2025\/04\/IMG_3927-300x200.jpg 300w, https:\/\/www.teanaulodge.com\/wp-content\/uploads\/2025\/04\/IMG_3927-768x512.jpg 768w, https:\/\/www.teanaulodge.com\/wp-content\/uploads\/2025\/04\/IMG_3927-1500x1000.jpg 1500w, https:\/\/www.teanaulodge.com\/wp-content\/uploads\/2025\/04\/IMG_3927-705x470.jpg 705w, https:\/\/www.teanaulodge.com\/wp-content\/uploads\/2025\/04\/IMG_3927-450x300.jpg 450w\" sizes=\"(max-width: 1030px) 100vw, 1030px\" \/><\/div><\/li><li  class='avia-slideshow-slide av-2twe5-9b3aee6bcda114d6388f747d24ae3ae4__7  slide-8 slide-even'><div data-rel='slideshow-1' class='avia-slide-wrap '   ><img decoding=\"async\" fetchpriority=\"high\" class=\"wp-image-2366 avia-img-lazy-loading-not-2366\"  src=\"https:\/\/www.teanaulodge.com\/wp-content\/uploads\/2025\/04\/IMG_3928-1030x687.jpg\" width=\"1030\" height=\"687\" title='IMG_3928' alt=''  itemprop=\"thumbnailUrl\" srcset=\"https:\/\/www.teanaulodge.com\/wp-content\/uploads\/2025\/04\/IMG_3928-1030x687.jpg 1030w, https:\/\/www.teanaulodge.com\/wp-content\/uploads\/2025\/04\/IMG_3928-300x200.jpg 300w, https:\/\/www.teanaulodge.com\/wp-content\/uploads\/2025\/04\/IMG_3928-768x512.jpg 768w, https:\/\/www.teanaulodge.com\/wp-content\/uploads\/2025\/04\/IMG_3928-1500x1000.jpg 1500w, https:\/\/www.teanaulodge.com\/wp-content\/uploads\/2025\/04\/IMG_3928-705x470.jpg 705w, https:\/\/www.teanaulodge.com\/wp-content\/uploads\/2025\/04\/IMG_3928-450x300.jpg 450w\" sizes=\"(max-width: 1030px) 100vw, 1030px\" \/><\/div><\/li><li  class='avia-slideshow-slide av-2twe5-9b3aee6bcda114d6388f747d24ae3ae4__8  slide-9 slide-odd'><div data-rel='slideshow-1' class='avia-slide-wrap '   ><img decoding=\"async\" fetchpriority=\"high\" class=\"wp-image-2273 avia-img-lazy-loading-not-2273\"  src=\"https:\/\/www.teanaulodge.com\/wp-content\/uploads\/2025\/04\/27-1030x687.jpg\" width=\"1030\" height=\"687\" title='27' alt=''  itemprop=\"thumbnailUrl\" srcset=\"https:\/\/www.teanaulodge.com\/wp-content\/uploads\/2025\/04\/27-1030x687.jpg 1030w, https:\/\/www.teanaulodge.com\/wp-content\/uploads\/2025\/04\/27-300x200.jpg 300w, https:\/\/www.teanaulodge.com\/wp-content\/uploads\/2025\/04\/27-768x512.jpg 768w, https:\/\/www.teanaulodge.com\/wp-content\/uploads\/2025\/04\/27-1500x1000.jpg 1500w, https:\/\/www.teanaulodge.com\/wp-content\/uploads\/2025\/04\/27-705x470.jpg 705w, https:\/\/www.teanaulodge.com\/wp-content\/uploads\/2025\/04\/27-450x300.jpg 450w\" sizes=\"(max-width: 1030px) 100vw, 1030px\" \/><\/div><\/li><li  class='avia-slideshow-slide av-2twe5-9b3aee6bcda114d6388f747d24ae3ae4__9  slide-10 slide-even'><div data-rel='slideshow-1' class='avia-slide-wrap '   ><img decoding=\"async\" fetchpriority=\"high\" class=\"wp-image-2335 avia-img-lazy-loading-not-2335\"  src=\"https:\/\/www.teanaulodge.com\/wp-content\/uploads\/2025\/04\/IMG_3936-1030x687.jpg\" width=\"1030\" height=\"687\" title='IMG_3936' alt=''  itemprop=\"thumbnailUrl\" srcset=\"https:\/\/www.teanaulodge.com\/wp-content\/uploads\/2025\/04\/IMG_3936-1030x687.jpg 1030w, https:\/\/www.teanaulodge.com\/wp-content\/uploads\/2025\/04\/IMG_3936-300x200.jpg 300w, https:\/\/www.teanaulodge.com\/wp-content\/uploads\/2025\/04\/IMG_3936-768x512.jpg 768w, https:\/\/www.teanaulodge.com\/wp-content\/uploads\/2025\/04\/IMG_3936-1500x1000.jpg 1500w, https:\/\/www.teanaulodge.com\/wp-content\/uploads\/2025\/04\/IMG_3936-705x470.jpg 705w, https:\/\/www.teanaulodge.com\/wp-content\/uploads\/2025\/04\/IMG_3936-450x300.jpg 450w\" sizes=\"(max-width: 1030px) 100vw, 1030px\" \/><\/div><\/li><li  class='avia-slideshow-slide av-2twe5-9b3aee6bcda114d6388f747d24ae3ae4__10  slide-11 slide-odd'><div data-rel='slideshow-1' class='avia-slide-wrap '   ><img decoding=\"async\" fetchpriority=\"high\" class=\"wp-image-2299 avia-img-lazy-loading-not-2299\"  src=\"https:\/\/www.teanaulodge.com\/wp-content\/uploads\/2025\/04\/IMG_3940-1030x687.jpg\" width=\"1030\" height=\"687\" title='IMG_3940' alt=''  itemprop=\"thumbnailUrl\" srcset=\"https:\/\/www.teanaulodge.com\/wp-content\/uploads\/2025\/04\/IMG_3940-1030x687.jpg 1030w, https:\/\/www.teanaulodge.com\/wp-content\/uploads\/2025\/04\/IMG_3940-300x200.jpg 300w, https:\/\/www.teanaulodge.com\/wp-content\/uploads\/2025\/04\/IMG_3940-768x512.jpg 768w, https:\/\/www.teanaulodge.com\/wp-content\/uploads\/2025\/04\/IMG_3940-1500x1000.jpg 1500w, https:\/\/www.teanaulodge.com\/wp-content\/uploads\/2025\/04\/IMG_3940-705x470.jpg 705w, https:\/\/www.teanaulodge.com\/wp-content\/uploads\/2025\/04\/IMG_3940-450x300.jpg 450w\" sizes=\"(max-width: 1030px) 100vw, 1030px\" \/><\/div><\/li><li  class='avia-slideshow-slide av-2twe5-9b3aee6bcda114d6388f747d24ae3ae4__11  slide-12 slide-even'><div data-rel='slideshow-1' class='avia-slide-wrap '   ><img decoding=\"async\" fetchpriority=\"high\" class=\"wp-image-2293 avia-img-lazy-loading-not-2293\"  src=\"https:\/\/www.teanaulodge.com\/wp-content\/uploads\/2025\/04\/IMG_3938-1030x687.jpg\" width=\"1030\" height=\"687\" title='IMG_3938' alt=''  itemprop=\"thumbnailUrl\" srcset=\"https:\/\/www.teanaulodge.com\/wp-content\/uploads\/2025\/04\/IMG_3938-1030x687.jpg 1030w, https:\/\/www.teanaulodge.com\/wp-content\/uploads\/2025\/04\/IMG_3938-300x200.jpg 300w, https:\/\/www.teanaulodge.com\/wp-content\/uploads\/2025\/04\/IMG_3938-768x512.jpg 768w, https:\/\/www.teanaulodge.com\/wp-content\/uploads\/2025\/04\/IMG_3938-1500x1000.jpg 1500w, https:\/\/www.teanaulodge.com\/wp-content\/uploads\/2025\/04\/IMG_3938-705x470.jpg 705w, https:\/\/www.teanaulodge.com\/wp-content\/uploads\/2025\/04\/IMG_3938-450x300.jpg 450w\" sizes=\"(max-width: 1030px) 100vw, 1030px\" \/><\/div><\/li><\/ul><div class='avia-slideshow-arrows avia-slideshow-controls' ><a href='#prev' class='prev-slide ' aria-hidden='true' data-av_icon='\ue87c' data-av_iconfont='entypo-fontello'  tabindex='-1'>Pr\u00e9c\u00e9dent<\/a><a href='#next' class='next-slide ' aria-hidden='true' data-av_icon='\ue87d' data-av_iconfont='entypo-fontello'  tabindex='-1'>Suivant<\/a><\/div><div class='avia-slideshow-dots avia-slideshow-controls'><a href='#1' class='goto-slide active' >1<\/a><a href='#2' class='goto-slide ' >2<\/a><a href='#3' class='goto-slide ' >3<\/a><a href='#4' class='goto-slide ' >4<\/a><a href='#5' class='goto-slide ' >5<\/a><a href='#6' class='goto-slide ' >6<\/a><a href='#7' class='goto-slide ' >7<\/a><a href='#8' class='goto-slide ' >8<\/a><a href='#9' class='goto-slide ' >9<\/a><a href='#10' class='goto-slide ' >10<\/a><a href='#11' class='goto-slide ' >11<\/a><a href='#12' class='goto-slide ' >12<\/a><\/div><\/div><\/div>\n\n<style type=\"text\/css\" data-created_by=\"avia_inline_auto\" id=\"style-css-av-m9xf1j50-1feb7c862efcefafc62a76f6e33e8a8a\">\n#top .av-special-heading.av-m9xf1j50-1feb7c862efcefafc62a76f6e33e8a8a{\npadding-bottom:10px;\n}\nbody .av-special-heading.av-m9xf1j50-1feb7c862efcefafc62a76f6e33e8a8a .av-special-heading-tag .heading-char{\nfont-size:25px;\n}\n.av-special-heading.av-m9xf1j50-1feb7c862efcefafc62a76f6e33e8a8a .av-subheading{\nfont-size:15px;\n}\n<\/style>\n<div  class='av-special-heading av-m9xf1j50-1feb7c862efcefafc62a76f6e33e8a8a av-special-heading-h3 blockquote modern-quote  avia-builder-el-6  el_after_av_one_third  el_before_av_one_third '><h3 class='av-special-heading-tag '  itemprop=\"headline\"  >Catering<\/h3><div class=\"special-heading-border\"><div class=\"special-heading-inner-border\"><\/div><\/div><\/div>\n<div  class='flex_column av-2yse9-49ba5f5c2992843b218028c0ada87076 av_one_third  avia-builder-el-7  el_after_av_heading  el_before_av_two_third  first flex_column_div  '     ><div  class='avia-slideshow av-m9xf4gqr-e0ba3caa7375b0e619185e269d7e4aa0 avia-slideshow-large av_slideshow avia-slide-slider  avia-builder-el-8  avia-builder-el-no-sibling  av-slideshow-ui av-control-default av-slideshow-autoplay av-loop-endless av-loop-manual-endless av-default-height-applied avia-slideshow-2' data-slideshow-options=\"{&quot;animation&quot;:&quot;slide&quot;,&quot;autoplay&quot;:true,&quot;loop_autoplay&quot;:&quot;endless&quot;,&quot;interval&quot;:5,&quot;loop_manual&quot;:&quot;manual-endless&quot;,&quot;autoplay_stopper&quot;:false,&quot;noNavigation&quot;:false,&quot;bg_slider&quot;:false,&quot;keep_padding&quot;:false,&quot;hoverpause&quot;:false,&quot;show_slide_delay&quot;:0}\"  itemprop=\"image\" itemscope=\"itemscope\" itemtype=\"https:\/\/schema.org\/ImageObject\" ><ul class='avia-slideshow-inner ' style='padding-bottom: 133.24708926261%;'><li  class='avia-slideshow-slide av-m9xf4gqr-e0ba3caa7375b0e619185e269d7e4aa0__0  slide-1 slide-odd'><div data-rel='slideshow-2' class='avia-slide-wrap '   ><img decoding=\"async\" fetchpriority=\"high\" class=\"wp-image-3358 avia-img-lazy-loading-not-3358\"  src=\"https:\/\/www.teanaulodge.com\/wp-content\/uploads\/2025\/04\/IMG_2707-773x1030.jpg\" width=\"773\" height=\"1030\" title='IMG_2707' alt=''  itemprop=\"thumbnailUrl\" srcset=\"https:\/\/www.teanaulodge.com\/wp-content\/uploads\/2025\/04\/IMG_2707-773x1030.jpg 773w, https:\/\/www.teanaulodge.com\/wp-content\/uploads\/2025\/04\/IMG_2707-225x300.jpg 225w, https:\/\/www.teanaulodge.com\/wp-content\/uploads\/2025\/04\/IMG_2707-768x1024.jpg 768w, https:\/\/www.teanaulodge.com\/wp-content\/uploads\/2025\/04\/IMG_2707-1152x1536.jpg 1152w, https:\/\/www.teanaulodge.com\/wp-content\/uploads\/2025\/04\/IMG_2707-1536x2048.jpg 1536w, https:\/\/www.teanaulodge.com\/wp-content\/uploads\/2025\/04\/IMG_2707-1125x1500.jpg 1125w, https:\/\/www.teanaulodge.com\/wp-content\/uploads\/2025\/04\/IMG_2707-529x705.jpg 529w, https:\/\/www.teanaulodge.com\/wp-content\/uploads\/2025\/04\/IMG_2707-scaled.jpg 1920w\" sizes=\"(max-width: 773px) 100vw, 773px\" \/><\/div><\/li><li  class='avia-slideshow-slide av-m9xf4gqr-e0ba3caa7375b0e619185e269d7e4aa0__1  slide-2 slide-even'><div data-rel='slideshow-2' class='avia-slide-wrap '   ><img decoding=\"async\" fetchpriority=\"high\" class=\"wp-image-3364 avia-img-lazy-loading-not-3364\"  src=\"https:\/\/www.teanaulodge.com\/wp-content\/uploads\/2025\/04\/IMG_2706-887x1030.jpg\" width=\"887\" height=\"1030\" title='IMG_2706' alt=''  itemprop=\"thumbnailUrl\" srcset=\"https:\/\/www.teanaulodge.com\/wp-content\/uploads\/2025\/04\/IMG_2706-887x1030.jpg 887w, https:\/\/www.teanaulodge.com\/wp-content\/uploads\/2025\/04\/IMG_2706-258x300.jpg 258w, https:\/\/www.teanaulodge.com\/wp-content\/uploads\/2025\/04\/IMG_2706-768x891.jpg 768w, https:\/\/www.teanaulodge.com\/wp-content\/uploads\/2025\/04\/IMG_2706-1323x1536.jpg 1323w, https:\/\/www.teanaulodge.com\/wp-content\/uploads\/2025\/04\/IMG_2706-1764x2048.jpg 1764w, https:\/\/www.teanaulodge.com\/wp-content\/uploads\/2025\/04\/IMG_2706-1292x1500.jpg 1292w, https:\/\/www.teanaulodge.com\/wp-content\/uploads\/2025\/04\/IMG_2706-607x705.jpg 607w\" sizes=\"(max-width: 887px) 100vw, 887px\" \/><\/div><\/li><\/ul><div class='avia-slideshow-arrows avia-slideshow-controls' ><a href='#prev' class='prev-slide ' aria-hidden='true' data-av_icon='\ue87c' data-av_iconfont='entypo-fontello'  tabindex='-1'>Pr\u00e9c\u00e9dent<\/a><a href='#next' class='next-slide ' aria-hidden='true' data-av_icon='\ue87d' data-av_iconfont='entypo-fontello'  tabindex='-1'>Suivant<\/a><\/div><div class='avia-slideshow-dots avia-slideshow-controls'><a href='#1' class='goto-slide active' >1<\/a><a href='#2' class='goto-slide ' >2<\/a><\/div><\/div><\/div><div  class='flex_column av-p4kx-cf3cac38da2575834bf474bbaadb1355 av_two_third  avia-builder-el-9  el_after_av_one_third  avia-builder-el-last  flex_column_div  '     ><section  class='av_textblock_section av-m9xf9k4l-5890da9ee12c92afc45c6cbcc41df535 '   itemscope=\"itemscope\" itemtype=\"https:\/\/schema.org\/CreativeWork\" ><div class='avia_textblock'  itemprop=\"text\" ><p>Pour les \u00e9v\u00e9nements sp\u00e9ciaux, nous pouvons organiser des d\u00eeners ou d&rsquo;autres repas par l&rsquo;interm\u00e9diaire d&rsquo;un traiteur externe. Notre partenaire de longue date est le <a href=\"https:\/\/www.instagram.com\/lakefront_cafe\/?hl=en\">Lakefront Cafe<\/a> de Te Anau, sp\u00e9cialis\u00e9 dans les d\u00e9licieux brunchs et les rafra\u00eechissements de l&rsquo;apr\u00e8s-midi. Il vous suffit de nous contacter pour obtenir de plus amples informations et nous pourrons trouver une solution adapt\u00e9e \u00e0 vos besoins individuels.<\/p>\n<\/div><\/section><\/div><\/p>\n","protected":false},"excerpt":{"rendered":"","protected":false},"author":1,"featured_media":0,"parent":0,"menu_order":0,"comment_status":"closed","ping_status":"closed","template":"","meta":{"footnotes":""},"class_list":["post-263","page","type-page","status-publish","hentry"],"_links":{"self":[{"href":"https:\/\/www.teanaulodge.com\/fr\/wp-json\/wp\/v2\/pages\/263"}],"collection":[{"href":"https:\/\/www.teanaulodge.com\/fr\/wp-json\/wp\/v2\/pages"}],"about":[{"href":"https:\/\/www.teanaulodge.com\/fr\/wp-json\/wp\/v2\/types\/page"}],"author":[{"embeddable":true,"href":"https:\/\/www.teanaulodge.com\/fr\/wp-json\/wp\/v2\/users\/1"}],"replies":[{"embeddable":true,"href":"https:\/\/www.teanaulodge.com\/fr\/wp-json\/wp\/v2\/comments?post=263"}],"version-history":[{"count":14,"href":"https:\/\/www.teanaulodge.com\/fr\/wp-json\/wp\/v2\/pages\/263\/revisions"}],"predecessor-version":[{"id":3901,"href":"https:\/\/www.teanaulodge.com\/fr\/wp-json\/wp\/v2\/pages\/263\/revisions\/3901"}],"wp:attachment":[{"href":"https:\/\/www.teanaulodge.com\/fr\/wp-json\/wp\/v2\/media?parent=263"}],"curies":[{"name":"wp","href":"https:\/\/api.w.org\/{rel}","templated":true}]}}