{"id":244,"date":"2015-01-12T13:52:59","date_gmt":"2015-01-12T13:52:59","guid":{"rendered":"http:\/\/www.teanaulodge.com\/sample-page-2\/"},"modified":"2025-07-14T23:52:57","modified_gmt":"2025-07-14T23:52:57","slug":"sample-page-2","status":"publish","type":"page","link":"https:\/\/www.teanaulodge.com\/fr\/","title":{"rendered":"Accueil"},"content":{"rendered":"<div id='full_slider_1'  class='avia-fullwidth-slider main_color avia-shadow   avia-builder-el-0  el_before_av_heading  avia-builder-el-first   container_wrap sidebar_right'  ><div  class='avia-slideshow av-md3qb2uz-72c891c6b207110ab47c17b81865eb5f avia-slideshow-featured_large av_slideshow_full avia-slide-slider av-slideshow-ui av-control-default av-slideshow-autoplay av-loop-endless av-loop-manual-endless av-default-height-applied   avia-slideshow-1' data-slideshow-options=\"{&quot;animation&quot;:&quot;slide&quot;,&quot;autoplay&quot;:true,&quot;loop_autoplay&quot;:&quot;endless&quot;,&quot;interval&quot;:5,&quot;loop_manual&quot;:&quot;manual-endless&quot;,&quot;autoplay_stopper&quot;:false,&quot;noNavigation&quot;:false,&quot;bg_slider&quot;:false,&quot;keep_padding&quot;:false,&quot;hoverpause&quot;:false,&quot;show_slide_delay&quot;:0}\"  itemprop=\"image\" itemscope=\"itemscope\" itemtype=\"https:\/\/schema.org\/ImageObject\" ><ul class='avia-slideshow-inner ' style='padding-bottom: 38%;'><li  class='avia-slideshow-slide av-md3qb2uz-72c891c6b207110ab47c17b81865eb5f__0  slide-1 slide-odd'><div data-rel='slideshow-1' class='avia-slide-wrap '   ><div class='av-slideshow-caption av-md3qb2uz-72c891c6b207110ab47c17b81865eb5f__0 caption_fullwidth caption_right caption_right_framed caption_framed'><div class=\"container caption_container\"><div class=\"slideshow_caption\"><div class=\"slideshow_inner_caption\"><div class=\"slideshow_align_caption\"><h2 class='avia-caption-title '  itemprop=\"name\" >Bienvenue au Te Anau Lodge<\/h2><div class='avia-caption-content '  itemprop=\"description\" ><p>Faites l\u2019exp\u00e9rience de l\u2019authentique cordialit\u00e9 et de la traditionnelle hospitalit\u00e9<br \/>\nn\u00e9oz\u00e9landaises<\/p>\n<p>dans l\u2019environnement d\u00e9contract\u00e9 et tranquille de notre ancien<br \/>\ncouvent, construit en 1936 et transport\u00e9&#8230;<\/p>\n<\/div><\/div><\/div><\/div><\/div><\/div><img decoding=\"async\" fetchpriority=\"high\" class=\"wp-image-17 avia-img-lazy-loading-not-17\"  src=\"https:\/\/www.teanaulodge.com\/wp-content\/uploads\/2015\/01\/slide1-1600-1500x570.jpg\" width=\"1500\" height=\"570\" title='slide1-1600' alt=''  itemprop=\"thumbnailUrl\"  style='min-height:300px; min-width:790px; ' srcset=\"https:\/\/www.teanaulodge.com\/wp-content\/uploads\/2015\/01\/slide1-1600-1500x570.jpg 1500w, https:\/\/www.teanaulodge.com\/wp-content\/uploads\/2015\/01\/slide1-1600-845x321.jpg 845w\" sizes=\"(max-width: 1500px) 100vw, 1500px\" \/><\/div><\/li><li  class='avia-slideshow-slide av-md3qb2uz-72c891c6b207110ab47c17b81865eb5f__1  slide-2 slide-even'><div data-rel='slideshow-1' class='avia-slide-wrap '   ><div class='av-slideshow-caption av-md3qb2uz-72c891c6b207110ab47c17b81865eb5f__1 caption_fullwidth caption_center'><div class=\"container caption_container\"><div class=\"slideshow_caption\"><div class=\"slideshow_inner_caption\"><div class=\"slideshow_align_caption\"><h2 class='avia-caption-title '  itemprop=\"name\" >\u2026dans une des r\u00e9gions les plus sc\u00e9nographiques du pays l\u2019\u00e9poustouflant Fiordland!<\/h2><\/div><\/div><\/div><\/div><\/div><img decoding=\"async\" fetchpriority=\"high\" class=\"wp-image-95 avia-img-lazy-loading-not-95\"  src=\"https:\/\/www.teanaulodge.com\/wp-content\/uploads\/2015\/03\/te_anau_jetty_hp_slide-1500x570.jpg\" width=\"1500\" height=\"570\" title='te_anau_jetty_hp_slide' alt=''  itemprop=\"thumbnailUrl\"  style='min-height:300px; min-width:790px; ' srcset=\"https:\/\/www.teanaulodge.com\/wp-content\/uploads\/2015\/03\/te_anau_jetty_hp_slide-1500x570.jpg 1500w, https:\/\/www.teanaulodge.com\/wp-content\/uploads\/2015\/03\/te_anau_jetty_hp_slide-845x321.jpg 845w\" sizes=\"(max-width: 1500px) 100vw, 1500px\" \/><\/div><\/li><li  class='avia-slideshow-slide av-md3qb2uz-72c891c6b207110ab47c17b81865eb5f__2  slide-3 slide-odd'><div data-rel='slideshow-1' class='avia-slide-wrap '   ><div class='av-slideshow-caption av-md3qb2uz-72c891c6b207110ab47c17b81865eb5f__2 caption_fullwidth caption_center caption_center_framed caption_framed'><div class=\"container caption_container\"><div class=\"slideshow_caption\"><div class=\"slideshow_inner_caption\"><div class=\"slideshow_align_caption\"><h2 class='avia-caption-title '  itemprop=\"name\" >Profitez d\u2019un d\u00e9licieux breakfast dans la Chapelle!<\/h2><\/div><\/div><\/div><\/div><\/div><img decoding=\"async\" fetchpriority=\"high\" class=\"wp-image-1695 avia-img-lazy-loading-not-1695\"  src=\"https:\/\/www.teanaulodge.com\/wp-content\/uploads\/2025\/04\/IMG_3867-1500x630.jpg\" width=\"1500\" height=\"630\" title='IMG_3867' alt=''  itemprop=\"thumbnailUrl\"  style='min-height:300px; min-width:715px; ' \/><\/div><\/li><li  class='avia-slideshow-slide av-md3qb2uz-72c891c6b207110ab47c17b81865eb5f__3  slide-4 slide-even'><div data-rel='slideshow-1' class='avia-slide-wrap '   ><div class='av-slideshow-caption av-md3qb2uz-72c891c6b207110ab47c17b81865eb5f__3 caption_fullwidth caption_bottom'><div class=\"container caption_container\"><div class=\"slideshow_caption\"><div class=\"slideshow_inner_caption\"><div class=\"slideshow_align_caption\"><h2 class='avia-caption-title '  itemprop=\"name\" >Observez le panorama depuis notre jardin ensoleill\u00e9\u2026<\/h2><\/div><\/div><\/div><\/div><\/div><img decoding=\"async\" fetchpriority=\"high\" class=\"wp-image-2847 avia-img-lazy-loading-not-2847\"  src=\"https:\/\/www.teanaulodge.com\/wp-content\/uploads\/2025\/04\/IMG_4673-1500x630.jpg\" width=\"1500\" height=\"630\" title='IMG_4673' alt=''  itemprop=\"thumbnailUrl\"  style='min-height:300px; min-width:715px; ' \/><\/div><\/li><li  class='avia-slideshow-slide av-md3qb2uz-72c891c6b207110ab47c17b81865eb5f__4  slide-5 slide-odd'><div data-rel='slideshow-1' class='avia-slide-wrap '   ><div class='av-slideshow-caption av-md3qb2uz-72c891c6b207110ab47c17b81865eb5f__4 caption_fullwidth caption_center caption_center_framed caption_framed'><div class=\"container caption_container\"><div class=\"slideshow_caption\"><div class=\"slideshow_inner_caption\"><div class=\"slideshow_align_caption\"><h2 class='avia-caption-title '  itemprop=\"name\" >\u2026 et passez des soir\u00e9es de d\u00e9tente dans l\u2019accueillante biblioth\u00e8que<\/h2><\/div><\/div><\/div><\/div><\/div><img decoding=\"async\" fetchpriority=\"high\" class=\"wp-image-2859 avia-img-lazy-loading-not-2859\"  src=\"https:\/\/www.teanaulodge.com\/wp-content\/uploads\/2025\/04\/IMG_4682-1500x630.jpg\" width=\"1500\" height=\"630\" title='IMG_4682' alt=''  itemprop=\"thumbnailUrl\"  style='min-height:300px; min-width:715px; ' \/><\/div><\/li><li  class='avia-slideshow-slide av-md3qb2uz-72c891c6b207110ab47c17b81865eb5f__5  slide-6 slide-even'><div data-rel='slideshow-1' class='avia-slide-wrap '   ><div class='av-slideshow-caption av-md3qb2uz-72c891c6b207110ab47c17b81865eb5f__5 caption_fullwidth caption_center caption_center_framed caption_framed'><div class=\"container caption_container\"><div class=\"slideshow_caption\"><div class=\"slideshow_inner_caption\"><div class=\"slideshow_align_caption\"><h2 class='avia-caption-title '  itemprop=\"name\" >Choisissez parmi diff\u00e9rentes chambres en fonction de vos go\u00fbts et de votre budget<\/h2><\/div><\/div><\/div><\/div><\/div><img decoding=\"async\" fetchpriority=\"high\" class=\"wp-image-2803 avia-img-lazy-loading-not-2803\"  src=\"https:\/\/www.teanaulodge.com\/wp-content\/uploads\/2025\/04\/Te-Anau-Lodge-Collage-1-1500x630.jpg\" width=\"1500\" height=\"630\" title='Te Anau Lodge Collage' alt=''  itemprop=\"thumbnailUrl\"  style='min-height:300px; min-width:715px; ' \/><\/div><\/li><\/ul><div class='avia-slideshow-arrows avia-slideshow-controls' ><a href='#prev' class='prev-slide ' aria-hidden='true' data-av_icon='\ue87c' data-av_iconfont='entypo-fontello'  tabindex='-1'>Pr\u00e9c\u00e9dent<\/a><a href='#next' class='next-slide ' aria-hidden='true' data-av_icon='\ue87d' data-av_iconfont='entypo-fontello'  tabindex='-1'>Suivant<\/a><\/div><div class='avia-slideshow-dots avia-slideshow-controls'><a href='#1' class='goto-slide active' >1<\/a><a href='#2' class='goto-slide ' >2<\/a><a href='#3' class='goto-slide ' >3<\/a><a href='#4' class='goto-slide ' >4<\/a><a href='#5' class='goto-slide ' >5<\/a><a href='#6' class='goto-slide ' >6<\/a><\/div><\/div><\/div><div id='after_full_slider_1'  class='main_color av_default_container_wrap container_wrap sidebar_right'  ><div class='container av-section-cont-open' ><div class='template-page content  av-content-small alpha units'><div class='post-entry post-entry-type-page post-entry-244'><div class='entry-content-wrapper clearfix'>\n\n<style type=\"text\/css\" data-created_by=\"avia_inline_auto\" id=\"style-css-av-7boh0-e2a6ae33f1701d63ed183f8f54092bb7\">\n#top .av-special-heading.av-7boh0-e2a6ae33f1701d63ed183f8f54092bb7{\npadding-bottom:10px;\n}\nbody .av-special-heading.av-7boh0-e2a6ae33f1701d63ed183f8f54092bb7 .av-special-heading-tag .heading-char{\nfont-size:25px;\n}\n.av-special-heading.av-7boh0-e2a6ae33f1701d63ed183f8f54092bb7 .av-subheading{\nfont-size:15px;\n}\n<\/style>\n<div  class='av-special-heading av-7boh0-e2a6ae33f1701d63ed183f8f54092bb7 av-special-heading-h2 blockquote modern-quote  avia-builder-el-1  el_after_av_slideshow_full  el_before_av_three_fourth  avia-builder-el-first '><h2 class='av-special-heading-tag '  itemprop=\"headline\"  >Bienvenue \u00e0 Te Anau Lodge<\/h2><div class='av-subheading av-subheading_below'><p>Un s\u00e9jour unique !<\/p>\n<\/div><div class=\"special-heading-border\"><div class=\"special-heading-inner-border\"><\/div><\/div><\/div>\n<div  class='flex_column av-20jcoc-50febd9dc4109c2f6cd62572dfbf96d1 av_three_fourth  avia-builder-el-2  el_after_av_heading  el_before_av_one_fourth  first flex_column_div  '     ><section  class='av_textblock_section av-joo6qrqh-b2cd2320738b555cd65ea111ef10893d '   itemscope=\"itemscope\" itemtype=\"https:\/\/schema.org\/CreativeWork\" ><div class='avia_textblock'  itemprop=\"text\" ><p>Bienvenue au Te Anau Lodge<\/p>\n<p>Une exp\u00e9rience de s\u00e9jour unique\u00a0!<\/p>\n<p>Faites l\u2019exp\u00e9rience de l\u2019authentique cordialit\u00e9 et de la traditionnelle hospitalit\u00e9 n\u00e9oz\u00e9landaises dans l\u2019environnement d\u00e9contract\u00e9 et tranquille de notre ancien couvent, construit en 1936 et transport\u00e9 dans une des r\u00e9gions les plus sc\u00e9nographiques du pays, l\u2019\u00e9poustouflant Fiordland.<\/p>\n<p>Le Te Anau Lodge, avec une vue imprenable du lac et des montagnes, a \u00e9t\u00e9 soigneusement restaur\u00e9, en gardant intact son gracieux charme d\u2019origine, tout en le dotant du confort moderne.<\/p>\n<p>Le Te Anau Lodge est tranquille et isol\u00e9, bien qu\u2019il ne soit qu\u2019\u00e0 15 minutes de marche du centre de Te Anau<\/p>\n<p>Profitez d\u2019un d\u00e9licieux breakfast dans la Chapelle, observez le panorama depuis notre jardin ensoleill\u00e9 et passez des soir\u00e9es de d\u00e9tente dans l\u2019accueillante biblioth\u00e8que.<\/p>\n<p><strong>VOUS VENEZ DE SI LOIN, RESTEZ UN PEU DANS LE COIN !<\/strong><\/p>\n<p>Votre h\u00f4te, Mark<\/p>\n<p><a href=\"http:\/\/www.teanaulodge.com\/wp-content\/uploads\/2018\/11\/mark-teanaulodge.jpg\"><img loading=\"lazy\" decoding=\"async\" class=\"aligncenter wp-image-706 size-medium\" src=\"http:\/\/www.teanaulodge.com\/wp-content\/uploads\/2018\/11\/mark-teanaulodge-300x217.jpg\" alt=\"\" width=\"300\" height=\"217\" srcset=\"https:\/\/www.teanaulodge.com\/wp-content\/uploads\/2018\/11\/mark-teanaulodge-300x217.jpg 300w, https:\/\/www.teanaulodge.com\/wp-content\/uploads\/2018\/11\/mark-teanaulodge-768x555.jpg 768w, https:\/\/www.teanaulodge.com\/wp-content\/uploads\/2018\/11\/mark-teanaulodge-1030x744.jpg 1030w, https:\/\/www.teanaulodge.com\/wp-content\/uploads\/2018\/11\/mark-teanaulodge-705x509.jpg 705w, https:\/\/www.teanaulodge.com\/wp-content\/uploads\/2018\/11\/mark-teanaulodge-450x325.jpg 450w, https:\/\/www.teanaulodge.com\/wp-content\/uploads\/2018\/11\/mark-teanaulodge.jpg 1123w\" sizes=\"(max-width: 300px) 100vw, 300px\" \/><\/a><\/p>\n<\/div><\/section><\/div>\n\n<style type=\"text\/css\" data-created_by=\"avia_inline_auto\" id=\"style-css-av-1zbckk-236e39949fb8ff7ad382164e3a84a5af\">\n.flex_column.av-1zbckk-236e39949fb8ff7ad382164e3a84a5af{\nborder-radius:0px 0px 0px 0px;\npadding:0px 0px 0px 0px;\n}\n<\/style>\n<div  class='flex_column av-1zbckk-236e39949fb8ff7ad382164e3a84a5af av_one_fourth  avia-builder-el-4  el_after_av_three_fourth  el_before_av_one_half  flex_column_div av-zero-column-padding  '     ><div  class='avia-button-wrap av-nd8k-075fb1282d7a29f9e3e32c1f71c30699-wrap avia-button-center  avia-builder-el-5  avia-builder-el-no-sibling '><a href='https:\/\/www.teanaulodge.com\/fr\/about-us\/'  class='avia-button av-nd8k-075fb1282d7a29f9e3e32c1f71c30699 av-link-btn avia-icon_select-yes-right-icon avia-size-x-large avia-position-center avia-color-theme-color'   aria-label=\"R\u00e9servez !\"><span class='avia_iconbox_title' >R\u00e9servez !<\/span><span class='avia_button_icon avia_button_icon_right' aria-hidden='true' data-av_icon='\ue832' data-av_iconfont='entypo-fontello'><\/span><\/a><\/div><\/div>\n<div  class='flex_column av-1mr25w-479622cd08aae27a71784b60f1df69ae av_one_half  avia-builder-el-6  el_after_av_one_fourth  el_before_av_one_fourth  first flex_column_div  column-top-margin'     ><p>\n<style type=\"text\/css\" data-created_by=\"avia_inline_auto\" id=\"style-css-av-56jgs-8621a0fc8ff44594eb26cdfb7bc27dcf\">\n#top .av-special-heading.av-56jgs-8621a0fc8ff44594eb26cdfb7bc27dcf{\npadding-bottom:10px;\n}\nbody .av-special-heading.av-56jgs-8621a0fc8ff44594eb26cdfb7bc27dcf .av-special-heading-tag .heading-char{\nfont-size:25px;\n}\n.av-special-heading.av-56jgs-8621a0fc8ff44594eb26cdfb7bc27dcf .av-subheading{\nfont-size:15px;\n}\n<\/style>\n<div  class='av-special-heading av-56jgs-8621a0fc8ff44594eb26cdfb7bc27dcf av-special-heading-h2 blockquote modern-quote  avia-builder-el-7  el_before_av_codeblock  avia-builder-el-first '><h2 class='av-special-heading-tag '  itemprop=\"headline\"  >L\u2019avis de nos clients<\/h2><div class=\"special-heading-border\"><div class=\"special-heading-inner-border\"><\/div><\/div><\/div><br \/>\n<\/p><\/div>\n\n<style type=\"text\/css\" data-created_by=\"avia_inline_auto\" id=\"style-css-av-12ytqc-b9ab9905296c09c637bb04fc900aea48\">\n.flex_column.av-12ytqc-b9ab9905296c09c637bb04fc900aea48{\nborder-radius:0px 0px 0px 0px;\npadding:0px 0px 0px 0px;\n}\n<\/style>\n<div  class='flex_column av-12ytqc-b9ab9905296c09c637bb04fc900aea48 av_one_fourth  avia-builder-el-9  el_after_av_one_half  el_before_av_one_fourth  flex_column_div av-zero-column-padding  column-top-margin'     ><style type=\"text\/css\" data-created_by=\"avia_inline_auto\" id=\"style-css-av-wtwss-ca8c308a20f44e504d71d5b27840b525\">\n.avia-image-container.av-wtwss-ca8c308a20f44e504d71d5b27840b525 img.avia_image{\nbox-shadow:none;\n}\n.avia-image-container.av-wtwss-ca8c308a20f44e504d71d5b27840b525 .av-image-caption-overlay-center{\ncolor:#ffffff;\n}\n<\/style>\n<div  class='avia-image-container av-wtwss-ca8c308a20f44e504d71d5b27840b525 av-styling- avia-align-center  avia-builder-el-10  avia-builder-el-no-sibling '   itemprop=\"image\" itemscope=\"itemscope\" itemtype=\"https:\/\/schema.org\/ImageObject\" ><div class=\"avia-image-container-inner\"><div class=\"avia-image-overlay-wrap\"><img decoding=\"async\" fetchpriority=\"high\" class='wp-image-717 avia-img-lazy-loading-not-717 avia_image ' src=\"https:\/\/www.teanaulodge.com\/wp-content\/uploads\/2015\/01\/Featured-by-Lonely-Planet-2015-Sticker.gif\" alt='' title='Featured by Lonely Planet 2015 Sticker'  height=\"283\" width=\"283\"  itemprop=\"thumbnailUrl\"  \/><\/div><\/div><\/div><\/div>\n\n<style type=\"text\/css\" data-created_by=\"avia_inline_auto\" id=\"style-css-av-e9xqc-f31ff88dbafacdfa3bc6265e381182a1\">\n.flex_column.av-e9xqc-f31ff88dbafacdfa3bc6265e381182a1{\nborder-radius:0px 0px 0px 0px;\npadding:0px 0px 0px 0px;\n}\n<\/style>\n<div  class='flex_column av-e9xqc-f31ff88dbafacdfa3bc6265e381182a1 av_one_fourth  avia-builder-el-11  el_after_av_one_fourth  el_before_av_hr  flex_column_div av-zero-column-padding  column-top-margin'     ><p><div  class='avia-builder-widget-area clearfix  avia-builder-el-12  el_before_av_codeblock  avia-builder-el-first '><section id=\"avia_fb_likebox-2\" class=\"widget clearfix avia-widget-container avia_fb_likebox avia_no_block_preview\"><div class=\"avia-preview-headline\">TeanauLodge V2 Likebox Facebook<\/div><div class=\"avia-preview-info\">Titre : <\/div><div class=\"avia-preview-info\">URL : https:\/\/www.facebook.com\/TeAnauLodge<\/div><div class=\"avia-preview-in-front\">Le contenu n\u2019est restitu\u00e9 qu\u2019en partie publique.<\/div><span class=\"seperator extralight-border\"><\/span><\/section><\/div><br \/>\n<\/p><\/div>\n<div  class='hr av-av_hr-23b3846cdd0fbd0e234720a594f6db24 hr-default  avia-builder-el-14  el_after_av_one_fourth  el_before_av_two_fifth '><span class='hr-inner '><span class=\"hr-inner-style\"><\/span><\/span><\/div>\n<div  class='flex_column av-av_two_fifth-516b7eac7a9c6cd1b746245801c7486c av_two_fifth  avia-builder-el-15  el_after_av_hr  el_before_av_social_share  first flex_column_div  '     ><p>\n<style type=\"text\/css\" data-created_by=\"avia_inline_auto\" id=\"style-css-av-av_heading-f8969e039252170c0783e414a3c8e122\">\n#top .av-special-heading.av-av_heading-f8969e039252170c0783e414a3c8e122{\npadding-bottom:10px;\n}\nbody .av-special-heading.av-av_heading-f8969e039252170c0783e414a3c8e122 .av-special-heading-tag .heading-char{\nfont-size:25px;\n}\n.av-special-heading.av-av_heading-f8969e039252170c0783e414a3c8e122 .av-subheading{\nfont-size:15px;\n}\n<\/style>\n<div  class='av-special-heading av-av_heading-f8969e039252170c0783e414a3c8e122 av-special-heading-h2 blockquote modern-quote  avia-builder-el-16  el_before_av_codeblock  avia-builder-el-first '><h2 class='av-special-heading-tag '  itemprop=\"headline\"  >Client Reviews<\/h2><div class=\"special-heading-border\"><div class=\"special-heading-inner-border\"><\/div><\/div><\/div><br \/>\n<\/p><\/div>\n<div  class='av-social-sharing-box av-av_social_share-5a79b1e181c9c22c4b0dc989bf2aa4eb av-social-sharing-box-rounded  avia-builder-el-18  el_after_av_two_fifth  avia-builder-el-last  av-social-sharing-box-color-bg av-social-sharing-box-fullwidth'><div class=\"av-share-box\"><ul class=\"av-share-box-list noLightbox\"><li class='av-share-link av-social-link-facebook' ><a target=\"_blank\" aria-label=\"Partager sur Facebook\" href='https:\/\/www.facebook.com\/sharer.php?u=https:\/\/www.teanaulodge.com\/fr\/&#038;t=Accueil' aria-hidden='false' data-av_icon='\ue8f3' data-av_iconfont='entypo-fontello' title='' data-avia-related-tooltip='Partager sur Facebook' rel=\"noopener\"><span class='avia_hidden_link_text'>Partager sur Facebook<\/span><\/a><\/li><li class='av-share-link av-social-link-twitter' ><a target=\"_blank\" aria-label=\"Partager sur X\" href='https:\/\/twitter.com\/share?text=Accueil&#038;url=https:\/\/www.teanaulodge.com\/fr\/' aria-hidden='false' data-av_icon='\ue932' data-av_iconfont='entypo-fontello' title='' data-avia-related-tooltip='Partager sur X' rel=\"noopener\"><span class='avia_hidden_link_text'>Partager sur X<\/span><\/a><\/li><li class='av-share-link av-social-link-pinterest' ><a target=\"_blank\" aria-label=\"Partager sur Pinterest\" href='https:\/\/pinterest.com\/pin\/create\/button\/?url=https%3A%2F%2Fwww.teanaulodge.com%2Ffr%2F&#038;description=Accueil&#038;media=' aria-hidden='false' data-av_icon='\ue8f8' data-av_iconfont='entypo-fontello' title='' data-avia-related-tooltip='Partager sur Pinterest' rel=\"noopener\"><span class='avia_hidden_link_text'>Partager sur Pinterest<\/span><\/a><\/li><li class='av-share-link av-social-link-linkedin' ><a target=\"_blank\" aria-label=\"Partager sur LinkedIn\" href='https:\/\/linkedin.com\/shareArticle?mini=true&#038;title=Accueil&#038;url=https:\/\/www.teanaulodge.com\/fr\/' aria-hidden='false' data-av_icon='\ue8fc' data-av_iconfont='entypo-fontello' title='' data-avia-related-tooltip='Partager sur LinkedIn' rel=\"noopener\"><span class='avia_hidden_link_text'>Partager sur LinkedIn<\/span><\/a><\/li><li class='av-share-link av-social-link-tumblr' ><a target=\"_blank\" aria-label=\"Partager sur Tumblr\" href='https:\/\/www.tumblr.com\/share\/link?url=https%3A%2F%2Fwww.teanaulodge.com%2Ffr%2F&#038;name=Accueil&#038;description=' aria-hidden='false' data-av_icon='\ue8fa' data-av_iconfont='entypo-fontello' title='' data-avia-related-tooltip='Partager sur Tumblr' rel=\"noopener\"><span class='avia_hidden_link_text'>Partager sur Tumblr<\/span><\/a><\/li><li class='av-share-link av-social-link-vk' ><a target=\"_blank\" aria-label=\"Partager sur Vk\" href='https:\/\/vk.com\/share.php?url=https:\/\/www.teanaulodge.com\/fr\/' aria-hidden='false' data-av_icon='\ue926' data-av_iconfont='entypo-fontello' title='' data-avia-related-tooltip='Partager sur Vk' rel=\"noopener\"><span class='avia_hidden_link_text'>Partager sur Vk<\/span><\/a><\/li><li class='av-share-link av-social-link-reddit' ><a target=\"_blank\" aria-label=\"Partager sur Reddit\" href='https:\/\/reddit.com\/submit?url=https:\/\/www.teanaulodge.com\/fr\/&#038;title=Accueil' aria-hidden='false' data-av_icon='\ue927' data-av_iconfont='entypo-fontello' title='' data-avia-related-tooltip='Partager sur Reddit' rel=\"noopener\"><span class='avia_hidden_link_text'>Partager sur Reddit<\/span><\/a><\/li><li class='av-share-link av-social-link-mail' ><a  aria-label=\"Partager par Mail\" href='mailto:?subject=Accueil&#038;body=https:\/\/www.teanaulodge.com\/fr\/' aria-hidden='false' data-av_icon='\ue805' data-av_iconfont='entypo-fontello' title='' data-avia-related-tooltip='Partager par Mail'><span class='avia_hidden_link_text'>Partager par Mail<\/span><\/a><\/li><\/ul><\/div><\/div>\n","protected":false},"excerpt":{"rendered":"","protected":false},"author":1,"featured_media":0,"parent":0,"menu_order":0,"comment_status":"closed","ping_status":"closed","template":"","meta":{"footnotes":""},"class_list":["post-244","page","type-page","status-publish","hentry"],"_links":{"self":[{"href":"https:\/\/www.teanaulodge.com\/fr\/wp-json\/wp\/v2\/pages\/244"}],"collection":[{"href":"https:\/\/www.teanaulodge.com\/fr\/wp-json\/wp\/v2\/pages"}],"about":[{"href":"https:\/\/www.teanaulodge.com\/fr\/wp-json\/wp\/v2\/types\/page"}],"author":[{"embeddable":true,"href":"https:\/\/www.teanaulodge.com\/fr\/wp-json\/wp\/v2\/users\/1"}],"replies":[{"embeddable":true,"href":"https:\/\/www.teanaulodge.com\/fr\/wp-json\/wp\/v2\/comments?post=244"}],"version-history":[{"count":16,"href":"https:\/\/www.teanaulodge.com\/fr\/wp-json\/wp\/v2\/pages\/244\/revisions"}],"predecessor-version":[{"id":3519,"href":"https:\/\/www.teanaulodge.com\/fr\/wp-json\/wp\/v2\/pages\/244\/revisions\/3519"}],"wp:attachment":[{"href":"https:\/\/www.teanaulodge.com\/fr\/wp-json\/wp\/v2\/media?parent=244"}],"curies":[{"name":"wp","href":"https:\/\/api.w.org\/{rel}","templated":true}]}}