{"id":237,"date":"2015-01-25T20:28:15","date_gmt":"2015-01-25T20:28:15","guid":{"rendered":"http:\/\/www.teanaulodge.com\/?page_id=237"},"modified":"2025-07-14T22:17:42","modified_gmt":"2025-07-14T22:17:42","slug":"about-us","status":"publish","type":"page","link":"https:\/\/www.teanaulodge.com\/fr\/about-us\/","title":{"rendered":"Qui sommes-nous ?"},"content":{"rendered":"<div id='layer_slider_1'  class='avia-layerslider main_color avia-shadow  avia-builder-el-0  el_before_av_heading  avia-builder-el-first  container_wrap sidebar_right'  style='height: 151px;'  ><\/div><div id='after_layer_slider_1'  class='main_color av_default_container_wrap container_wrap sidebar_right'  ><div class='container av-section-cont-open' ><div class='template-page content  av-content-small alpha units'><div class='post-entry post-entry-type-page post-entry-237'><div class='entry-content-wrapper clearfix'>\n\n<style type=\"text\/css\" data-created_by=\"avia_inline_auto\" id=\"style-css-av-frr85-5472143752de21a4b4b8ef15ea6808f1\">\n#top .av-special-heading.av-frr85-5472143752de21a4b4b8ef15ea6808f1{\npadding-bottom:10px;\n}\nbody .av-special-heading.av-frr85-5472143752de21a4b4b8ef15ea6808f1 .av-special-heading-tag .heading-char{\nfont-size:25px;\n}\n.av-special-heading.av-frr85-5472143752de21a4b4b8ef15ea6808f1 .av-subheading{\nfont-size:15px;\n}\n<\/style>\n<div  class='av-special-heading av-frr85-5472143752de21a4b4b8ef15ea6808f1 av-special-heading-h2 blockquote modern-quote  avia-builder-el-1  el_after_av_layerslider  el_before_av_textblock  avia-builder-el-first '><h2 class='av-special-heading-tag '  itemprop=\"headline\"  >Te Anau Lodge &#8211; Parlons de nous<\/h2><div class=\"special-heading-border\"><div class=\"special-heading-inner-border\"><\/div><\/div><\/div>\n<section  class='av_textblock_section av-22bjml-863675c8fe5663241cd8b0d9e407d2de '   itemscope=\"itemscope\" itemtype=\"https:\/\/schema.org\/CreativeWork\" ><div class='avia_textblock'  itemprop=\"text\" ><p style=\"text-align: justify;\"><a href=\"http:\/\/www.teanaulodge.com\/wp-content\/uploads\/2015\/01\/teanaulodge94.jpg\"><img loading=\"lazy\" decoding=\"async\" class=\"alignright size-full wp-image-121\" src=\"http:\/\/www.teanaulodge.com\/wp-content\/uploads\/2015\/01\/teanaulodge94.jpg\" alt=\"teanaulodge94\" width=\"300\" height=\"450\" srcset=\"https:\/\/www.teanaulodge.com\/wp-content\/uploads\/2015\/01\/teanaulodge94.jpg 300w, https:\/\/www.teanaulodge.com\/wp-content\/uploads\/2015\/01\/teanaulodge94-200x300.jpg 200w\" sizes=\"(max-width: 300px) 100vw, 300px\" \/><\/a>Nous sommes heureux de vous offrir une chance unique de venir et de s\u00e9journer chez nous, ici au Te Anau Lodge, dans notre ancien couvent, restaur\u00e9 avec amour.<\/p>\n<p>Au Te Anau Lodge nous nous sommes efforc\u00e9s de cr\u00e9er une ambiance familiale, chaleureuse et accueillante o\u00f9 vous pourrez vous d\u00e9tendre et vous reposer, soit en compagnie d&rsquo;autres visiteurs, soit dans la solitude si c&rsquo;est elle que vous recherchez.<\/p>\n<p>Construit en 1936 et transport\u00e9 \u00e0 Te Anau depuis les environs de Nightcaps, \u00e0 une centaine de kilom\u00e8tres, l&rsquo;ancien couvent des s\u0153urs de la Mis\u00e9ricorde est situ\u00e9 \u00e0 la sortie nord de Te Anau, dans un environnement de lacs et de montagnes \u00e0 couper le souffle. L&#8217;emplacement du lodge lui conf\u00e8re calme et s\u00e9r\u00e9nit\u00e9, bien qu&rsquo;\u00e0 15 minutes \u00e0 pied du centre du village de Te Anau.<\/p>\n<p>L&rsquo;int\u00e9rieur conserve les boiseries en ch\u00eane patin\u00e9es, les lambris en rimu &#8211; le pin rouge du pays &#8211; et son parquet cir\u00e9. Le mobilier tout comme la d\u00e9coration sont en grande partie d&rsquo;\u00e9poque.<\/p>\n<p>Peut-\u00eatre souhaiterez-vous vous d\u00e9tendre dans la biblioth\u00e8que qui offre une magnifique vue sur le lac\u00a0 et les montagnes de Murchison &#8211; l\u00e0 o\u00f9 niche le Takahe &#8211; l&rsquo;un des oiseaux les plus rares de la Nouvelle-Z\u00e9lande.<br \/>\nTh\u00e9 et caf\u00e9 y sont \u00e0 votre disposition ainsi que des g\u00e2teaux, disponibles \u00e0 tout moment.<\/p>\n<p>Les petits-d\u00e9jeuners vous seront servis dans l&rsquo;ancienne chapelle, avec ses vitraux. Parcourir les jardins, admirer les couchers de soleil et observer les \u00e9toiles font partie du s\u00e9jour.<\/p>\n<p>Quelle que soit l&rsquo;optique de votre s\u00e9jour, le plus important c&rsquo;est que vous vous y sentiez comme chez vous. Nous sommes l\u00e0 pour rendre votre s\u00e9jour inoubliable et pour vous faire profiter de notre ample connaissance de la r\u00e9gion.<\/p>\n<\/div><\/section>\n\n<style type=\"text\/css\" data-created_by=\"avia_inline_auto\" id=\"style-css-av-a0d6d-e2ab54b03a910f7e13ecdbfb20ad4151\">\n#top .av-special-heading.av-a0d6d-e2ab54b03a910f7e13ecdbfb20ad4151{\npadding-bottom:10px;\n}\nbody .av-special-heading.av-a0d6d-e2ab54b03a910f7e13ecdbfb20ad4151 .av-special-heading-tag .heading-char{\nfont-size:25px;\n}\n.av-special-heading.av-a0d6d-e2ab54b03a910f7e13ecdbfb20ad4151 .av-subheading{\nfont-size:15px;\n}\n<\/style>\n<div  class='av-special-heading av-a0d6d-e2ab54b03a910f7e13ecdbfb20ad4151 av-special-heading-h2 blockquote modern-quote  avia-builder-el-3  el_after_av_textblock  el_before_av_three_fifth '><h2 class='av-special-heading-tag '  itemprop=\"headline\"  >Services<\/h2><div class=\"special-heading-border\"><div class=\"special-heading-inner-border\"><\/div><\/div><\/div>\n<div  class='flex_column av-1sokvx-42322168a931dd268409560d37f8e39b av_three_fifth  avia-builder-el-4  el_after_av_heading  el_before_av_two_fifth  first flex_column_div  '     ><section  class='av_textblock_section av-1kluu5-cb2c4198b9ea12f5d0f9b7e42097aad7 '   itemscope=\"itemscope\" itemtype=\"https:\/\/schema.org\/CreativeWork\" ><div class='avia_textblock'  itemprop=\"text\" ><ul>\n<li style=\"list-style-type: none;\">\n<ul>\n<li>Petit-d\u00e9jeuner complet servi dans la chapelle<\/li>\n<li>Biblioth\u00e8que pour les clients avec chemin\u00e9e, th\u00e9\/caf\u00e9, petits g\u00e2teaux, TV, lecteur DVD, ouvrages \u00e0 consulter, jeux\u00a0; vue sur le lac et la montagne<\/li>\n<li>Patio avec barbecue, lieu id\u00e9al pour observer les \u00e9toiles<\/li>\n<li>Rafra\u00eechissements offerts<\/li>\n<li>S\u00e8che-cheveux, n\u00e9cessaires de toilette, radiateurs s\u00e8che-serviettes et miroirs antibu\u00e9e<\/li>\n<li>Chauffage central<\/li>\n<li>T\u00e9l\u00e9phone et acc\u00e8s Wifi gratuit<\/li>\n<li>Service de buanderie et consigne \u00e0 bagages<\/li>\n<li>R\u00e9servations des activit\u00e9s locales<\/li>\n<li>On-site parking<\/li>\n<li>V\u00e9los VTC \u00e0 disposition des clients<\/li>\n<li>Paiement par carte de cr\u00e9dit et Eftpos<\/li>\n<\/ul>\n<\/li>\n<\/ul>\n<\/div><\/section><\/div>\n\n<style type=\"text\/css\" data-created_by=\"avia_inline_auto\" id=\"style-css-av-1ggmx9-900f7115fd1cfa310b3973f003870deb\">\n.flex_column.av-1ggmx9-900f7115fd1cfa310b3973f003870deb{\nborder-radius:0px 0px 0px 0px;\npadding:0px 0px 0px 0px;\n}\n<\/style>\n<div  class='flex_column av-1ggmx9-900f7115fd1cfa310b3973f003870deb av_two_fifth  avia-builder-el-6  el_after_av_three_fifth  avia-builder-el-last  flex_column_div av-zero-column-padding  '     ><div  class='avia-slideshow av-1adey5-10a7bf44dba1e3fca18fc2d5aae939c4 avia-slideshow-no scaling av_slideshow avia-slide-slider  avia-builder-el-7  avia-builder-el-no-sibling  av-slideshow-ui av-control-minimal av-slideshow-autoplay av-loop-endless av-loop-manual-endless av-default-height-applied avia-slideshow-1' data-slideshow-options=\"{&quot;animation&quot;:&quot;slide&quot;,&quot;autoplay&quot;:true,&quot;loop_autoplay&quot;:&quot;endless&quot;,&quot;interval&quot;:5,&quot;loop_manual&quot;:&quot;manual-endless&quot;,&quot;autoplay_stopper&quot;:false,&quot;noNavigation&quot;:false,&quot;bg_slider&quot;:false,&quot;keep_padding&quot;:false,&quot;hoverpause&quot;:false,&quot;show_slide_delay&quot;:0}\"  itemprop=\"image\" itemscope=\"itemscope\" itemtype=\"https:\/\/schema.org\/ImageObject\" ><ul class='avia-slideshow-inner ' style='padding-bottom: 66.6796875%;'><li  class='avia-slideshow-slide av-1adey5-10a7bf44dba1e3fca18fc2d5aae939c4__0  slide-1 slide-odd'><div data-rel='slideshow-1' class='avia-slide-wrap '   ><img decoding=\"async\" fetchpriority=\"high\" class=\"wp-image-3014 avia-img-lazy-loading-not-3014\"  src=\"https:\/\/www.teanaulodge.com\/wp-content\/uploads\/2025\/04\/IMG_4786-scaled.jpg\" width=\"2560\" height=\"1707\" title='IMG_4786' alt=''  itemprop=\"thumbnailUrl\" srcset=\"https:\/\/www.teanaulodge.com\/wp-content\/uploads\/2025\/04\/IMG_4786-scaled.jpg 2560w, https:\/\/www.teanaulodge.com\/wp-content\/uploads\/2025\/04\/IMG_4786-300x200.jpg 300w, https:\/\/www.teanaulodge.com\/wp-content\/uploads\/2025\/04\/IMG_4786-1030x687.jpg 1030w, https:\/\/www.teanaulodge.com\/wp-content\/uploads\/2025\/04\/IMG_4786-768x512.jpg 768w, https:\/\/www.teanaulodge.com\/wp-content\/uploads\/2025\/04\/IMG_4786-1536x1024.jpg 1536w, https:\/\/www.teanaulodge.com\/wp-content\/uploads\/2025\/04\/IMG_4786-2048x1365.jpg 2048w, https:\/\/www.teanaulodge.com\/wp-content\/uploads\/2025\/04\/IMG_4786-1500x1000.jpg 1500w, https:\/\/www.teanaulodge.com\/wp-content\/uploads\/2025\/04\/IMG_4786-705x470.jpg 705w\" sizes=\"(max-width: 2560px) 100vw, 2560px\" \/><\/div><\/li><li  class='avia-slideshow-slide av-1adey5-10a7bf44dba1e3fca18fc2d5aae939c4__1  slide-2 slide-even'><div data-rel='slideshow-1' class='avia-slide-wrap '   ><img decoding=\"async\" fetchpriority=\"high\" class=\"wp-image-1695 avia-img-lazy-loading-not-1695\"  src=\"https:\/\/www.teanaulodge.com\/wp-content\/uploads\/2025\/04\/IMG_3867.jpg\" width=\"6000\" height=\"4000\" title='IMG_3867' alt=''  itemprop=\"thumbnailUrl\" srcset=\"https:\/\/www.teanaulodge.com\/wp-content\/uploads\/2025\/04\/IMG_3867.jpg 6000w, https:\/\/www.teanaulodge.com\/wp-content\/uploads\/2025\/04\/IMG_3867-300x200.jpg 300w, https:\/\/www.teanaulodge.com\/wp-content\/uploads\/2025\/04\/IMG_3867-768x512.jpg 768w, https:\/\/www.teanaulodge.com\/wp-content\/uploads\/2025\/04\/IMG_3867-1030x687.jpg 1030w, https:\/\/www.teanaulodge.com\/wp-content\/uploads\/2025\/04\/IMG_3867-1500x1000.jpg 1500w, https:\/\/www.teanaulodge.com\/wp-content\/uploads\/2025\/04\/IMG_3867-705x470.jpg 705w, https:\/\/www.teanaulodge.com\/wp-content\/uploads\/2025\/04\/IMG_3867-450x300.jpg 450w\" sizes=\"(max-width: 6000px) 100vw, 6000px\" \/><\/div><\/li><li  class='avia-slideshow-slide av-1adey5-10a7bf44dba1e3fca18fc2d5aae939c4__2  slide-3 slide-odd'><div data-rel='slideshow-1' class='avia-slide-wrap '   ><img decoding=\"async\" fetchpriority=\"high\" class=\"wp-image-2859 avia-img-lazy-loading-not-2859\"  src=\"https:\/\/www.teanaulodge.com\/wp-content\/uploads\/2025\/04\/IMG_4682-scaled.jpg\" width=\"2560\" height=\"1437\" title='IMG_4682' alt=''  itemprop=\"thumbnailUrl\" srcset=\"https:\/\/www.teanaulodge.com\/wp-content\/uploads\/2025\/04\/IMG_4682-scaled.jpg 2560w, https:\/\/www.teanaulodge.com\/wp-content\/uploads\/2025\/04\/IMG_4682-300x168.jpg 300w, https:\/\/www.teanaulodge.com\/wp-content\/uploads\/2025\/04\/IMG_4682-1030x578.jpg 1030w, https:\/\/www.teanaulodge.com\/wp-content\/uploads\/2025\/04\/IMG_4682-768x431.jpg 768w, https:\/\/www.teanaulodge.com\/wp-content\/uploads\/2025\/04\/IMG_4682-1536x862.jpg 1536w, https:\/\/www.teanaulodge.com\/wp-content\/uploads\/2025\/04\/IMG_4682-2048x1150.jpg 2048w, https:\/\/www.teanaulodge.com\/wp-content\/uploads\/2025\/04\/IMG_4682-1500x842.jpg 1500w, https:\/\/www.teanaulodge.com\/wp-content\/uploads\/2025\/04\/IMG_4682-705x396.jpg 705w\" sizes=\"(max-width: 2560px) 100vw, 2560px\" \/><\/div><\/li><li  class='avia-slideshow-slide av-1adey5-10a7bf44dba1e3fca18fc2d5aae939c4__3  slide-4 slide-even'><div data-rel='slideshow-1' class='avia-slide-wrap '   ><img decoding=\"async\" fetchpriority=\"high\" class=\"wp-image-3416 avia-img-lazy-loading-not-3416\"  src=\"https:\/\/www.teanaulodge.com\/wp-content\/uploads\/2025\/04\/IMG_5051-scaled.jpg\" width=\"2560\" height=\"1707\" title='IMG_5051' alt=''  itemprop=\"thumbnailUrl\" srcset=\"https:\/\/www.teanaulodge.com\/wp-content\/uploads\/2025\/04\/IMG_5051-scaled.jpg 2560w, https:\/\/www.teanaulodge.com\/wp-content\/uploads\/2025\/04\/IMG_5051-300x200.jpg 300w, https:\/\/www.teanaulodge.com\/wp-content\/uploads\/2025\/04\/IMG_5051-1030x687.jpg 1030w, https:\/\/www.teanaulodge.com\/wp-content\/uploads\/2025\/04\/IMG_5051-768x512.jpg 768w, https:\/\/www.teanaulodge.com\/wp-content\/uploads\/2025\/04\/IMG_5051-1536x1024.jpg 1536w, https:\/\/www.teanaulodge.com\/wp-content\/uploads\/2025\/04\/IMG_5051-2048x1365.jpg 2048w, https:\/\/www.teanaulodge.com\/wp-content\/uploads\/2025\/04\/IMG_5051-1500x1000.jpg 1500w, https:\/\/www.teanaulodge.com\/wp-content\/uploads\/2025\/04\/IMG_5051-705x470.jpg 705w\" sizes=\"(max-width: 2560px) 100vw, 2560px\" \/><\/div><\/li><li  class='avia-slideshow-slide av-1adey5-10a7bf44dba1e3fca18fc2d5aae939c4__4  slide-5 slide-odd'><div data-rel='slideshow-1' class='avia-slide-wrap '   ><img decoding=\"async\" fetchpriority=\"high\" class=\"wp-image-2871 avia-img-lazy-loading-not-2871\"  src=\"https:\/\/www.teanaulodge.com\/wp-content\/uploads\/2025\/04\/IMG_4698-scaled.jpg\" width=\"2560\" height=\"1707\" title='IMG_4698' alt=''  itemprop=\"thumbnailUrl\" srcset=\"https:\/\/www.teanaulodge.com\/wp-content\/uploads\/2025\/04\/IMG_4698-scaled.jpg 2560w, https:\/\/www.teanaulodge.com\/wp-content\/uploads\/2025\/04\/IMG_4698-300x200.jpg 300w, https:\/\/www.teanaulodge.com\/wp-content\/uploads\/2025\/04\/IMG_4698-1030x687.jpg 1030w, https:\/\/www.teanaulodge.com\/wp-content\/uploads\/2025\/04\/IMG_4698-768x512.jpg 768w, https:\/\/www.teanaulodge.com\/wp-content\/uploads\/2025\/04\/IMG_4698-1536x1024.jpg 1536w, https:\/\/www.teanaulodge.com\/wp-content\/uploads\/2025\/04\/IMG_4698-2048x1365.jpg 2048w, https:\/\/www.teanaulodge.com\/wp-content\/uploads\/2025\/04\/IMG_4698-1500x1000.jpg 1500w, https:\/\/www.teanaulodge.com\/wp-content\/uploads\/2025\/04\/IMG_4698-705x470.jpg 705w\" sizes=\"(max-width: 2560px) 100vw, 2560px\" \/><\/div><\/li><li  class='avia-slideshow-slide av-1adey5-10a7bf44dba1e3fca18fc2d5aae939c4__5  slide-6 slide-even'><div data-rel='slideshow-1' class='avia-slide-wrap '   ><img decoding=\"async\" fetchpriority=\"high\" class=\"wp-image-2847 avia-img-lazy-loading-not-2847\"  src=\"https:\/\/www.teanaulodge.com\/wp-content\/uploads\/2025\/04\/IMG_4673-scaled.jpg\" width=\"2560\" height=\"1707\" title='IMG_4673' alt=''  itemprop=\"thumbnailUrl\" srcset=\"https:\/\/www.teanaulodge.com\/wp-content\/uploads\/2025\/04\/IMG_4673-scaled.jpg 2560w, https:\/\/www.teanaulodge.com\/wp-content\/uploads\/2025\/04\/IMG_4673-300x200.jpg 300w, https:\/\/www.teanaulodge.com\/wp-content\/uploads\/2025\/04\/IMG_4673-1030x687.jpg 1030w, https:\/\/www.teanaulodge.com\/wp-content\/uploads\/2025\/04\/IMG_4673-768x512.jpg 768w, https:\/\/www.teanaulodge.com\/wp-content\/uploads\/2025\/04\/IMG_4673-1536x1024.jpg 1536w, https:\/\/www.teanaulodge.com\/wp-content\/uploads\/2025\/04\/IMG_4673-2048x1365.jpg 2048w, https:\/\/www.teanaulodge.com\/wp-content\/uploads\/2025\/04\/IMG_4673-1500x1000.jpg 1500w, https:\/\/www.teanaulodge.com\/wp-content\/uploads\/2025\/04\/IMG_4673-705x470.jpg 705w\" sizes=\"(max-width: 2560px) 100vw, 2560px\" \/><\/div><\/li><li  class='avia-slideshow-slide av-1adey5-10a7bf44dba1e3fca18fc2d5aae939c4__6  slide-7 slide-odd'><div data-rel='slideshow-1' class='avia-slide-wrap '   ><img decoding=\"async\" fetchpriority=\"high\" class=\"wp-image-1719 avia-img-lazy-loading-not-1719\"  src=\"https:\/\/www.teanaulodge.com\/wp-content\/uploads\/2025\/04\/IMG_3806.jpg\" width=\"6000\" height=\"4000\" title='IMG_3806' alt=''  itemprop=\"thumbnailUrl\" srcset=\"https:\/\/www.teanaulodge.com\/wp-content\/uploads\/2025\/04\/IMG_3806.jpg 6000w, https:\/\/www.teanaulodge.com\/wp-content\/uploads\/2025\/04\/IMG_3806-300x200.jpg 300w, https:\/\/www.teanaulodge.com\/wp-content\/uploads\/2025\/04\/IMG_3806-768x512.jpg 768w, https:\/\/www.teanaulodge.com\/wp-content\/uploads\/2025\/04\/IMG_3806-1030x687.jpg 1030w, https:\/\/www.teanaulodge.com\/wp-content\/uploads\/2025\/04\/IMG_3806-1500x1000.jpg 1500w, https:\/\/www.teanaulodge.com\/wp-content\/uploads\/2025\/04\/IMG_3806-705x470.jpg 705w, https:\/\/www.teanaulodge.com\/wp-content\/uploads\/2025\/04\/IMG_3806-450x300.jpg 450w\" sizes=\"(max-width: 6000px) 100vw, 6000px\" \/><\/div><\/li><li  class='avia-slideshow-slide av-1adey5-10a7bf44dba1e3fca18fc2d5aae939c4__7  slide-8 slide-even'><div data-rel='slideshow-1' class='avia-slide-wrap '   ><img decoding=\"async\" fetchpriority=\"high\" class=\"wp-image-1737 avia-img-lazy-loading-not-1737\"  src=\"https:\/\/www.teanaulodge.com\/wp-content\/uploads\/2025\/04\/IMG_3829.jpg\" width=\"6000\" height=\"4000\" title='IMG_3829' alt=''  itemprop=\"thumbnailUrl\" srcset=\"https:\/\/www.teanaulodge.com\/wp-content\/uploads\/2025\/04\/IMG_3829.jpg 6000w, https:\/\/www.teanaulodge.com\/wp-content\/uploads\/2025\/04\/IMG_3829-300x200.jpg 300w, https:\/\/www.teanaulodge.com\/wp-content\/uploads\/2025\/04\/IMG_3829-768x512.jpg 768w, https:\/\/www.teanaulodge.com\/wp-content\/uploads\/2025\/04\/IMG_3829-1030x687.jpg 1030w, https:\/\/www.teanaulodge.com\/wp-content\/uploads\/2025\/04\/IMG_3829-1500x1000.jpg 1500w, https:\/\/www.teanaulodge.com\/wp-content\/uploads\/2025\/04\/IMG_3829-705x470.jpg 705w, https:\/\/www.teanaulodge.com\/wp-content\/uploads\/2025\/04\/IMG_3829-450x300.jpg 450w\" sizes=\"(max-width: 6000px) 100vw, 6000px\" \/><\/div><\/li><li  class='avia-slideshow-slide av-1adey5-10a7bf44dba1e3fca18fc2d5aae939c4__8  slide-9 slide-odd'><div data-rel='slideshow-1' class='avia-slide-wrap '   ><img decoding=\"async\" fetchpriority=\"high\" class=\"wp-image-3026 avia-img-lazy-loading-not-3026\"  src=\"https:\/\/www.teanaulodge.com\/wp-content\/uploads\/2025\/04\/IMG_4791-scaled.jpg\" width=\"2560\" height=\"1707\" title='IMG_4791' alt=''  itemprop=\"thumbnailUrl\" srcset=\"https:\/\/www.teanaulodge.com\/wp-content\/uploads\/2025\/04\/IMG_4791-scaled.jpg 2560w, https:\/\/www.teanaulodge.com\/wp-content\/uploads\/2025\/04\/IMG_4791-300x200.jpg 300w, https:\/\/www.teanaulodge.com\/wp-content\/uploads\/2025\/04\/IMG_4791-1030x687.jpg 1030w, https:\/\/www.teanaulodge.com\/wp-content\/uploads\/2025\/04\/IMG_4791-768x512.jpg 768w, https:\/\/www.teanaulodge.com\/wp-content\/uploads\/2025\/04\/IMG_4791-1536x1024.jpg 1536w, https:\/\/www.teanaulodge.com\/wp-content\/uploads\/2025\/04\/IMG_4791-2048x1365.jpg 2048w, https:\/\/www.teanaulodge.com\/wp-content\/uploads\/2025\/04\/IMG_4791-1500x1000.jpg 1500w, https:\/\/www.teanaulodge.com\/wp-content\/uploads\/2025\/04\/IMG_4791-705x470.jpg 705w\" sizes=\"(max-width: 2560px) 100vw, 2560px\" \/><\/div><\/li><li  class='avia-slideshow-slide av-1adey5-10a7bf44dba1e3fca18fc2d5aae939c4__9  slide-10 slide-even'><div data-rel='slideshow-1' class='avia-slide-wrap '   ><img decoding=\"async\" fetchpriority=\"high\" class=\"wp-image-3272 avia-img-lazy-loading-not-3272\"  src=\"https:\/\/www.teanaulodge.com\/wp-content\/uploads\/2025\/04\/IMG_4947-scaled.jpg\" width=\"2560\" height=\"1707\" title='IMG_4947' alt=''  itemprop=\"thumbnailUrl\" srcset=\"https:\/\/www.teanaulodge.com\/wp-content\/uploads\/2025\/04\/IMG_4947-scaled.jpg 2560w, https:\/\/www.teanaulodge.com\/wp-content\/uploads\/2025\/04\/IMG_4947-300x200.jpg 300w, https:\/\/www.teanaulodge.com\/wp-content\/uploads\/2025\/04\/IMG_4947-1030x687.jpg 1030w, https:\/\/www.teanaulodge.com\/wp-content\/uploads\/2025\/04\/IMG_4947-768x512.jpg 768w, https:\/\/www.teanaulodge.com\/wp-content\/uploads\/2025\/04\/IMG_4947-1536x1024.jpg 1536w, https:\/\/www.teanaulodge.com\/wp-content\/uploads\/2025\/04\/IMG_4947-2048x1365.jpg 2048w, https:\/\/www.teanaulodge.com\/wp-content\/uploads\/2025\/04\/IMG_4947-1500x1000.jpg 1500w, https:\/\/www.teanaulodge.com\/wp-content\/uploads\/2025\/04\/IMG_4947-705x470.jpg 705w\" sizes=\"(max-width: 2560px) 100vw, 2560px\" \/><\/div><\/li><\/ul><div class='avia-slideshow-arrows avia-slideshow-controls' ><a href='#prev' class='prev-slide ' aria-hidden='true' data-av_icon='\ue87c' data-av_iconfont='entypo-fontello'  tabindex='-1'>Pr\u00e9c\u00e9dent<\/a><a href='#next' class='next-slide ' aria-hidden='true' data-av_icon='\ue87d' data-av_iconfont='entypo-fontello'  tabindex='-1'>Suivant<\/a><\/div><div class='avia-slideshow-dots avia-slideshow-controls'><a href='#1' class='goto-slide active' >1<\/a><a href='#2' class='goto-slide ' >2<\/a><a href='#3' class='goto-slide ' >3<\/a><a href='#4' class='goto-slide ' >4<\/a><a href='#5' class='goto-slide ' >5<\/a><a href='#6' class='goto-slide ' >6<\/a><a href='#7' class='goto-slide ' >7<\/a><a href='#8' class='goto-slide ' >8<\/a><a href='#9' class='goto-slide ' >9<\/a><a href='#10' class='goto-slide ' >10<\/a><\/div><\/div><\/div>\n","protected":false},"excerpt":{"rendered":"","protected":false},"author":1,"featured_media":0,"parent":0,"menu_order":0,"comment_status":"closed","ping_status":"closed","template":"","meta":{"footnotes":""},"class_list":["post-237","page","type-page","status-publish","hentry"],"_links":{"self":[{"href":"https:\/\/www.teanaulodge.com\/fr\/wp-json\/wp\/v2\/pages\/237"}],"collection":[{"href":"https:\/\/www.teanaulodge.com\/fr\/wp-json\/wp\/v2\/pages"}],"about":[{"href":"https:\/\/www.teanaulodge.com\/fr\/wp-json\/wp\/v2\/types\/page"}],"author":[{"embeddable":true,"href":"https:\/\/www.teanaulodge.com\/fr\/wp-json\/wp\/v2\/users\/1"}],"replies":[{"embeddable":true,"href":"https:\/\/www.teanaulodge.com\/fr\/wp-json\/wp\/v2\/comments?post=237"}],"version-history":[{"count":22,"href":"https:\/\/www.teanaulodge.com\/fr\/wp-json\/wp\/v2\/pages\/237\/revisions"}],"predecessor-version":[{"id":3473,"href":"https:\/\/www.teanaulodge.com\/fr\/wp-json\/wp\/v2\/pages\/237\/revisions\/3473"}],"wp:attachment":[{"href":"https:\/\/www.teanaulodge.com\/fr\/wp-json\/wp\/v2\/media?parent=237"}],"curies":[{"name":"wp","href":"https:\/\/api.w.org\/{rel}","templated":true}]}}