{"id":786,"date":"2019-06-16T15:33:24","date_gmt":"2019-06-16T15:33:24","guid":{"rendered":"http:\/\/www.teanaulodge.com\/?page_id=786"},"modified":"2025-07-14T22:27:44","modified_gmt":"2025-07-14T22:27:44","slug":"sobre-nosotros","status":"publish","type":"page","link":"https:\/\/www.teanaulodge.com\/es\/sobre-nosotros\/","title":{"rendered":"Sobre nosotros"},"content":{"rendered":"<div id='layer_slider_1'  class='avia-layerslider main_color avia-shadow  avia-builder-el-0  el_before_av_heading  avia-builder-el-first  container_wrap sidebar_right'  style='height: 151px;'  ><\/div><div id='after_layer_slider_1'  class='main_color av_default_container_wrap container_wrap sidebar_right'  ><div class='container av-section-cont-open' ><div class='template-page content  av-content-small alpha units'><div class='post-entry post-entry-type-page post-entry-786'><div class='entry-content-wrapper clearfix'>\n\n<section  class='av_textblock_section av-7lq02-50e7c1fdc6961a2423edb09e8c21ec6f '   itemscope=\"itemscope\" itemtype=\"https:\/\/schema.org\/CreativeWork\" ><div class='avia_textblock'  itemprop=\"text\" ><p style=\"text-align: justify;\"><a href=\"http:\/\/www.teanaulodge.com\/wp-content\/uploads\/2015\/01\/teanaulodge94.jpg\"><img loading=\"lazy\" decoding=\"async\" class=\"alignright size-full wp-image-121\" src=\"http:\/\/www.teanaulodge.com\/wp-content\/uploads\/2015\/01\/teanaulodge94.jpg\" alt=\"teanaulodge94\" width=\"300\" height=\"450\" srcset=\"https:\/\/www.teanaulodge.com\/wp-content\/uploads\/2015\/01\/teanaulodge94.jpg 300w, https:\/\/www.teanaulodge.com\/wp-content\/uploads\/2015\/01\/teanaulodge94-200x300.jpg 200w\" sizes=\"(max-width: 300px) 100vw, 300px\" \/><\/a>Estamos encantados de ofrecerle una oportunidad \u00fanica de quedaros con nosotros en Te Anau Lodge, nuestro antiguo convento restaurado con amor.<\/p>\n<p>En Te Anau Lodge hemos procurado crear una atmosfera acogedora, donde usted puede relajarse y desconectar en compa\u00f1ia, o solo.<\/p>\n<p>Construido en 1936, y trasladado a Te Anau desde las cercanas de Nightcaps, el antiguo Convento de las Hermanas de la Piedad esta colocado al norte de Te Anau, rodeado por las impresionantes vistas al lago y a la monta\u00f1a.<br \/>\nLa ubicaci\u00f3n del alojamiento est\u00e1 solo a un paseo de 15 minutos del centro de Te Anau.<\/p>\n<p>El interior del Lodge ha sido restaurado meticulosamente. Incluye en su interior revestimiento de madera de roble, tabiques de rimu, suelos de madera pulida y un sin fin de rasgos arquitectonicos de su era.<\/p>\n<p>Usted puede relajarse en la biblioteca, con maravillosas vistas al lago Te Anau y las monta\u00f1as Murchison,\u00a0 cuna del Takahe, uno de los pajaros m\u00e1s extra\u00f1os y a su vez unicos de Nueva Zelanda. Siempre hay disponible tortas de la casa, acompa\u00f1ada de t\u00e9 o caf\u00e9.<\/p>\n<p>En la antigua capilla son servidos los desayunos. Esta capilla tiene una arquitectura muy pequliar.<br \/>\nPasear por los jardines, ver las puestas de sol y finalmente las estrellas, son de las cosas que prefieren nuestros hu\u00e9spedes, por lo que caracteriza el lugar.<\/p>\n<p>Sin embargo, usted \u00e9 el que decide pasar su tiempo con nosotros, y para nosotros lo m\u00e1s importante es que usted se sienta como en casa. Hacemos de que sus vacaciones ser\u00e1n muy especiales, gracias a nuestro conocimiento de la regi\u00f3n.<\/p>\n<\/div><\/section>\n\n<style type=\"text\/css\" data-created_by=\"avia_inline_auto\" id=\"style-css-av-jwz553oe-c598cbc08a92463349f8ccee0641b637\">\n#top .av-special-heading.av-jwz553oe-c598cbc08a92463349f8ccee0641b637{\npadding-bottom:10px;\n}\nbody .av-special-heading.av-jwz553oe-c598cbc08a92463349f8ccee0641b637 .av-special-heading-tag .heading-char{\nfont-size:25px;\n}\n.av-special-heading.av-jwz553oe-c598cbc08a92463349f8ccee0641b637 .av-subheading{\nfont-size:15px;\n}\n<\/style>\n<div  class='av-special-heading av-jwz553oe-c598cbc08a92463349f8ccee0641b637 av-special-heading-h2 blockquote modern-quote  avia-builder-el-3  el_after_av_textblock  el_before_av_three_fifth '><h2 class='av-special-heading-tag '  itemprop=\"headline\"  >Instalaciones<\/h2><div class=\"special-heading-border\"><div class=\"special-heading-inner-border\"><\/div><\/div><\/div>\n<div  class='flex_column av-1qipaq-620d3085a9beb4e45f298742f8a45141 av_three_fifth  avia-builder-el-4  el_after_av_heading  el_before_av_two_fifth  first flex_column_div  '     ><section  class='av_textblock_section av-1kwew2-df5065a8ffc356d8fc804f4d54f906b3 '   itemscope=\"itemscope\" itemtype=\"https:\/\/schema.org\/CreativeWork\" ><div class='avia_textblock'  itemprop=\"text\" ><ul>\n<li style=\"list-style-type: none;\">\n<ul>\n<li>Desayunos muy ricos servidos en la capilla o al aire libre en el patio<\/li>\n<\/ul>\n<\/li>\n<\/ul>\n<ul>\n<li style=\"list-style-type: none;\">\n<ul>\n<li>Biblioteca de Invitados con chimenea, t\u00e9\/caf\u00e9, juegos y ordenador con vistas al lago y a la monta\u00f1a<\/li>\n<\/ul>\n<\/li>\n<\/ul>\n<ul>\n<li style=\"list-style-type: none;\">\n<ul>\n<li>Patio, instalaciones de barbacoa y Star Gazing<\/li>\n<\/ul>\n<\/li>\n<\/ul>\n<ul>\n<li style=\"list-style-type: none;\">\n<ul>\n<li>Refrescos y aperitivos<\/li>\n<\/ul>\n<\/li>\n<\/ul>\n<ul>\n<li style=\"list-style-type: none;\">\n<ul>\n<li>secadores de pelo, articulos de aseo, barra para calientar toallas y espejos calentados.<\/li>\n<\/ul>\n<\/li>\n<\/ul>\n<ul>\n<li style=\"list-style-type: none;\">\n<ul>\n<li>Calefacci\u00f3n central<\/li>\n<\/ul>\n<\/li>\n<\/ul>\n<ul>\n<li style=\"list-style-type: none;\">\n<ul>\n<li>Telefono, wifi<\/li>\n<\/ul>\n<\/li>\n<\/ul>\n<ul>\n<li style=\"list-style-type: none;\">\n<ul>\n<li>reservas de actividades locales<\/li>\n<\/ul>\n<\/li>\n<\/ul>\n<ul>\n<li style=\"list-style-type: none;\">\n<ul>\n<li>aparcamiento privado y bicicletas a disposici\u00f3n<\/li>\n<\/ul>\n<\/li>\n<\/ul>\n<ul>\n<li style=\"list-style-type: none;\">\n<ul>\n<li>Tarjeta de credito y instalaciones Eftpos<\/li>\n<\/ul>\n<\/li>\n<\/ul>\n<\/div><\/section><\/div>\n<div  class='flex_column av-1h0uyy-8d51bc0397b43c928cafd07f0af534fc av_two_fifth  avia-builder-el-6  el_after_av_three_fifth  avia-builder-el-last  flex_column_div  '     ><div  class='avia-slideshow av-1ah2jm-8dd627ff49915fd439d2b905186fd9fc avia-slideshow-no scaling av_slideshow avia-slide-slider  avia-builder-el-7  avia-builder-el-no-sibling  av-slideshow-ui av-control-minimal av-slideshow-autoplay av-loop-endless av-loop-manual-endless av-default-height-applied avia-slideshow-1' data-slideshow-options=\"{&quot;animation&quot;:&quot;slide&quot;,&quot;autoplay&quot;:true,&quot;loop_autoplay&quot;:&quot;endless&quot;,&quot;interval&quot;:5,&quot;loop_manual&quot;:&quot;manual-endless&quot;,&quot;autoplay_stopper&quot;:false,&quot;noNavigation&quot;:false,&quot;bg_slider&quot;:false,&quot;keep_padding&quot;:false,&quot;hoverpause&quot;:false,&quot;show_slide_delay&quot;:0}\"  itemprop=\"image\" itemscope=\"itemscope\" itemtype=\"https:\/\/schema.org\/ImageObject\" ><ul class='avia-slideshow-inner ' style='padding-bottom: 66.6796875%;'><li  class='avia-slideshow-slide av-1ah2jm-8dd627ff49915fd439d2b905186fd9fc__0  slide-1 slide-odd'><div data-rel='slideshow-1' class='avia-slide-wrap '   ><img decoding=\"async\" fetchpriority=\"high\" class=\"wp-image-3017 avia-img-lazy-loading-not-3017\"  src=\"https:\/\/www.teanaulodge.com\/wp-content\/uploads\/2025\/04\/IMG_4786-scaled.jpg\" width=\"2560\" height=\"1707\" title='IMG_4786' alt=''  itemprop=\"thumbnailUrl\" srcset=\"https:\/\/www.teanaulodge.com\/wp-content\/uploads\/2025\/04\/IMG_4786-scaled.jpg 2560w, https:\/\/www.teanaulodge.com\/wp-content\/uploads\/2025\/04\/IMG_4786-300x200.jpg 300w, https:\/\/www.teanaulodge.com\/wp-content\/uploads\/2025\/04\/IMG_4786-1030x687.jpg 1030w, https:\/\/www.teanaulodge.com\/wp-content\/uploads\/2025\/04\/IMG_4786-768x512.jpg 768w, https:\/\/www.teanaulodge.com\/wp-content\/uploads\/2025\/04\/IMG_4786-1536x1024.jpg 1536w, https:\/\/www.teanaulodge.com\/wp-content\/uploads\/2025\/04\/IMG_4786-2048x1365.jpg 2048w, https:\/\/www.teanaulodge.com\/wp-content\/uploads\/2025\/04\/IMG_4786-1500x1000.jpg 1500w, https:\/\/www.teanaulodge.com\/wp-content\/uploads\/2025\/04\/IMG_4786-705x470.jpg 705w\" sizes=\"(max-width: 2560px) 100vw, 2560px\" \/><\/div><\/li><li  class='avia-slideshow-slide av-1ah2jm-8dd627ff49915fd439d2b905186fd9fc__1  slide-2 slide-even'><div data-rel='slideshow-1' class='avia-slide-wrap '   ><img decoding=\"async\" fetchpriority=\"high\" class=\"wp-image-1698 avia-img-lazy-loading-not-1698\"  src=\"https:\/\/www.teanaulodge.com\/wp-content\/uploads\/2025\/04\/IMG_3867.jpg\" width=\"6000\" height=\"4000\" title='IMG_3867' alt=''  itemprop=\"thumbnailUrl\" srcset=\"https:\/\/www.teanaulodge.com\/wp-content\/uploads\/2025\/04\/IMG_3867.jpg 6000w, https:\/\/www.teanaulodge.com\/wp-content\/uploads\/2025\/04\/IMG_3867-300x200.jpg 300w, https:\/\/www.teanaulodge.com\/wp-content\/uploads\/2025\/04\/IMG_3867-768x512.jpg 768w, https:\/\/www.teanaulodge.com\/wp-content\/uploads\/2025\/04\/IMG_3867-1030x687.jpg 1030w, https:\/\/www.teanaulodge.com\/wp-content\/uploads\/2025\/04\/IMG_3867-1500x1000.jpg 1500w, https:\/\/www.teanaulodge.com\/wp-content\/uploads\/2025\/04\/IMG_3867-705x470.jpg 705w, https:\/\/www.teanaulodge.com\/wp-content\/uploads\/2025\/04\/IMG_3867-450x300.jpg 450w\" sizes=\"(max-width: 6000px) 100vw, 6000px\" \/><\/div><\/li><li  class='avia-slideshow-slide av-1ah2jm-8dd627ff49915fd439d2b905186fd9fc__2  slide-3 slide-odd'><div data-rel='slideshow-1' class='avia-slide-wrap '   ><img decoding=\"async\" fetchpriority=\"high\" class=\"wp-image-2862 avia-img-lazy-loading-not-2862\"  src=\"https:\/\/www.teanaulodge.com\/wp-content\/uploads\/2025\/04\/IMG_4682-scaled.jpg\" width=\"2560\" height=\"1437\" title='IMG_4682' alt=''  itemprop=\"thumbnailUrl\" srcset=\"https:\/\/www.teanaulodge.com\/wp-content\/uploads\/2025\/04\/IMG_4682-scaled.jpg 2560w, https:\/\/www.teanaulodge.com\/wp-content\/uploads\/2025\/04\/IMG_4682-300x168.jpg 300w, https:\/\/www.teanaulodge.com\/wp-content\/uploads\/2025\/04\/IMG_4682-1030x578.jpg 1030w, https:\/\/www.teanaulodge.com\/wp-content\/uploads\/2025\/04\/IMG_4682-768x431.jpg 768w, https:\/\/www.teanaulodge.com\/wp-content\/uploads\/2025\/04\/IMG_4682-1536x862.jpg 1536w, https:\/\/www.teanaulodge.com\/wp-content\/uploads\/2025\/04\/IMG_4682-2048x1150.jpg 2048w, https:\/\/www.teanaulodge.com\/wp-content\/uploads\/2025\/04\/IMG_4682-1500x842.jpg 1500w, https:\/\/www.teanaulodge.com\/wp-content\/uploads\/2025\/04\/IMG_4682-705x396.jpg 705w\" sizes=\"(max-width: 2560px) 100vw, 2560px\" \/><\/div><\/li><li  class='avia-slideshow-slide av-1ah2jm-8dd627ff49915fd439d2b905186fd9fc__3  slide-4 slide-even'><div data-rel='slideshow-1' class='avia-slide-wrap '   ><img decoding=\"async\" fetchpriority=\"high\" class=\"wp-image-3419 avia-img-lazy-loading-not-3419\"  src=\"https:\/\/www.teanaulodge.com\/wp-content\/uploads\/2025\/04\/IMG_5051-scaled.jpg\" width=\"2560\" height=\"1707\" title='IMG_5051' alt=''  itemprop=\"thumbnailUrl\" srcset=\"https:\/\/www.teanaulodge.com\/wp-content\/uploads\/2025\/04\/IMG_5051-scaled.jpg 2560w, https:\/\/www.teanaulodge.com\/wp-content\/uploads\/2025\/04\/IMG_5051-300x200.jpg 300w, https:\/\/www.teanaulodge.com\/wp-content\/uploads\/2025\/04\/IMG_5051-1030x687.jpg 1030w, https:\/\/www.teanaulodge.com\/wp-content\/uploads\/2025\/04\/IMG_5051-768x512.jpg 768w, https:\/\/www.teanaulodge.com\/wp-content\/uploads\/2025\/04\/IMG_5051-1536x1024.jpg 1536w, https:\/\/www.teanaulodge.com\/wp-content\/uploads\/2025\/04\/IMG_5051-2048x1365.jpg 2048w, https:\/\/www.teanaulodge.com\/wp-content\/uploads\/2025\/04\/IMG_5051-1500x1000.jpg 1500w, https:\/\/www.teanaulodge.com\/wp-content\/uploads\/2025\/04\/IMG_5051-705x470.jpg 705w\" sizes=\"(max-width: 2560px) 100vw, 2560px\" \/><\/div><\/li><li  class='avia-slideshow-slide av-1ah2jm-8dd627ff49915fd439d2b905186fd9fc__4  slide-5 slide-odd'><div data-rel='slideshow-1' class='avia-slide-wrap '   ><img decoding=\"async\" fetchpriority=\"high\" class=\"wp-image-2874 avia-img-lazy-loading-not-2874\"  src=\"https:\/\/www.teanaulodge.com\/wp-content\/uploads\/2025\/04\/IMG_4698-scaled.jpg\" width=\"2560\" height=\"1707\" title='IMG_4698' alt=''  itemprop=\"thumbnailUrl\" srcset=\"https:\/\/www.teanaulodge.com\/wp-content\/uploads\/2025\/04\/IMG_4698-scaled.jpg 2560w, https:\/\/www.teanaulodge.com\/wp-content\/uploads\/2025\/04\/IMG_4698-300x200.jpg 300w, https:\/\/www.teanaulodge.com\/wp-content\/uploads\/2025\/04\/IMG_4698-1030x687.jpg 1030w, https:\/\/www.teanaulodge.com\/wp-content\/uploads\/2025\/04\/IMG_4698-768x512.jpg 768w, https:\/\/www.teanaulodge.com\/wp-content\/uploads\/2025\/04\/IMG_4698-1536x1024.jpg 1536w, https:\/\/www.teanaulodge.com\/wp-content\/uploads\/2025\/04\/IMG_4698-2048x1365.jpg 2048w, https:\/\/www.teanaulodge.com\/wp-content\/uploads\/2025\/04\/IMG_4698-1500x1000.jpg 1500w, https:\/\/www.teanaulodge.com\/wp-content\/uploads\/2025\/04\/IMG_4698-705x470.jpg 705w\" sizes=\"(max-width: 2560px) 100vw, 2560px\" \/><\/div><\/li><li  class='avia-slideshow-slide av-1ah2jm-8dd627ff49915fd439d2b905186fd9fc__5  slide-6 slide-even'><div data-rel='slideshow-1' class='avia-slide-wrap '   ><img decoding=\"async\" fetchpriority=\"high\" class=\"wp-image-2850 avia-img-lazy-loading-not-2850\"  src=\"https:\/\/www.teanaulodge.com\/wp-content\/uploads\/2025\/04\/IMG_4673-scaled.jpg\" width=\"2560\" height=\"1707\" title='IMG_4673' alt=''  itemprop=\"thumbnailUrl\" srcset=\"https:\/\/www.teanaulodge.com\/wp-content\/uploads\/2025\/04\/IMG_4673-scaled.jpg 2560w, https:\/\/www.teanaulodge.com\/wp-content\/uploads\/2025\/04\/IMG_4673-300x200.jpg 300w, https:\/\/www.teanaulodge.com\/wp-content\/uploads\/2025\/04\/IMG_4673-1030x687.jpg 1030w, https:\/\/www.teanaulodge.com\/wp-content\/uploads\/2025\/04\/IMG_4673-768x512.jpg 768w, https:\/\/www.teanaulodge.com\/wp-content\/uploads\/2025\/04\/IMG_4673-1536x1024.jpg 1536w, https:\/\/www.teanaulodge.com\/wp-content\/uploads\/2025\/04\/IMG_4673-2048x1365.jpg 2048w, https:\/\/www.teanaulodge.com\/wp-content\/uploads\/2025\/04\/IMG_4673-1500x1000.jpg 1500w, https:\/\/www.teanaulodge.com\/wp-content\/uploads\/2025\/04\/IMG_4673-705x470.jpg 705w\" sizes=\"(max-width: 2560px) 100vw, 2560px\" \/><\/div><\/li><li  class='avia-slideshow-slide av-1ah2jm-8dd627ff49915fd439d2b905186fd9fc__6  slide-7 slide-odd'><div data-rel='slideshow-1' class='avia-slide-wrap '   ><img decoding=\"async\" fetchpriority=\"high\" class=\"wp-image-1722 avia-img-lazy-loading-not-1722\"  src=\"https:\/\/www.teanaulodge.com\/wp-content\/uploads\/2025\/04\/IMG_3806.jpg\" width=\"6000\" height=\"4000\" title='IMG_3806' alt=''  itemprop=\"thumbnailUrl\" srcset=\"https:\/\/www.teanaulodge.com\/wp-content\/uploads\/2025\/04\/IMG_3806.jpg 6000w, https:\/\/www.teanaulodge.com\/wp-content\/uploads\/2025\/04\/IMG_3806-300x200.jpg 300w, https:\/\/www.teanaulodge.com\/wp-content\/uploads\/2025\/04\/IMG_3806-768x512.jpg 768w, https:\/\/www.teanaulodge.com\/wp-content\/uploads\/2025\/04\/IMG_3806-1030x687.jpg 1030w, https:\/\/www.teanaulodge.com\/wp-content\/uploads\/2025\/04\/IMG_3806-1500x1000.jpg 1500w, https:\/\/www.teanaulodge.com\/wp-content\/uploads\/2025\/04\/IMG_3806-705x470.jpg 705w, https:\/\/www.teanaulodge.com\/wp-content\/uploads\/2025\/04\/IMG_3806-450x300.jpg 450w\" sizes=\"(max-width: 6000px) 100vw, 6000px\" \/><\/div><\/li><li  class='avia-slideshow-slide av-1ah2jm-8dd627ff49915fd439d2b905186fd9fc__7  slide-8 slide-even'><div data-rel='slideshow-1' class='avia-slide-wrap '   ><img decoding=\"async\" fetchpriority=\"high\" class=\"wp-image-1740 avia-img-lazy-loading-not-1740\"  src=\"https:\/\/www.teanaulodge.com\/wp-content\/uploads\/2025\/04\/IMG_3829.jpg\" width=\"6000\" height=\"4000\" title='IMG_3829' alt=''  itemprop=\"thumbnailUrl\" srcset=\"https:\/\/www.teanaulodge.com\/wp-content\/uploads\/2025\/04\/IMG_3829.jpg 6000w, https:\/\/www.teanaulodge.com\/wp-content\/uploads\/2025\/04\/IMG_3829-300x200.jpg 300w, https:\/\/www.teanaulodge.com\/wp-content\/uploads\/2025\/04\/IMG_3829-768x512.jpg 768w, https:\/\/www.teanaulodge.com\/wp-content\/uploads\/2025\/04\/IMG_3829-1030x687.jpg 1030w, https:\/\/www.teanaulodge.com\/wp-content\/uploads\/2025\/04\/IMG_3829-1500x1000.jpg 1500w, https:\/\/www.teanaulodge.com\/wp-content\/uploads\/2025\/04\/IMG_3829-705x470.jpg 705w, https:\/\/www.teanaulodge.com\/wp-content\/uploads\/2025\/04\/IMG_3829-450x300.jpg 450w\" sizes=\"(max-width: 6000px) 100vw, 6000px\" \/><\/div><\/li><li  class='avia-slideshow-slide av-1ah2jm-8dd627ff49915fd439d2b905186fd9fc__8  slide-9 slide-odd'><div data-rel='slideshow-1' class='avia-slide-wrap '   ><img decoding=\"async\" fetchpriority=\"high\" class=\"wp-image-3029 avia-img-lazy-loading-not-3029\"  src=\"https:\/\/www.teanaulodge.com\/wp-content\/uploads\/2025\/04\/IMG_4791-scaled.jpg\" width=\"2560\" height=\"1707\" title='IMG_4791' alt=''  itemprop=\"thumbnailUrl\" srcset=\"https:\/\/www.teanaulodge.com\/wp-content\/uploads\/2025\/04\/IMG_4791-scaled.jpg 2560w, https:\/\/www.teanaulodge.com\/wp-content\/uploads\/2025\/04\/IMG_4791-300x200.jpg 300w, https:\/\/www.teanaulodge.com\/wp-content\/uploads\/2025\/04\/IMG_4791-1030x687.jpg 1030w, https:\/\/www.teanaulodge.com\/wp-content\/uploads\/2025\/04\/IMG_4791-768x512.jpg 768w, https:\/\/www.teanaulodge.com\/wp-content\/uploads\/2025\/04\/IMG_4791-1536x1024.jpg 1536w, https:\/\/www.teanaulodge.com\/wp-content\/uploads\/2025\/04\/IMG_4791-2048x1365.jpg 2048w, https:\/\/www.teanaulodge.com\/wp-content\/uploads\/2025\/04\/IMG_4791-1500x1000.jpg 1500w, https:\/\/www.teanaulodge.com\/wp-content\/uploads\/2025\/04\/IMG_4791-705x470.jpg 705w\" sizes=\"(max-width: 2560px) 100vw, 2560px\" \/><\/div><\/li><li  class='avia-slideshow-slide av-1ah2jm-8dd627ff49915fd439d2b905186fd9fc__9  slide-10 slide-even'><div data-rel='slideshow-1' class='avia-slide-wrap '   ><img decoding=\"async\" fetchpriority=\"high\" class=\"wp-image-3275 avia-img-lazy-loading-not-3275\"  src=\"https:\/\/www.teanaulodge.com\/wp-content\/uploads\/2025\/04\/IMG_4947-scaled.jpg\" width=\"2560\" height=\"1707\" title='IMG_4947' alt=''  itemprop=\"thumbnailUrl\" srcset=\"https:\/\/www.teanaulodge.com\/wp-content\/uploads\/2025\/04\/IMG_4947-scaled.jpg 2560w, https:\/\/www.teanaulodge.com\/wp-content\/uploads\/2025\/04\/IMG_4947-300x200.jpg 300w, https:\/\/www.teanaulodge.com\/wp-content\/uploads\/2025\/04\/IMG_4947-1030x687.jpg 1030w, https:\/\/www.teanaulodge.com\/wp-content\/uploads\/2025\/04\/IMG_4947-768x512.jpg 768w, https:\/\/www.teanaulodge.com\/wp-content\/uploads\/2025\/04\/IMG_4947-1536x1024.jpg 1536w, https:\/\/www.teanaulodge.com\/wp-content\/uploads\/2025\/04\/IMG_4947-2048x1365.jpg 2048w, https:\/\/www.teanaulodge.com\/wp-content\/uploads\/2025\/04\/IMG_4947-1500x1000.jpg 1500w, https:\/\/www.teanaulodge.com\/wp-content\/uploads\/2025\/04\/IMG_4947-705x470.jpg 705w\" sizes=\"(max-width: 2560px) 100vw, 2560px\" \/><\/div><\/li><\/ul><div class='avia-slideshow-arrows avia-slideshow-controls' ><a href='#prev' class='prev-slide ' aria-hidden='true' data-av_icon='\ue87c' data-av_iconfont='entypo-fontello'  tabindex='-1'>Anterior<\/a><a href='#next' class='next-slide ' aria-hidden='true' data-av_icon='\ue87d' data-av_iconfont='entypo-fontello'  tabindex='-1'>Posterior<\/a><\/div><div class='avia-slideshow-dots avia-slideshow-controls'><a href='#1' class='goto-slide active' >1<\/a><a href='#2' class='goto-slide ' >2<\/a><a href='#3' class='goto-slide ' >3<\/a><a href='#4' class='goto-slide ' >4<\/a><a href='#5' class='goto-slide ' >5<\/a><a href='#6' class='goto-slide ' >6<\/a><a href='#7' class='goto-slide ' >7<\/a><a href='#8' class='goto-slide ' >8<\/a><a href='#9' class='goto-slide ' >9<\/a><a href='#10' class='goto-slide ' >10<\/a><\/div><\/div><\/div>\n","protected":false},"excerpt":{"rendered":"","protected":false},"author":2,"featured_media":0,"parent":0,"menu_order":0,"comment_status":"closed","ping_status":"closed","template":"","meta":{"footnotes":""},"class_list":["post-786","page","type-page","status-publish","hentry"],"_links":{"self":[{"href":"https:\/\/www.teanaulodge.com\/es\/wp-json\/wp\/v2\/pages\/786"}],"collection":[{"href":"https:\/\/www.teanaulodge.com\/es\/wp-json\/wp\/v2\/pages"}],"about":[{"href":"https:\/\/www.teanaulodge.com\/es\/wp-json\/wp\/v2\/types\/page"}],"author":[{"embeddable":true,"href":"https:\/\/www.teanaulodge.com\/es\/wp-json\/wp\/v2\/users\/2"}],"replies":[{"embeddable":true,"href":"https:\/\/www.teanaulodge.com\/es\/wp-json\/wp\/v2\/comments?post=786"}],"version-history":[{"count":5,"href":"https:\/\/www.teanaulodge.com\/es\/wp-json\/wp\/v2\/pages\/786\/revisions"}],"predecessor-version":[{"id":3485,"href":"https:\/\/www.teanaulodge.com\/es\/wp-json\/wp\/v2\/pages\/786\/revisions\/3485"}],"wp:attachment":[{"href":"https:\/\/www.teanaulodge.com\/es\/wp-json\/wp\/v2\/media?parent=786"}],"curies":[{"name":"wp","href":"https:\/\/api.w.org\/{rel}","templated":true}]}}