{"id":3945,"date":"2025-07-15T21:37:09","date_gmt":"2025-07-15T21:37:09","guid":{"rendered":"https:\/\/www.teanaulodge.com\/bodas\/"},"modified":"2025-07-15T21:37:11","modified_gmt":"2025-07-15T21:37:11","slug":"bodas","status":"publish","type":"page","link":"https:\/\/www.teanaulodge.com\/es\/bodas\/","title":{"rendered":"Bodas"},"content":{"rendered":"\n<style type=\"text\/css\" data-created_by=\"avia_inline_auto\" id=\"style-css-av-m9xgpkud-f0cf0ee876f8bd39836091b998f5caf0\">\n#top .av-special-heading.av-m9xgpkud-f0cf0ee876f8bd39836091b998f5caf0{\npadding-bottom:10px;\n}\nbody .av-special-heading.av-m9xgpkud-f0cf0ee876f8bd39836091b998f5caf0 .av-special-heading-tag .heading-char{\nfont-size:25px;\n}\n.av-special-heading.av-m9xgpkud-f0cf0ee876f8bd39836091b998f5caf0 .av-subheading{\nfont-size:15px;\n}\n<\/style>\n<div  class='av-special-heading av-m9xgpkud-f0cf0ee876f8bd39836091b998f5caf0 av-special-heading-h2  avia-builder-el-0  el_before_av_textblock  avia-builder-el-first '><h2 class='av-special-heading-tag '  itemprop=\"headline\"  >Bodas<\/h2><div class=\"special-heading-border\"><div class=\"special-heading-inner-border\"><\/div><\/div><\/div>\n<section  class='av_textblock_section av-m9xhd434-489c5902dd4c8a348e53c5c32f3b9d5c '   itemscope=\"itemscope\" itemtype=\"https:\/\/schema.org\/CreativeWork\" ><div class='avia_textblock'  itemprop=\"text\" ><p>\u00a1Celebre su d\u00eda especial con nosotros en Te Anau Lodge! Nuestro espacioso patio trasero frente a las monta\u00f1as Luxmore y el lago Te Anau ofrece el lugar perfecto para una boda en la hermosa Fiordland. Nuestras lujosas habitaciones est\u00e1n dise\u00f1adas para ofrecerle a usted y a sus invitados el m\u00e1ximo confort en el mismo lugar. Para que la planificaci\u00f3n sea lo m\u00e1s sencilla posible, nos hemos asociado con el prestigioso organizador de bodas <a href=\"https:\/\/www.stacweddings.co.nz\/\">Stac Weddings<\/a>, que se ocupar\u00e1 de usted desde la primera idea hasta mucho despu\u00e9s de que suenen las campanas de boda.<\/p>\n<\/div><\/section>\n<section  class='av_textblock_section av-m9xhdt5c-8067a1d21ea984c3aea91dfd4e6d5fa9 '   itemscope=\"itemscope\" itemtype=\"https:\/\/schema.org\/CreativeWork\" ><div class='avia_textblock'  itemprop=\"text\" ><a href=\"https:\/\/www.teanaulodge.com\/wp-content\/uploads\/2025\/04\/TAL_Wedding_A4-1.pdf\" class=\"pdfemb-viewer\" style=\"\" data-width=\"max\" data-height=\"max\" data-toolbar=\"bottom\" data-toolbar-fixed=\"off\">TAL_Wedding_A4<\/a>\n<\/div><\/section>\n","protected":false},"excerpt":{"rendered":"","protected":false},"author":2,"featured_media":0,"parent":0,"menu_order":0,"comment_status":"closed","ping_status":"closed","template":"","meta":{"footnotes":""},"class_list":["post-3945","page","type-page","status-publish","hentry"],"_links":{"self":[{"href":"https:\/\/www.teanaulodge.com\/es\/wp-json\/wp\/v2\/pages\/3945"}],"collection":[{"href":"https:\/\/www.teanaulodge.com\/es\/wp-json\/wp\/v2\/pages"}],"about":[{"href":"https:\/\/www.teanaulodge.com\/es\/wp-json\/wp\/v2\/types\/page"}],"author":[{"embeddable":true,"href":"https:\/\/www.teanaulodge.com\/es\/wp-json\/wp\/v2\/users\/2"}],"replies":[{"embeddable":true,"href":"https:\/\/www.teanaulodge.com\/es\/wp-json\/wp\/v2\/comments?post=3945"}],"version-history":[{"count":5,"href":"https:\/\/www.teanaulodge.com\/es\/wp-json\/wp\/v2\/pages\/3945\/revisions"}],"predecessor-version":[{"id":3950,"href":"https:\/\/www.teanaulodge.com\/es\/wp-json\/wp\/v2\/pages\/3945\/revisions\/3950"}],"wp:attachment":[{"href":"https:\/\/www.teanaulodge.com\/es\/wp-json\/wp\/v2\/media?parent=3945"}],"curies":[{"name":"wp","href":"https:\/\/api.w.org\/{rel}","templated":true}]}}