{"id":3882,"date":"2025-07-15T21:20:59","date_gmt":"2025-07-15T21:20:59","guid":{"rendered":"https:\/\/www.teanaulodge.com\/gastronomia\/"},"modified":"2025-07-15T21:23:55","modified_gmt":"2025-07-15T21:23:55","slug":"gastronomia","status":"publish","type":"page","link":"https:\/\/www.teanaulodge.com\/es\/gastronomia\/","title":{"rendered":"Gastronom\u00eda"},"content":{"rendered":"<div id='layer_slider_1'  class='avia-layerslider main_color avia-shadow  avia-builder-el-0  el_before_av_heading  avia-builder-el-first  container_wrap sidebar_right'  style='height: 151px;'  ><\/div><div id='after_layer_slider_1'  class='main_color av_default_container_wrap container_wrap sidebar_right'  ><div class='container av-section-cont-open' ><div class='template-page content  av-content-small alpha units'><div class='post-entry post-entry-type-page post-entry-3882'><div class='entry-content-wrapper clearfix'>\n\n<style type=\"text\/css\" data-created_by=\"avia_inline_auto\" id=\"style-css-av-12o8h-c42f36798d1cc88d83d69645a2b375b1\">\n#top .av-special-heading.av-12o8h-c42f36798d1cc88d83d69645a2b375b1{\npadding-bottom:10px;\n}\nbody .av-special-heading.av-12o8h-c42f36798d1cc88d83d69645a2b375b1 .av-special-heading-tag .heading-char{\nfont-size:25px;\n}\n.av-special-heading.av-12o8h-c42f36798d1cc88d83d69645a2b375b1 .av-subheading{\nfont-size:15px;\n}\n<\/style>\n<div  class='av-special-heading av-12o8h-c42f36798d1cc88d83d69645a2b375b1 av-special-heading-h2 blockquote modern-quote  avia-builder-el-1  el_after_av_layerslider  el_before_av_two_third  avia-builder-el-first '><h2 class='av-special-heading-tag '  itemprop=\"headline\"  >Comida en Te Anau Lodge<\/h2><div class=\"special-heading-border\"><div class=\"special-heading-inner-border\"><\/div><\/div><\/div>\n<div  class='flex_column av-4pzxp-6101ddd7fa7cb32657ccbfb7f5923b10 av_two_third  avia-builder-el-2  el_after_av_heading  el_before_av_one_third  first flex_column_div  '     ><section  class='av_textblock_section av-42o4d-3bbe4a341c27812384d260a770946861 '   itemscope=\"itemscope\" itemtype=\"https:\/\/schema.org\/CreativeWork\" ><div class='avia_textblock'  itemprop=\"text\" ><p><strong>En Te Anau Lodge consideramos que un desayuno fresco y delicioso es tan importante para su estancia como una c\u00f3moda noche de sue\u00f1o.<\/strong><br \/>Servido en nuestra hermosa capilla, nuestro <strong>desayuno continental cuenta con una selecci\u00f3n de cereales, frutas y yogures, fruta fresca, varios panes con mantequilla y mermeladas, zumos, caf\u00e9, una selecci\u00f3n de t\u00e9s y reposter\u00eda casera reci\u00e9n hecha cada ma\u00f1ana<\/strong>.<br \/>Del\u00e9itese con un <strong>desayuno cocinado<\/strong> &#8211; huevos reci\u00e9n puestos, salchichas de venado, hamburguesas de boniato y mucho m\u00e1s.<br \/><strong>Siempre que es posible, preparamos y servimos productos frescos, cultivados localmente o caseros y ecol\u00f3gicos<\/strong>. Podemos satisfacer necesidades diet\u00e9ticas especiales con previo aviso.<\/p>\n<\/div><\/section><\/div>\n<div  class='flex_column av-3i9v1-1406a79f254e9c935a721ae43c0cee34 av_one_third  avia-builder-el-4  el_after_av_two_third  el_before_av_heading  flex_column_div  '     ><div  class='avia-slideshow av-2twe5-9b3aee6bcda114d6388f747d24ae3ae4 avia-slideshow-large av_slideshow avia-slide-slider  avia-builder-el-5  avia-builder-el-no-sibling  av-slideshow-ui av-control-default av-slideshow-autoplay av-loop-endless av-loop-manual-endless av-default-height-applied avia-slideshow-1' data-slideshow-options=\"{&quot;animation&quot;:&quot;slide&quot;,&quot;autoplay&quot;:true,&quot;loop_autoplay&quot;:&quot;endless&quot;,&quot;interval&quot;:5,&quot;loop_manual&quot;:&quot;manual-endless&quot;,&quot;autoplay_stopper&quot;:false,&quot;noNavigation&quot;:false,&quot;bg_slider&quot;:false,&quot;keep_padding&quot;:false,&quot;hoverpause&quot;:false,&quot;show_slide_delay&quot;:0}\"  itemprop=\"image\" itemscope=\"itemscope\" itemtype=\"https:\/\/schema.org\/ImageObject\" ><ul class='avia-slideshow-inner ' style='padding-bottom: 66.699029126214%;'><li  class='avia-slideshow-slide av-2twe5-9b3aee6bcda114d6388f747d24ae3ae4__0  slide-1 slide-odd'><div data-rel='slideshow-1' class='avia-slide-wrap '   ><img decoding=\"async\" fetchpriority=\"high\" class=\"wp-image-2359 avia-img-lazy-loading-not-2359\"  src=\"https:\/\/www.teanaulodge.com\/wp-content\/uploads\/2025\/04\/IMG_3912-1030x687.jpg\" width=\"1030\" height=\"687\" title='IMG_3912' alt=''  itemprop=\"thumbnailUrl\" srcset=\"https:\/\/www.teanaulodge.com\/wp-content\/uploads\/2025\/04\/IMG_3912-1030x687.jpg 1030w, https:\/\/www.teanaulodge.com\/wp-content\/uploads\/2025\/04\/IMG_3912-300x200.jpg 300w, https:\/\/www.teanaulodge.com\/wp-content\/uploads\/2025\/04\/IMG_3912-768x512.jpg 768w, https:\/\/www.teanaulodge.com\/wp-content\/uploads\/2025\/04\/IMG_3912-1500x1000.jpg 1500w, https:\/\/www.teanaulodge.com\/wp-content\/uploads\/2025\/04\/IMG_3912-705x470.jpg 705w, https:\/\/www.teanaulodge.com\/wp-content\/uploads\/2025\/04\/IMG_3912-450x300.jpg 450w\" sizes=\"(max-width: 1030px) 100vw, 1030px\" \/><\/div><\/li><li  class='avia-slideshow-slide av-2twe5-9b3aee6bcda114d6388f747d24ae3ae4__1  slide-2 slide-even'><div data-rel='slideshow-1' class='avia-slide-wrap '   ><img decoding=\"async\" fetchpriority=\"high\" class=\"wp-image-2345 avia-img-lazy-loading-not-2345\"  src=\"https:\/\/www.teanaulodge.com\/wp-content\/uploads\/2025\/04\/IMG_3883-1030x687.jpg\" width=\"1030\" height=\"687\" title='IMG_3883' alt=''  itemprop=\"thumbnailUrl\" srcset=\"https:\/\/www.teanaulodge.com\/wp-content\/uploads\/2025\/04\/IMG_3883-1030x687.jpg 1030w, https:\/\/www.teanaulodge.com\/wp-content\/uploads\/2025\/04\/IMG_3883-300x200.jpg 300w, https:\/\/www.teanaulodge.com\/wp-content\/uploads\/2025\/04\/IMG_3883-768x512.jpg 768w, https:\/\/www.teanaulodge.com\/wp-content\/uploads\/2025\/04\/IMG_3883-1500x1000.jpg 1500w, https:\/\/www.teanaulodge.com\/wp-content\/uploads\/2025\/04\/IMG_3883-705x470.jpg 705w, https:\/\/www.teanaulodge.com\/wp-content\/uploads\/2025\/04\/IMG_3883-450x300.jpg 450w\" sizes=\"(max-width: 1030px) 100vw, 1030px\" \/><\/div><\/li><li  class='avia-slideshow-slide av-2twe5-9b3aee6bcda114d6388f747d24ae3ae4__2  slide-3 slide-odd'><div data-rel='slideshow-1' class='avia-slide-wrap '   ><img decoding=\"async\" fetchpriority=\"high\" class=\"wp-image-2326 avia-img-lazy-loading-not-2326\"  src=\"https:\/\/www.teanaulodge.com\/wp-content\/uploads\/2025\/04\/IMG_3925-1030x687.jpg\" width=\"1030\" height=\"687\" title='IMG_3925' alt=''  itemprop=\"thumbnailUrl\" srcset=\"https:\/\/www.teanaulodge.com\/wp-content\/uploads\/2025\/04\/IMG_3925-1030x687.jpg 1030w, https:\/\/www.teanaulodge.com\/wp-content\/uploads\/2025\/04\/IMG_3925-300x200.jpg 300w, https:\/\/www.teanaulodge.com\/wp-content\/uploads\/2025\/04\/IMG_3925-768x512.jpg 768w, https:\/\/www.teanaulodge.com\/wp-content\/uploads\/2025\/04\/IMG_3925-1500x1000.jpg 1500w, https:\/\/www.teanaulodge.com\/wp-content\/uploads\/2025\/04\/IMG_3925-705x470.jpg 705w, https:\/\/www.teanaulodge.com\/wp-content\/uploads\/2025\/04\/IMG_3925-450x300.jpg 450w\" sizes=\"(max-width: 1030px) 100vw, 1030px\" \/><\/div><\/li><li  class='avia-slideshow-slide av-2twe5-9b3aee6bcda114d6388f747d24ae3ae4__3  slide-4 slide-even'><div data-rel='slideshow-1' class='avia-slide-wrap '   ><img decoding=\"async\" fetchpriority=\"high\" class=\"wp-image-2314 avia-img-lazy-loading-not-2314\"  src=\"https:\/\/www.teanaulodge.com\/wp-content\/uploads\/2025\/04\/IMG_3944-1030x687.jpg\" width=\"1030\" height=\"687\" title='IMG_3944' alt=''  itemprop=\"thumbnailUrl\" srcset=\"https:\/\/www.teanaulodge.com\/wp-content\/uploads\/2025\/04\/IMG_3944-1030x687.jpg 1030w, https:\/\/www.teanaulodge.com\/wp-content\/uploads\/2025\/04\/IMG_3944-300x200.jpg 300w, https:\/\/www.teanaulodge.com\/wp-content\/uploads\/2025\/04\/IMG_3944-768x512.jpg 768w, https:\/\/www.teanaulodge.com\/wp-content\/uploads\/2025\/04\/IMG_3944-1500x1000.jpg 1500w, https:\/\/www.teanaulodge.com\/wp-content\/uploads\/2025\/04\/IMG_3944-705x470.jpg 705w, https:\/\/www.teanaulodge.com\/wp-content\/uploads\/2025\/04\/IMG_3944-450x300.jpg 450w\" sizes=\"(max-width: 1030px) 100vw, 1030px\" \/><\/div><\/li><li  class='avia-slideshow-slide av-2twe5-9b3aee6bcda114d6388f747d24ae3ae4__4  slide-5 slide-odd'><div data-rel='slideshow-1' class='avia-slide-wrap '   ><img decoding=\"async\" fetchpriority=\"high\" class=\"wp-image-2353 avia-img-lazy-loading-not-2353\"  src=\"https:\/\/www.teanaulodge.com\/wp-content\/uploads\/2025\/04\/breakfast-700x1030.jpg\" width=\"700\" height=\"1030\" title='breakfast' alt=''  itemprop=\"thumbnailUrl\" srcset=\"https:\/\/www.teanaulodge.com\/wp-content\/uploads\/2025\/04\/breakfast-700x1030.jpg 700w, https:\/\/www.teanaulodge.com\/wp-content\/uploads\/2025\/04\/breakfast-204x300.jpg 204w, https:\/\/www.teanaulodge.com\/wp-content\/uploads\/2025\/04\/breakfast-768x1130.jpg 768w, https:\/\/www.teanaulodge.com\/wp-content\/uploads\/2025\/04\/breakfast-1020x1500.jpg 1020w, https:\/\/www.teanaulodge.com\/wp-content\/uploads\/2025\/04\/breakfast-479x705.jpg 479w, https:\/\/www.teanaulodge.com\/wp-content\/uploads\/2025\/04\/breakfast-450x662.jpg 450w\" sizes=\"(max-width: 700px) 100vw, 700px\" \/><\/div><\/li><li  class='avia-slideshow-slide av-2twe5-9b3aee6bcda114d6388f747d24ae3ae4__5  slide-6 slide-even'><div data-rel='slideshow-1' class='avia-slide-wrap '   ><img decoding=\"async\" fetchpriority=\"high\" class=\"wp-image-2308 avia-img-lazy-loading-not-2308\"  src=\"https:\/\/www.teanaulodge.com\/wp-content\/uploads\/2025\/04\/IMG_3943-1030x687.jpg\" width=\"1030\" height=\"687\" title='IMG_3943' alt=''  itemprop=\"thumbnailUrl\" srcset=\"https:\/\/www.teanaulodge.com\/wp-content\/uploads\/2025\/04\/IMG_3943-1030x687.jpg 1030w, https:\/\/www.teanaulodge.com\/wp-content\/uploads\/2025\/04\/IMG_3943-300x200.jpg 300w, https:\/\/www.teanaulodge.com\/wp-content\/uploads\/2025\/04\/IMG_3943-768x512.jpg 768w, https:\/\/www.teanaulodge.com\/wp-content\/uploads\/2025\/04\/IMG_3943-1500x1000.jpg 1500w, https:\/\/www.teanaulodge.com\/wp-content\/uploads\/2025\/04\/IMG_3943-705x470.jpg 705w, https:\/\/www.teanaulodge.com\/wp-content\/uploads\/2025\/04\/IMG_3943-450x300.jpg 450w\" sizes=\"(max-width: 1030px) 100vw, 1030px\" \/><\/div><\/li><li  class='avia-slideshow-slide av-2twe5-9b3aee6bcda114d6388f747d24ae3ae4__6  slide-7 slide-odd'><div data-rel='slideshow-1' class='avia-slide-wrap '   ><img decoding=\"async\" fetchpriority=\"high\" class=\"wp-image-2332 avia-img-lazy-loading-not-2332\"  src=\"https:\/\/www.teanaulodge.com\/wp-content\/uploads\/2025\/04\/IMG_3927-1030x687.jpg\" width=\"1030\" height=\"687\" title='IMG_3927' alt=''  itemprop=\"thumbnailUrl\" srcset=\"https:\/\/www.teanaulodge.com\/wp-content\/uploads\/2025\/04\/IMG_3927-1030x687.jpg 1030w, https:\/\/www.teanaulodge.com\/wp-content\/uploads\/2025\/04\/IMG_3927-300x200.jpg 300w, https:\/\/www.teanaulodge.com\/wp-content\/uploads\/2025\/04\/IMG_3927-768x512.jpg 768w, https:\/\/www.teanaulodge.com\/wp-content\/uploads\/2025\/04\/IMG_3927-1500x1000.jpg 1500w, https:\/\/www.teanaulodge.com\/wp-content\/uploads\/2025\/04\/IMG_3927-705x470.jpg 705w, https:\/\/www.teanaulodge.com\/wp-content\/uploads\/2025\/04\/IMG_3927-450x300.jpg 450w\" sizes=\"(max-width: 1030px) 100vw, 1030px\" \/><\/div><\/li><li  class='avia-slideshow-slide av-2twe5-9b3aee6bcda114d6388f747d24ae3ae4__7  slide-8 slide-even'><div data-rel='slideshow-1' class='avia-slide-wrap '   ><img decoding=\"async\" fetchpriority=\"high\" class=\"wp-image-2369 avia-img-lazy-loading-not-2369\"  src=\"https:\/\/www.teanaulodge.com\/wp-content\/uploads\/2025\/04\/IMG_3928-1030x687.jpg\" width=\"1030\" height=\"687\" title='IMG_3928' alt=''  itemprop=\"thumbnailUrl\" srcset=\"https:\/\/www.teanaulodge.com\/wp-content\/uploads\/2025\/04\/IMG_3928-1030x687.jpg 1030w, https:\/\/www.teanaulodge.com\/wp-content\/uploads\/2025\/04\/IMG_3928-300x200.jpg 300w, https:\/\/www.teanaulodge.com\/wp-content\/uploads\/2025\/04\/IMG_3928-768x512.jpg 768w, https:\/\/www.teanaulodge.com\/wp-content\/uploads\/2025\/04\/IMG_3928-1500x1000.jpg 1500w, https:\/\/www.teanaulodge.com\/wp-content\/uploads\/2025\/04\/IMG_3928-705x470.jpg 705w, https:\/\/www.teanaulodge.com\/wp-content\/uploads\/2025\/04\/IMG_3928-450x300.jpg 450w\" sizes=\"(max-width: 1030px) 100vw, 1030px\" \/><\/div><\/li><li  class='avia-slideshow-slide av-2twe5-9b3aee6bcda114d6388f747d24ae3ae4__8  slide-9 slide-odd'><div data-rel='slideshow-1' class='avia-slide-wrap '   ><img decoding=\"async\" fetchpriority=\"high\" class=\"wp-image-2276 avia-img-lazy-loading-not-2276\"  src=\"https:\/\/www.teanaulodge.com\/wp-content\/uploads\/2025\/04\/27-1030x687.jpg\" width=\"1030\" height=\"687\" title='27' alt=''  itemprop=\"thumbnailUrl\" srcset=\"https:\/\/www.teanaulodge.com\/wp-content\/uploads\/2025\/04\/27-1030x687.jpg 1030w, https:\/\/www.teanaulodge.com\/wp-content\/uploads\/2025\/04\/27-300x200.jpg 300w, https:\/\/www.teanaulodge.com\/wp-content\/uploads\/2025\/04\/27-768x512.jpg 768w, https:\/\/www.teanaulodge.com\/wp-content\/uploads\/2025\/04\/27-1500x1000.jpg 1500w, https:\/\/www.teanaulodge.com\/wp-content\/uploads\/2025\/04\/27-705x470.jpg 705w, https:\/\/www.teanaulodge.com\/wp-content\/uploads\/2025\/04\/27-450x300.jpg 450w\" sizes=\"(max-width: 1030px) 100vw, 1030px\" \/><\/div><\/li><li  class='avia-slideshow-slide av-2twe5-9b3aee6bcda114d6388f747d24ae3ae4__9  slide-10 slide-even'><div data-rel='slideshow-1' class='avia-slide-wrap '   ><img decoding=\"async\" fetchpriority=\"high\" class=\"wp-image-2338 avia-img-lazy-loading-not-2338\"  src=\"https:\/\/www.teanaulodge.com\/wp-content\/uploads\/2025\/04\/IMG_3936-1030x687.jpg\" width=\"1030\" height=\"687\" title='IMG_3936' alt=''  itemprop=\"thumbnailUrl\" srcset=\"https:\/\/www.teanaulodge.com\/wp-content\/uploads\/2025\/04\/IMG_3936-1030x687.jpg 1030w, https:\/\/www.teanaulodge.com\/wp-content\/uploads\/2025\/04\/IMG_3936-300x200.jpg 300w, https:\/\/www.teanaulodge.com\/wp-content\/uploads\/2025\/04\/IMG_3936-768x512.jpg 768w, https:\/\/www.teanaulodge.com\/wp-content\/uploads\/2025\/04\/IMG_3936-1500x1000.jpg 1500w, https:\/\/www.teanaulodge.com\/wp-content\/uploads\/2025\/04\/IMG_3936-705x470.jpg 705w, https:\/\/www.teanaulodge.com\/wp-content\/uploads\/2025\/04\/IMG_3936-450x300.jpg 450w\" sizes=\"(max-width: 1030px) 100vw, 1030px\" \/><\/div><\/li><li  class='avia-slideshow-slide av-2twe5-9b3aee6bcda114d6388f747d24ae3ae4__10  slide-11 slide-odd'><div data-rel='slideshow-1' class='avia-slide-wrap '   ><img decoding=\"async\" fetchpriority=\"high\" class=\"wp-image-2302 avia-img-lazy-loading-not-2302\"  src=\"https:\/\/www.teanaulodge.com\/wp-content\/uploads\/2025\/04\/IMG_3940-1030x687.jpg\" width=\"1030\" height=\"687\" title='IMG_3940' alt=''  itemprop=\"thumbnailUrl\" srcset=\"https:\/\/www.teanaulodge.com\/wp-content\/uploads\/2025\/04\/IMG_3940-1030x687.jpg 1030w, https:\/\/www.teanaulodge.com\/wp-content\/uploads\/2025\/04\/IMG_3940-300x200.jpg 300w, https:\/\/www.teanaulodge.com\/wp-content\/uploads\/2025\/04\/IMG_3940-768x512.jpg 768w, https:\/\/www.teanaulodge.com\/wp-content\/uploads\/2025\/04\/IMG_3940-1500x1000.jpg 1500w, https:\/\/www.teanaulodge.com\/wp-content\/uploads\/2025\/04\/IMG_3940-705x470.jpg 705w, https:\/\/www.teanaulodge.com\/wp-content\/uploads\/2025\/04\/IMG_3940-450x300.jpg 450w\" sizes=\"(max-width: 1030px) 100vw, 1030px\" \/><\/div><\/li><li  class='avia-slideshow-slide av-2twe5-9b3aee6bcda114d6388f747d24ae3ae4__11  slide-12 slide-even'><div data-rel='slideshow-1' class='avia-slide-wrap '   ><img decoding=\"async\" fetchpriority=\"high\" class=\"wp-image-2296 avia-img-lazy-loading-not-2296\"  src=\"https:\/\/www.teanaulodge.com\/wp-content\/uploads\/2025\/04\/IMG_3938-1030x687.jpg\" width=\"1030\" height=\"687\" title='IMG_3938' alt=''  itemprop=\"thumbnailUrl\" srcset=\"https:\/\/www.teanaulodge.com\/wp-content\/uploads\/2025\/04\/IMG_3938-1030x687.jpg 1030w, https:\/\/www.teanaulodge.com\/wp-content\/uploads\/2025\/04\/IMG_3938-300x200.jpg 300w, https:\/\/www.teanaulodge.com\/wp-content\/uploads\/2025\/04\/IMG_3938-768x512.jpg 768w, https:\/\/www.teanaulodge.com\/wp-content\/uploads\/2025\/04\/IMG_3938-1500x1000.jpg 1500w, https:\/\/www.teanaulodge.com\/wp-content\/uploads\/2025\/04\/IMG_3938-705x470.jpg 705w, https:\/\/www.teanaulodge.com\/wp-content\/uploads\/2025\/04\/IMG_3938-450x300.jpg 450w\" sizes=\"(max-width: 1030px) 100vw, 1030px\" \/><\/div><\/li><\/ul><div class='avia-slideshow-arrows avia-slideshow-controls' ><a href='#prev' class='prev-slide ' aria-hidden='true' data-av_icon='\ue87c' data-av_iconfont='entypo-fontello'  tabindex='-1'>Anterior<\/a><a href='#next' class='next-slide ' aria-hidden='true' data-av_icon='\ue87d' data-av_iconfont='entypo-fontello'  tabindex='-1'>Posterior<\/a><\/div><div class='avia-slideshow-dots avia-slideshow-controls'><a href='#1' class='goto-slide active' >1<\/a><a href='#2' class='goto-slide ' >2<\/a><a href='#3' class='goto-slide ' >3<\/a><a href='#4' class='goto-slide ' >4<\/a><a href='#5' class='goto-slide ' >5<\/a><a href='#6' class='goto-slide ' >6<\/a><a href='#7' class='goto-slide ' >7<\/a><a href='#8' class='goto-slide ' >8<\/a><a href='#9' class='goto-slide ' >9<\/a><a href='#10' class='goto-slide ' >10<\/a><a href='#11' class='goto-slide ' >11<\/a><a href='#12' class='goto-slide ' >12<\/a><\/div><\/div><\/div>\n\n<style type=\"text\/css\" data-created_by=\"avia_inline_auto\" id=\"style-css-av-m9xf1j50-1feb7c862efcefafc62a76f6e33e8a8a\">\n#top .av-special-heading.av-m9xf1j50-1feb7c862efcefafc62a76f6e33e8a8a{\npadding-bottom:10px;\n}\nbody .av-special-heading.av-m9xf1j50-1feb7c862efcefafc62a76f6e33e8a8a .av-special-heading-tag .heading-char{\nfont-size:25px;\n}\n.av-special-heading.av-m9xf1j50-1feb7c862efcefafc62a76f6e33e8a8a .av-subheading{\nfont-size:15px;\n}\n<\/style>\n<div  class='av-special-heading av-m9xf1j50-1feb7c862efcefafc62a76f6e33e8a8a av-special-heading-h3 blockquote modern-quote  avia-builder-el-6  el_after_av_one_third  el_before_av_one_third '><h3 class='av-special-heading-tag '  itemprop=\"headline\"  >Catering<\/h3><div class=\"special-heading-border\"><div class=\"special-heading-inner-border\"><\/div><\/div><\/div>\n<div  class='flex_column av-2yse9-49ba5f5c2992843b218028c0ada87076 av_one_third  avia-builder-el-7  el_after_av_heading  el_before_av_two_third  first flex_column_div  '     ><div  class='avia-slideshow av-m9xf4gqr-e0ba3caa7375b0e619185e269d7e4aa0 avia-slideshow-large av_slideshow avia-slide-slider  avia-builder-el-8  avia-builder-el-no-sibling  av-slideshow-ui av-control-default av-slideshow-autoplay av-loop-endless av-loop-manual-endless av-default-height-applied avia-slideshow-2' data-slideshow-options=\"{&quot;animation&quot;:&quot;slide&quot;,&quot;autoplay&quot;:true,&quot;loop_autoplay&quot;:&quot;endless&quot;,&quot;interval&quot;:5,&quot;loop_manual&quot;:&quot;manual-endless&quot;,&quot;autoplay_stopper&quot;:false,&quot;noNavigation&quot;:false,&quot;bg_slider&quot;:false,&quot;keep_padding&quot;:false,&quot;hoverpause&quot;:false,&quot;show_slide_delay&quot;:0}\"  itemprop=\"image\" itemscope=\"itemscope\" itemtype=\"https:\/\/schema.org\/ImageObject\" ><ul class='avia-slideshow-inner ' style='padding-bottom: 133.24708926261%;'><li  class='avia-slideshow-slide av-m9xf4gqr-e0ba3caa7375b0e619185e269d7e4aa0__0  slide-1 slide-odd'><div data-rel='slideshow-2' class='avia-slide-wrap '   ><img decoding=\"async\" fetchpriority=\"high\" class=\"wp-image-3361 avia-img-lazy-loading-not-3361\"  src=\"https:\/\/www.teanaulodge.com\/wp-content\/uploads\/2025\/04\/IMG_2707-773x1030.jpg\" width=\"773\" height=\"1030\" title='IMG_2707' alt=''  itemprop=\"thumbnailUrl\" srcset=\"https:\/\/www.teanaulodge.com\/wp-content\/uploads\/2025\/04\/IMG_2707-773x1030.jpg 773w, https:\/\/www.teanaulodge.com\/wp-content\/uploads\/2025\/04\/IMG_2707-225x300.jpg 225w, https:\/\/www.teanaulodge.com\/wp-content\/uploads\/2025\/04\/IMG_2707-768x1024.jpg 768w, https:\/\/www.teanaulodge.com\/wp-content\/uploads\/2025\/04\/IMG_2707-1152x1536.jpg 1152w, https:\/\/www.teanaulodge.com\/wp-content\/uploads\/2025\/04\/IMG_2707-1536x2048.jpg 1536w, https:\/\/www.teanaulodge.com\/wp-content\/uploads\/2025\/04\/IMG_2707-1125x1500.jpg 1125w, https:\/\/www.teanaulodge.com\/wp-content\/uploads\/2025\/04\/IMG_2707-529x705.jpg 529w, https:\/\/www.teanaulodge.com\/wp-content\/uploads\/2025\/04\/IMG_2707-scaled.jpg 1920w\" sizes=\"(max-width: 773px) 100vw, 773px\" \/><\/div><\/li><li  class='avia-slideshow-slide av-m9xf4gqr-e0ba3caa7375b0e619185e269d7e4aa0__1  slide-2 slide-even'><div data-rel='slideshow-2' class='avia-slide-wrap '   ><img decoding=\"async\" fetchpriority=\"high\" class=\"wp-image-3367 avia-img-lazy-loading-not-3367\"  src=\"https:\/\/www.teanaulodge.com\/wp-content\/uploads\/2025\/04\/IMG_2706-887x1030.jpg\" width=\"887\" height=\"1030\" title='IMG_2706' alt=''  itemprop=\"thumbnailUrl\" srcset=\"https:\/\/www.teanaulodge.com\/wp-content\/uploads\/2025\/04\/IMG_2706-887x1030.jpg 887w, https:\/\/www.teanaulodge.com\/wp-content\/uploads\/2025\/04\/IMG_2706-258x300.jpg 258w, https:\/\/www.teanaulodge.com\/wp-content\/uploads\/2025\/04\/IMG_2706-768x891.jpg 768w, https:\/\/www.teanaulodge.com\/wp-content\/uploads\/2025\/04\/IMG_2706-1323x1536.jpg 1323w, https:\/\/www.teanaulodge.com\/wp-content\/uploads\/2025\/04\/IMG_2706-1764x2048.jpg 1764w, https:\/\/www.teanaulodge.com\/wp-content\/uploads\/2025\/04\/IMG_2706-1292x1500.jpg 1292w, https:\/\/www.teanaulodge.com\/wp-content\/uploads\/2025\/04\/IMG_2706-607x705.jpg 607w\" sizes=\"(max-width: 887px) 100vw, 887px\" \/><\/div><\/li><\/ul><div class='avia-slideshow-arrows avia-slideshow-controls' ><a href='#prev' class='prev-slide ' aria-hidden='true' data-av_icon='\ue87c' data-av_iconfont='entypo-fontello'  tabindex='-1'>Anterior<\/a><a href='#next' class='next-slide ' aria-hidden='true' data-av_icon='\ue87d' data-av_iconfont='entypo-fontello'  tabindex='-1'>Posterior<\/a><\/div><div class='avia-slideshow-dots avia-slideshow-controls'><a href='#1' class='goto-slide active' >1<\/a><a href='#2' class='goto-slide ' >2<\/a><\/div><\/div><\/div>\n<div  class='flex_column av-p4kx-cf3cac38da2575834bf474bbaadb1355 av_two_third  avia-builder-el-9  el_after_av_one_third  avia-builder-el-last  flex_column_div  '     ><section  class='av_textblock_section av-m9xf9k4l-5890da9ee12c92afc45c6cbcc41df535 '   itemscope=\"itemscope\" itemtype=\"https:\/\/schema.org\/CreativeWork\" ><div class='avia_textblock'  itemprop=\"text\" ><p>Para eventos especiales, podemos organizar cenas u otras comidas a trav\u00e9s de un servicio de catering externo. Nuestro socio desde hace tiempo es <a href=\"https:\/\/www.instagram.com\/lakefront_cafe\/?hl=en\">Lakefront Cafe<\/a> de Te Anau, especializado en deliciosos brunchs y tentempi\u00e9s. P\u00f3ngase en contacto con nosotros para obtener m\u00e1s informaci\u00f3n y podremos encontrar una soluci\u00f3n para sus necesidades individuales.<\/p>\n<\/div><\/section><\/div>\n","protected":false},"excerpt":{"rendered":"","protected":false},"author":1,"featured_media":0,"parent":0,"menu_order":0,"comment_status":"closed","ping_status":"closed","template":"","meta":{"footnotes":""},"class_list":["post-3882","page","type-page","status-publish","hentry"],"_links":{"self":[{"href":"https:\/\/www.teanaulodge.com\/es\/wp-json\/wp\/v2\/pages\/3882"}],"collection":[{"href":"https:\/\/www.teanaulodge.com\/es\/wp-json\/wp\/v2\/pages"}],"about":[{"href":"https:\/\/www.teanaulodge.com\/es\/wp-json\/wp\/v2\/types\/page"}],"author":[{"embeddable":true,"href":"https:\/\/www.teanaulodge.com\/es\/wp-json\/wp\/v2\/users\/1"}],"replies":[{"embeddable":true,"href":"https:\/\/www.teanaulodge.com\/es\/wp-json\/wp\/v2\/comments?post=3882"}],"version-history":[{"count":7,"href":"https:\/\/www.teanaulodge.com\/es\/wp-json\/wp\/v2\/pages\/3882\/revisions"}],"predecessor-version":[{"id":3893,"href":"https:\/\/www.teanaulodge.com\/es\/wp-json\/wp\/v2\/pages\/3882\/revisions\/3893"}],"wp:attachment":[{"href":"https:\/\/www.teanaulodge.com\/es\/wp-json\/wp\/v2\/media?parent=3882"}],"curies":[{"name":"wp","href":"https:\/\/api.w.org\/{rel}","templated":true}]}}