{"id":3521,"date":"2025-07-15T00:10:50","date_gmt":"2025-07-15T00:10:50","guid":{"rendered":"https:\/\/www.teanaulodge.com\/informacion-general\/"},"modified":"2025-07-15T00:10:50","modified_gmt":"2025-07-15T00:10:50","slug":"informacion-general","status":"publish","type":"page","link":"https:\/\/www.teanaulodge.com\/es\/informacion-general\/","title":{"rendered":"Informaci\u00f3n general"},"content":{"rendered":"<div id='layer_slider_1'  class='avia-layerslider main_color avia-shadow  avia-builder-el-0  el_before_av_heading  avia-builder-el-first  container_wrap sidebar_right'  style='height: 151px;'  ><\/div><div id='after_layer_slider_1'  class='main_color av_default_container_wrap container_wrap sidebar_right'  ><div class='container av-section-cont-open' ><div class='template-page content  av-content-small alpha units'><div class='post-entry post-entry-type-page post-entry-3521'><div class='entry-content-wrapper clearfix'>\n\n<style type=\"text\/css\" data-created_by=\"avia_inline_auto\" id=\"style-css-av-1e9d1-1ed38bfe1ba3efa4e53c594ceaac7bc8\">\n#top .av-special-heading.av-1e9d1-1ed38bfe1ba3efa4e53c594ceaac7bc8{\npadding-bottom:10px;\n}\nbody .av-special-heading.av-1e9d1-1ed38bfe1ba3efa4e53c594ceaac7bc8 .av-special-heading-tag .heading-char{\nfont-size:25px;\n}\n.av-special-heading.av-1e9d1-1ed38bfe1ba3efa4e53c594ceaac7bc8 .av-subheading{\nfont-size:15px;\n}\n<\/style>\n<div  class='av-special-heading av-1e9d1-1ed38bfe1ba3efa4e53c594ceaac7bc8 av-special-heading-h2 blockquote modern-quote  avia-builder-el-1  el_after_av_layerslider  el_before_av_one_half  avia-builder-el-first '><h2 class='av-special-heading-tag '  itemprop=\"headline\"  >Informaci\u00f3n general<\/h2><div class=\"special-heading-border\"><div class=\"special-heading-inner-border\"><\/div><\/div><\/div>\n<div  class='flex_column av-2si5p-69adaf10becbe24180113e30f3d6df83 av_one_half  avia-builder-el-2  el_after_av_heading  el_before_av_one_half  first flex_column_div  '     ><section  class='av_textblock_section av-m9xhu1r5-bbfb4b8e102f3abe430151888374c2a3 '   itemscope=\"itemscope\" itemtype=\"https:\/\/schema.org\/CreativeWork\" ><div class='avia_textblock'  itemprop=\"text\" ><h4>\u00a0Hora de entrada<\/h4>\n<p>Entre las 14:00 y las 19:00 horas<\/p>\n<h4>Hora de salida<\/h4>\n<p>10:00 am<\/p>\n<h4>Horario de recepci\u00f3n<\/h4>\n<p>8am &#8211; 7pm<\/p>\n<h4>C\u00f3mo llegar<\/h4>\n<p>52 Howden Street, Te Anau 9600<\/p>\n<h4>Informaci\u00f3n adicional<\/h4>\n<p>El registro de entrada despu\u00e9s de lo habitual se puede realizar bajo petici\u00f3n. En caso de retraso en el registro de entrada, se ruega avisar antes de las 18.00 horas del d\u00eda en cuesti\u00f3n, preferiblemente con una hora estimada de llegada.<\/p>\n<\/div><\/section><\/div><div  class='flex_column av-1y0ml-2a39a33ede080d5027064d1e62357502 av_one_half  avia-builder-el-4  el_after_av_one_half  avia-builder-el-last  flex_column_div  '     ><style type=\"text\/css\" data-created_by=\"avia_inline_auto\" id=\"style-css-av-ma365ii7-a86a018fed36b8baf304beff0ae55f03\">\n.avia-image-container.av-ma365ii7-a86a018fed36b8baf304beff0ae55f03 img.avia_image{\nbox-shadow:none;\n}\n.avia-image-container.av-ma365ii7-a86a018fed36b8baf304beff0ae55f03 .av-image-caption-overlay-center{\ncolor:#ffffff;\n}\n<\/style>\n<div  class='avia-image-container av-ma365ii7-a86a018fed36b8baf304beff0ae55f03 av-styling- avia-align-center  avia-builder-el-5  avia-builder-el-no-sibling '   itemprop=\"image\" itemscope=\"itemscope\" itemtype=\"https:\/\/schema.org\/ImageObject\" ><div class=\"avia-image-container-inner\"><div class=\"avia-image-overlay-wrap\"><img decoding=\"async\" fetchpriority=\"high\" class='wp-image-794 avia-img-lazy-loading-not-794 avia_image ' src=\"https:\/\/www.teanaulodge.com\/wp-content\/uploads\/2015\/01\/teanaulodge112.jpg\" alt='' title='teanaulodge112'  height=\"199\" width=\"300\"  itemprop=\"thumbnailUrl\"  \/><\/div><\/div><\/div><\/div><\/p>\n","protected":false},"excerpt":{"rendered":"","protected":false},"author":2,"featured_media":0,"parent":0,"menu_order":0,"comment_status":"closed","ping_status":"closed","template":"","meta":{"footnotes":""},"class_list":["post-3521","page","type-page","status-publish","hentry"],"_links":{"self":[{"href":"https:\/\/www.teanaulodge.com\/es\/wp-json\/wp\/v2\/pages\/3521"}],"collection":[{"href":"https:\/\/www.teanaulodge.com\/es\/wp-json\/wp\/v2\/pages"}],"about":[{"href":"https:\/\/www.teanaulodge.com\/es\/wp-json\/wp\/v2\/types\/page"}],"author":[{"embeddable":true,"href":"https:\/\/www.teanaulodge.com\/es\/wp-json\/wp\/v2\/users\/2"}],"replies":[{"embeddable":true,"href":"https:\/\/www.teanaulodge.com\/es\/wp-json\/wp\/v2\/comments?post=3521"}],"version-history":[{"count":2,"href":"https:\/\/www.teanaulodge.com\/es\/wp-json\/wp\/v2\/pages\/3521\/revisions"}],"predecessor-version":[{"id":3523,"href":"https:\/\/www.teanaulodge.com\/es\/wp-json\/wp\/v2\/pages\/3521\/revisions\/3523"}],"wp:attachment":[{"href":"https:\/\/www.teanaulodge.com\/es\/wp-json\/wp\/v2\/media?parent=3521"}],"curies":[{"name":"wp","href":"https:\/\/api.w.org\/{rel}","templated":true}]}}