{"id":479,"date":"2015-01-12T13:52:59","date_gmt":"2015-01-12T13:52:59","guid":{"rendered":"http:\/\/www.teanaulodge.com\/?page_id=479"},"modified":"2025-07-14T23:50:11","modified_gmt":"2025-07-14T23:50:11","slug":"2-2","status":"publish","type":"page","link":"https:\/\/www.teanaulodge.com\/de\/","title":{"rendered":"Te Anau Lodge \u2013 A unique accommodation experience"},"content":{"rendered":"<div id='full_slider_1'  class='avia-fullwidth-slider main_color avia-shadow   avia-builder-el-0  el_before_av_heading  avia-builder-el-first   container_wrap sidebar_right'  ><div  class='avia-slideshow av-md3q1cnh-89beafa04789ed03f7fbd8ef20c891b0 avia-slideshow-featured_large av_slideshow_full avia-slide-slider av-slideshow-ui av-control-default av-slideshow-autoplay av-loop-endless av-loop-manual-endless av-default-height-applied   avia-slideshow-1' data-slideshow-options=\"{&quot;animation&quot;:&quot;slide&quot;,&quot;autoplay&quot;:true,&quot;loop_autoplay&quot;:&quot;endless&quot;,&quot;interval&quot;:5,&quot;loop_manual&quot;:&quot;manual-endless&quot;,&quot;autoplay_stopper&quot;:false,&quot;noNavigation&quot;:false,&quot;bg_slider&quot;:false,&quot;keep_padding&quot;:false,&quot;hoverpause&quot;:false,&quot;show_slide_delay&quot;:0}\"  itemprop=\"image\" itemscope=\"itemscope\" itemtype=\"https:\/\/schema.org\/ImageObject\" ><ul class='avia-slideshow-inner ' style='padding-bottom: 38%;'><li  class='avia-slideshow-slide av-md3q1cnh-89beafa04789ed03f7fbd8ef20c891b0__0  slide-1 slide-odd'><div data-rel='slideshow-1' class='avia-slide-wrap '   ><div class='av-slideshow-caption av-md3q1cnh-89beafa04789ed03f7fbd8ef20c891b0__0 caption_fullwidth caption_right caption_right_framed caption_framed'><div class=\"container caption_container\"><div class=\"slideshow_caption\"><div class=\"slideshow_inner_caption\"><div class=\"slideshow_align_caption\"><h2 class='avia-caption-title '  itemprop=\"name\" >Willkommen in der Te Anau Lodge<\/h2><div class='avia-caption-content '  itemprop=\"description\" ><p>Erleben Sie die echte W\u00e4rme der traditionellen Gastfreundschaft Neuseelands <br \/> in der entspannten und ruhigen Umgebung unseres Klosters, das 1936 gebaut und verlegt wurde\u2026<\/p>\n<\/div><\/div><\/div><\/div><\/div><\/div><img decoding=\"async\" fetchpriority=\"high\" class=\"wp-image-17 avia-img-lazy-loading-not-17\"  src=\"https:\/\/www.teanaulodge.com\/wp-content\/uploads\/2015\/01\/slide1-1600-1500x570.jpg\" width=\"1500\" height=\"570\" title='slide1-1600' alt=''  itemprop=\"thumbnailUrl\"  style='min-height:300px; min-width:790px; ' srcset=\"https:\/\/www.teanaulodge.com\/wp-content\/uploads\/2015\/01\/slide1-1600-1500x570.jpg 1500w, https:\/\/www.teanaulodge.com\/wp-content\/uploads\/2015\/01\/slide1-1600-845x321.jpg 845w\" sizes=\"(max-width: 1500px) 100vw, 1500px\" \/><\/div><\/li><li  class='avia-slideshow-slide av-md3q1cnh-89beafa04789ed03f7fbd8ef20c891b0__1  slide-2 slide-even'><div data-rel='slideshow-1' class='avia-slide-wrap '   ><div class='av-slideshow-caption av-md3q1cnh-89beafa04789ed03f7fbd8ef20c891b0__1 caption_fullwidth caption_center'><div class=\"container caption_container\"><div class=\"slideshow_caption\"><div class=\"slideshow_inner_caption\"><div class=\"slideshow_align_caption\"><h2 class='avia-caption-title '  itemprop=\"name\" >\u2026In einem der landschaftlich sch\u00f6nsten Gebiete des Landes \u2013 Das atemberaubende Fiordland!<\/h2><\/div><\/div><\/div><\/div><\/div><img decoding=\"async\" fetchpriority=\"high\" class=\"wp-image-95 avia-img-lazy-loading-not-95\"  src=\"https:\/\/www.teanaulodge.com\/wp-content\/uploads\/2015\/03\/te_anau_jetty_hp_slide-1500x570.jpg\" width=\"1500\" height=\"570\" title='te_anau_jetty_hp_slide' alt=''  itemprop=\"thumbnailUrl\"  style='min-height:300px; min-width:790px; ' srcset=\"https:\/\/www.teanaulodge.com\/wp-content\/uploads\/2015\/03\/te_anau_jetty_hp_slide-1500x570.jpg 1500w, https:\/\/www.teanaulodge.com\/wp-content\/uploads\/2015\/03\/te_anau_jetty_hp_slide-845x321.jpg 845w\" sizes=\"(max-width: 1500px) 100vw, 1500px\" \/><\/div><\/li><li  class='avia-slideshow-slide av-md3q1cnh-89beafa04789ed03f7fbd8ef20c891b0__2  slide-3 slide-odd'><div data-rel='slideshow-1' class='avia-slide-wrap '   ><div class='av-slideshow-caption av-md3q1cnh-89beafa04789ed03f7fbd8ef20c891b0__2 caption_fullwidth caption_center caption_center_framed caption_framed'><div class=\"container caption_container\"><div class=\"slideshow_caption\"><div class=\"slideshow_inner_caption\"><div class=\"slideshow_align_caption\"><h2 class='avia-caption-title '  itemprop=\"name\" >Genie\u00dfen Sie ein k\u00f6stliches Fr\u00fchst\u00fcck in der Kapelle<\/h2><\/div><\/div><\/div><\/div><\/div><img decoding=\"async\" fetchpriority=\"high\" class=\"wp-image-1696 avia-img-lazy-loading-not-1696\"  src=\"https:\/\/www.teanaulodge.com\/wp-content\/uploads\/2025\/04\/IMG_3867-1500x630.jpg\" width=\"1500\" height=\"630\" title='IMG_3867' alt=''  itemprop=\"thumbnailUrl\"  style='min-height:300px; min-width:715px; ' \/><\/div><\/li><li  class='avia-slideshow-slide av-md3q1cnh-89beafa04789ed03f7fbd8ef20c891b0__3  slide-4 slide-even'><div data-rel='slideshow-1' class='avia-slide-wrap '   ><div class='av-slideshow-caption av-md3q1cnh-89beafa04789ed03f7fbd8ef20c891b0__3 caption_fullwidth caption_bottom'><div class=\"container caption_container\"><div class=\"slideshow_caption\"><div class=\"slideshow_inner_caption\"><div class=\"slideshow_align_caption\"><h2 class='avia-caption-title '  itemprop=\"name\" >Erfreuen Sie sich an der Aussicht aus dem sonnigen Garten\u2026<\/h2><\/div><\/div><\/div><\/div><\/div><img decoding=\"async\" fetchpriority=\"high\" class=\"wp-image-2848 avia-img-lazy-loading-not-2848\"  src=\"https:\/\/www.teanaulodge.com\/wp-content\/uploads\/2025\/04\/IMG_4673-1500x630.jpg\" width=\"1500\" height=\"630\" title='IMG_4673' alt=''  itemprop=\"thumbnailUrl\"  style='min-height:300px; min-width:715px; ' \/><\/div><\/li><li  class='avia-slideshow-slide av-md3q1cnh-89beafa04789ed03f7fbd8ef20c891b0__4  slide-5 slide-odd'><div data-rel='slideshow-1' class='avia-slide-wrap '   ><div class='av-slideshow-caption av-md3q1cnh-89beafa04789ed03f7fbd8ef20c891b0__4 caption_fullwidth caption_center caption_center_framed caption_framed'><div class=\"container caption_container\"><div class=\"slideshow_caption\"><div class=\"slideshow_inner_caption\"><div class=\"slideshow_align_caption\"><h2 class='avia-caption-title '  itemprop=\"name\" >\u2026und verbringen Sie entspannte Abende in der gem\u00fctlichen Bibliothek<\/h2><\/div><\/div><\/div><\/div><\/div><img decoding=\"async\" fetchpriority=\"high\" class=\"wp-image-2860 avia-img-lazy-loading-not-2860\"  src=\"https:\/\/www.teanaulodge.com\/wp-content\/uploads\/2025\/04\/IMG_4682-1500x630.jpg\" width=\"1500\" height=\"630\" title='IMG_4682' alt=''  itemprop=\"thumbnailUrl\"  style='min-height:300px; min-width:715px; ' \/><\/div><\/li><li  class='avia-slideshow-slide av-md3q1cnh-89beafa04789ed03f7fbd8ef20c891b0__5  slide-6 slide-even'><div data-rel='slideshow-1' class='avia-slide-wrap '   ><div class='av-slideshow-caption av-md3q1cnh-89beafa04789ed03f7fbd8ef20c891b0__5 caption_fullwidth caption_center caption_center_framed caption_framed'><div class=\"container caption_container\"><div class=\"slideshow_caption\"><div class=\"slideshow_inner_caption\"><div class=\"slideshow_align_caption\"><h2 class='avia-caption-title '  itemprop=\"name\" >W\u00e4hlen Sie aus verschiedenen Zimmern je nach Geschmack und Budget<\/h2><\/div><\/div><\/div><\/div><\/div><img decoding=\"async\" fetchpriority=\"high\" class=\"wp-image-2804 avia-img-lazy-loading-not-2804\"  src=\"https:\/\/www.teanaulodge.com\/wp-content\/uploads\/2025\/04\/Te-Anau-Lodge-Collage-1-1500x630.jpg\" width=\"1500\" height=\"630\" title='Te Anau Lodge Collage' alt=''  itemprop=\"thumbnailUrl\"  style='min-height:300px; min-width:715px; ' \/><\/div><\/li><\/ul><div class='avia-slideshow-arrows avia-slideshow-controls' ><a href='#prev' class='prev-slide ' aria-hidden='true' data-av_icon='\ue87c' data-av_iconfont='entypo-fontello'  tabindex='-1'>Zur\u00fcck<\/a><a href='#next' class='next-slide ' aria-hidden='true' data-av_icon='\ue87d' data-av_iconfont='entypo-fontello'  tabindex='-1'>Weiter<\/a><\/div><div class='avia-slideshow-dots avia-slideshow-controls'><a href='#1' class='goto-slide active' >1<\/a><a href='#2' class='goto-slide ' >2<\/a><a href='#3' class='goto-slide ' >3<\/a><a href='#4' class='goto-slide ' >4<\/a><a href='#5' class='goto-slide ' >5<\/a><a href='#6' class='goto-slide ' >6<\/a><\/div><\/div><\/div><div id='after_full_slider_1'  class='main_color av_default_container_wrap container_wrap sidebar_right'  ><div class='container av-section-cont-open' ><div class='template-page content  av-content-small alpha units'><div class='post-entry post-entry-type-page post-entry-479'><div class='entry-content-wrapper clearfix'>\n\n<style type=\"text\/css\" data-created_by=\"avia_inline_auto\" id=\"style-css-av-7zthb-22b305c791e43b55387673005a7a81eb\">\n#top .av-special-heading.av-7zthb-22b305c791e43b55387673005a7a81eb{\npadding-bottom:10px;\n}\nbody .av-special-heading.av-7zthb-22b305c791e43b55387673005a7a81eb .av-special-heading-tag .heading-char{\nfont-size:25px;\n}\n.av-special-heading.av-7zthb-22b305c791e43b55387673005a7a81eb .av-subheading{\nfont-size:15px;\n}\n<\/style>\n<div  class='av-special-heading av-7zthb-22b305c791e43b55387673005a7a81eb av-special-heading-h2 blockquote modern-quote  avia-builder-el-1  el_after_av_slideshow_full  el_before_av_one_fourth  avia-builder-el-first  av-linked-heading'><h2 class='av-special-heading-tag '  itemprop=\"headline\"  >Willkommen in der Te Anau Lodge<\/h2><div class='av-subheading av-subheading_below'><p>Ein einzigartiges \u00dcbernachtungserlebnis !<\/p>\n<\/div><div class=\"special-heading-border\"><div class=\"special-heading-inner-border\"><\/div><\/div><\/div>\n<div  class='flex_column av-164qu-657494fecb0f0b108971727c44610457 av_one_fourth  avia-builder-el-2  el_after_av_heading  el_before_av_one_half  first flex_column_div  '     ><p>\n<style type=\"text\/css\" data-created_by=\"avia_inline_auto\" id=\"style-css-av-134sq-417037e29ae0891fe000cef707f29b12\">\n#top .hr.hr-invisible.av-134sq-417037e29ae0891fe000cef707f29b12{\nheight:50px;\n}\n<\/style>\n<div  class='hr av-134sq-417037e29ae0891fe000cef707f29b12 hr-invisible  avia-builder-el-3  el_before_av_font_icon  avia-builder-el-first '><span class='hr-inner '><span class=\"hr-inner-style\"><\/span><\/span><\/div><br \/>\n\n<style type=\"text\/css\" data-created_by=\"avia_inline_auto\" id=\"style-css-av-122gg-8aff13697e4d51986ae9d77faf1756a6\">\n.av_font_icon.av-122gg-8aff13697e4d51986ae9d77faf1756a6{\ncolor:#ff0000;\nborder-color:#ff0000;\n}\n.av_font_icon.av-122gg-8aff13697e4d51986ae9d77faf1756a6 .av-icon-char{\nfont-size:40px;\nline-height:40px;\nwidth:40px;\n}\n<\/style>\n<span  class='av_font_icon av-122gg-8aff13697e4d51986ae9d77faf1756a6 avia_animate_when_visible av-icon-style-border avia-icon-pos-center avia-icon-animate'><a href='https:\/\/www.teanaulodge.com\/book-now\/'   class='av-icon-char' aria-hidden='false' data-av_icon='\ue83f' data-av_iconfont='entypo-fontello' data-avia-icon-tooltip=\"&lt;br \/&gt;\nSpring Last Minute Discount ! &amp;#8211; 50% !!&lt;br \/&gt;\n(1-30 Sept for new bookings)&lt;br \/&gt;\n\"><\/a><\/span><br \/>\n<section  class='av_textblock_section av-yl5c-41087927c4372f66ed2797f55f43a9d7 '   itemscope=\"itemscope\" itemtype=\"https:\/\/schema.org\/CreativeWork\" ><div class='avia_textblock'  itemprop=\"text\" ><\/div><\/section><br \/>\n<div  class='avia-button-wrap av-x2ra-5419d306398058057c84fbc63092950e-wrap avia-button-center  avia-builder-el-6  el_after_av_textblock  avia-builder-el-last '>\n<style type=\"text\/css\" data-created_by=\"avia_inline_auto\" id=\"style-css-av-x2ra-5419d306398058057c84fbc63092950e\">\n#top #wrap_all .avia-button.av-x2ra-5419d306398058057c84fbc63092950e{\nbackground-color:#ff0000;\nborder-color:#ff0000;\ncolor:#ffffff;\ntransition:all 0.4s ease-in-out;\n}\n<\/style>\n<a href='https:\/\/www.teanaulodge.com\/book-now\/'  class='avia-button av-x2ra-5419d306398058057c84fbc63092950e av-link-btn avia-icon_select-yes-left-icon avia-size-x-large avia-position-center'   aria-label=\"Book now!\"><span class='avia_button_icon avia_button_icon_left' aria-hidden='true' data-av_icon='\ue83f' data-av_iconfont='entypo-fontello'><\/span><span class='avia_iconbox_title' >Book now!<\/span><\/a><\/div><\/p><\/div>\n<div  class='flex_column av-ueto-b994162eae343a7d4abc80a5d53efcac av_one_half  avia-builder-el-7  el_after_av_one_fourth  el_before_av_one_fourth  flex_column_div  '     ><style type=\"text\/css\" data-created_by=\"avia_inline_auto\" id=\"style-css-av-t9ig-59505dfe1ba55bce5c552430cc99d0e1\">\n#top .av_textblock_section.av-t9ig-59505dfe1ba55bce5c552430cc99d0e1 .avia_textblock{\nfont-size:18px;\n}\n<\/style>\n<section  class='av_textblock_section av-t9ig-59505dfe1ba55bce5c552430cc99d0e1 '   itemscope=\"itemscope\" itemtype=\"https:\/\/schema.org\/CreativeWork\" ><div class='avia_textblock'  itemprop=\"text\" ><p><span class='av_dropcap1 av-av_dropcap1-3cd9da5fea0ef5fb27aee617571c39a3'>E<\/span>rleben Sie die echte Herzlichkeit der traditionellen Gastfreundschaft in der entspannten und ruhigen Atmosph\u00e4re unserer Te Anau Lodge, ein ehemaliges Kloster, erbaut 1936, dann zu einem der sch\u00f6nsten neuseel\u00e4ndischen Standorte, dem Fjordland Nationalpark mit atemberaubenden See- und Bergblicken, gebracht.<\/p>\n<p>Unter Beibehaltung ihres urspr\u00fcnglichen und reizvollen Charms wurde die Te Anau Lodge mit moderner Ausstattung liebevoll restauriert. Die Te Anau Lodge liegt ruhig und abgelegen, jedoch nur 15 Gehminuten vom Stadtzentrum von Te Anau entfernt.<\/p>\n<p>Ein leckeres Fr\u00fchst\u00fcck erwartet Sie in der Kapelle, geniessen Sie die sch\u00f6nen Ausblicke vom sonnigen Innenhof und verbringen Sie entspannte Abende in unserer gem\u00fctlichen Bibliothek.<\/p>\n<p><strong>YOU&#8217;VE COME ALL THIS WAY, STAY ANOTHER DAY<\/strong>.<\/p>\n<\/div><\/section><\/div>\n<div  class='flex_column av-qilw-8392a062010c551fc73dc241b5da1efc av_one_fourth  avia-builder-el-9  el_after_av_one_half  el_before_av_one_half  flex_column_div  '     ><p><div  class='avia-builder-widget-area clearfix  avia-builder-el-10  el_before_av_image  avia-builder-el-first '><section id=\"avia_fb_likebox-2\" class=\"widget clearfix avia-widget-container avia_fb_likebox avia_no_block_preview\"><div class=\"avia-preview-headline\">TeanauLodge V2 Facebook Likebox<\/div><div class=\"avia-preview-info\">Titel: <\/div><div class=\"avia-preview-info\">URL: https:\/\/www.facebook.com\/TeAnauLodge<\/div><div class=\"avia-preview-in-front\">Content is only rendered in frontend.<\/div><span class=\"seperator extralight-border\"><\/span><\/section><\/div><br \/>\n\n<style type=\"text\/css\" data-created_by=\"avia_inline_auto\" id=\"style-css-av-n25m-3772a61332374fdec1d3cc7fe31c003e\">\n.avia-image-container.av-n25m-3772a61332374fdec1d3cc7fe31c003e img.avia_image{\nbox-shadow:none;\n}\n.avia-image-container.av-n25m-3772a61332374fdec1d3cc7fe31c003e .av-caption-image-overlay-bg{\nopacity:0.4;\nbackground-color:#000000;\n}\n.avia-image-container.av-n25m-3772a61332374fdec1d3cc7fe31c003e .av-image-caption-overlay-center{\ncolor:#ffffff;\n}\n<\/style>\n<div  class='avia-image-container av-n25m-3772a61332374fdec1d3cc7fe31c003e av-styling- avia_animated_image av-animated-when-visible-95 pop-up avia-align-center  avia-builder-el-11  el_after_av_sidebar  avia-builder-el-last  noHover av-overlay-on-hover'   itemprop=\"image\" itemscope=\"itemscope\" itemtype=\"https:\/\/schema.org\/ImageObject\" ><div class=\"avia-image-container-inner\"><div class=\"avia-image-overlay-wrap\"><div class=\"av-image-caption-overlay\"><div class=\"av-caption-image-overlay-bg\"><\/div><div class=\"av-image-caption-overlay-position\"><div class=\"av-image-caption-overlay-center\"><p>Your host Mark<\/p>\n<\/div><\/div><\/div><img decoding=\"async\" fetchpriority=\"high\" class='wp-image-707 avia-img-lazy-loading-not-707 avia_image ' src=\"https:\/\/www.teanaulodge.com\/wp-content\/uploads\/2018\/11\/mark-teanaulodge-495x400.jpg\" alt='' title='mark-teanaulodge'  height=\"400\" width=\"495\"  itemprop=\"thumbnailUrl\" srcset=\"https:\/\/www.teanaulodge.com\/wp-content\/uploads\/2018\/11\/mark-teanaulodge-495x400.jpg 495w, https:\/\/www.teanaulodge.com\/wp-content\/uploads\/2018\/11\/mark-teanaulodge-845x684.jpg 845w\" sizes=\"(max-width: 495px) 100vw, 495px\" \/><\/div><\/div><\/div><\/p><\/div>\n<div  class='flex_column av-kntk-be25d8a9cd582981e3b014f5ffc1a7f9 av_one_half  avia-builder-el-12  el_after_av_one_fourth  el_before_av_one_fourth  first flex_column_div  column-top-margin'     ><p>\n<style type=\"text\/css\" data-created_by=\"avia_inline_auto\" id=\"style-css-av-ibsu-7f94efe2d54203dc7bc5c26016dd47eb\">\n#top .av-special-heading.av-ibsu-7f94efe2d54203dc7bc5c26016dd47eb{\npadding-bottom:10px;\n}\nbody .av-special-heading.av-ibsu-7f94efe2d54203dc7bc5c26016dd47eb .av-special-heading-tag .heading-char{\nfont-size:25px;\n}\n.av-special-heading.av-ibsu-7f94efe2d54203dc7bc5c26016dd47eb .av-subheading{\nfont-size:15px;\n}\n<\/style>\n<div  class='av-special-heading av-ibsu-7f94efe2d54203dc7bc5c26016dd47eb av-special-heading-h2 blockquote modern-quote  avia-builder-el-13  el_before_av_codeblock  avia-builder-el-first '><h2 class='av-special-heading-tag '  itemprop=\"headline\"  >Client Reviews<\/h2><div class=\"special-heading-border\"><div class=\"special-heading-inner-border\"><\/div><\/div><\/div><br \/>\n<\/p><\/div>\n<div  class='flex_column av-dybe-91c262303de1c09912ce91e31d97c6a4 av_one_fourth  avia-builder-el-15  el_after_av_one_half  el_before_av_one_fourth  flex_column_div  column-top-margin'     ><p><section  class='av_textblock_section av-c7f8-4a091395da05ec50599ea32a51cd837f '   itemscope=\"itemscope\" itemtype=\"https:\/\/schema.org\/CreativeWork\" ><div class='avia_textblock'  itemprop=\"text\" ><\/div><\/section><br \/>\n<\/p><\/div>\n<div  class='flex_column av-av_one_fourth-f73a11ccd29996a2a11249d534554c23 av_one_fourth  avia-builder-el-18  el_after_av_one_fourth  el_before_av_hr  flex_column_div  column-top-margin'     ><p>\n<style type=\"text\/css\" data-created_by=\"avia_inline_auto\" id=\"style-css-av-av_hr-5ca9877b71e9c9b08aa2f47115800ed3\">\n#top .hr.hr-invisible.av-av_hr-5ca9877b71e9c9b08aa2f47115800ed3{\nheight:50px;\n}\n<\/style>\n<div  class='hr av-av_hr-5ca9877b71e9c9b08aa2f47115800ed3 hr-invisible  avia-builder-el-19  el_before_av_font_icon  avia-builder-el-first '><span class='hr-inner '><span class=\"hr-inner-style\"><\/span><\/span><\/div><br \/>\n\n<style type=\"text\/css\" data-created_by=\"avia_inline_auto\" id=\"style-css-av-av_font_icon-c4356529e7b13003b19bb2a5cdedb839\">\n.av_font_icon.av-av_font_icon-c4356529e7b13003b19bb2a5cdedb839{\ncolor:#ff0000;\nborder-color:#ff0000;\n}\n.av_font_icon.av-av_font_icon-c4356529e7b13003b19bb2a5cdedb839 .av-icon-char{\nfont-size:40px;\nline-height:40px;\nwidth:40px;\n}\n<\/style>\n<span  class='av_font_icon av-av_font_icon-c4356529e7b13003b19bb2a5cdedb839 avia_animate_when_visible av-icon-style-border avia-icon-pos-center avia-icon-animate'><a href='https:\/\/www.teanaulodge.com\/book-now\/'   class='av-icon-char' aria-hidden='false' data-av_icon='\ue83f' data-av_iconfont='entypo-fontello' data-avia-icon-tooltip=\"&lt;br \/&gt;\nSpring Last Minute Discount ! &amp;#8211; 50% !!&lt;br \/&gt;\n(1-30 Sept for new bookings)&lt;br \/&gt;\n\"><\/a><\/span><br \/>\n<section  class='av_textblock_section av-av_textblock-681aee1dd5a0725615f5b616a49e8b76 '   itemscope=\"itemscope\" itemtype=\"https:\/\/schema.org\/CreativeWork\" ><div class='avia_textblock'  itemprop=\"text\" ><\/div><\/section><\/p><\/div>\n<div  class='hr av-av_hr-23b3846cdd0fbd0e234720a594f6db24 hr-default  avia-builder-el-22  el_after_av_one_fourth  el_before_av_social_share '><span class='hr-inner '><span class=\"hr-inner-style\"><\/span><\/span><\/div>\n<div  class='av-social-sharing-box av-av_social_share-5a79b1e181c9c22c4b0dc989bf2aa4eb av-social-sharing-box-rounded  avia-builder-el-23  el_after_av_hr  avia-builder-el-last  av-social-sharing-box-color-bg av-social-sharing-box-fullwidth'><div class=\"av-share-box\"><ul class=\"av-share-box-list noLightbox\"><li class='av-share-link av-social-link-facebook' ><a target=\"_blank\" aria-label=\"Teilen auf Facebook\" href='https:\/\/www.facebook.com\/sharer.php?u=https:\/\/www.teanaulodge.com\/de\/&#038;t=Te%20Anau%20Lodge%20%E2%80%93%20A%20unique%20accommodation%20experience' aria-hidden='false' data-av_icon='\ue8f3' data-av_iconfont='entypo-fontello' title='' data-avia-related-tooltip='Teilen auf Facebook' rel=\"noopener\"><span class='avia_hidden_link_text'>Teilen auf Facebook<\/span><\/a><\/li><li class='av-share-link av-social-link-twitter' ><a target=\"_blank\" aria-label=\"Teilen auf X\" href='https:\/\/twitter.com\/share?text=Te%20Anau%20Lodge%20%E2%80%93%20A%20unique%20accommodation%20experience&#038;url=https:\/\/www.teanaulodge.com\/de\/' aria-hidden='false' data-av_icon='\ue932' data-av_iconfont='entypo-fontello' title='' data-avia-related-tooltip='Teilen auf X' rel=\"noopener\"><span class='avia_hidden_link_text'>Teilen auf X<\/span><\/a><\/li><li class='av-share-link av-social-link-pinterest' ><a target=\"_blank\" aria-label=\"Teilen auf Pinterest\" href='https:\/\/pinterest.com\/pin\/create\/button\/?url=https%3A%2F%2Fwww.teanaulodge.com%2Fde%2F&#038;description=Te%20Anau%20Lodge%20%E2%80%93%20A%20unique%20accommodation%20experience&#038;media=' aria-hidden='false' data-av_icon='\ue8f8' data-av_iconfont='entypo-fontello' title='' data-avia-related-tooltip='Teilen auf Pinterest' rel=\"noopener\"><span class='avia_hidden_link_text'>Teilen auf Pinterest<\/span><\/a><\/li><li class='av-share-link av-social-link-linkedin' ><a target=\"_blank\" aria-label=\"Teilen auf LinkedIn\" href='https:\/\/linkedin.com\/shareArticle?mini=true&#038;title=Te%20Anau%20Lodge%20%E2%80%93%20A%20unique%20accommodation%20experience&#038;url=https:\/\/www.teanaulodge.com\/de\/' aria-hidden='false' data-av_icon='\ue8fc' data-av_iconfont='entypo-fontello' title='' data-avia-related-tooltip='Teilen auf LinkedIn' rel=\"noopener\"><span class='avia_hidden_link_text'>Teilen auf LinkedIn<\/span><\/a><\/li><li class='av-share-link av-social-link-tumblr' ><a target=\"_blank\" aria-label=\"Teilen auf Tumblr\" href='https:\/\/www.tumblr.com\/share\/link?url=https%3A%2F%2Fwww.teanaulodge.com%2Fde%2F&#038;name=Te%20Anau%20Lodge%20%E2%80%93%20A%20unique%20accommodation%20experience&#038;description=' aria-hidden='false' data-av_icon='\ue8fa' data-av_iconfont='entypo-fontello' title='' data-avia-related-tooltip='Teilen auf Tumblr' rel=\"noopener\"><span class='avia_hidden_link_text'>Teilen auf Tumblr<\/span><\/a><\/li><li class='av-share-link av-social-link-vk' ><a target=\"_blank\" aria-label=\"Teilen auf Vk\" href='https:\/\/vk.com\/share.php?url=https:\/\/www.teanaulodge.com\/de\/' aria-hidden='false' data-av_icon='\ue926' data-av_iconfont='entypo-fontello' title='' data-avia-related-tooltip='Teilen auf Vk' rel=\"noopener\"><span class='avia_hidden_link_text'>Teilen auf Vk<\/span><\/a><\/li><li class='av-share-link av-social-link-reddit' ><a target=\"_blank\" aria-label=\"Teilen auf Reddit\" href='https:\/\/reddit.com\/submit?url=https:\/\/www.teanaulodge.com\/de\/&#038;title=Te%20Anau%20Lodge%20%E2%80%93%20A%20unique%20accommodation%20experience' aria-hidden='false' data-av_icon='\ue927' data-av_iconfont='entypo-fontello' title='' data-avia-related-tooltip='Teilen auf Reddit' rel=\"noopener\"><span class='avia_hidden_link_text'>Teilen auf Reddit<\/span><\/a><\/li><li class='av-share-link av-social-link-mail' ><a  aria-label=\"Per E-Mail teilen\" href='mailto:?subject=Te%20Anau%20Lodge%20%E2%80%93%20A%20unique%20accommodation%20experience&#038;body=https:\/\/www.teanaulodge.com\/de\/' aria-hidden='false' data-av_icon='\ue805' data-av_iconfont='entypo-fontello' title='' data-avia-related-tooltip='Per E-Mail teilen'><span class='avia_hidden_link_text'>Per E-Mail teilen<\/span><\/a><\/li><\/ul><\/div><\/div>\n","protected":false},"excerpt":{"rendered":"","protected":false},"author":1,"featured_media":0,"parent":0,"menu_order":0,"comment_status":"closed","ping_status":"closed","template":"","meta":{"footnotes":""},"class_list":["post-479","page","type-page","status-publish","hentry"],"_links":{"self":[{"href":"https:\/\/www.teanaulodge.com\/de\/wp-json\/wp\/v2\/pages\/479"}],"collection":[{"href":"https:\/\/www.teanaulodge.com\/de\/wp-json\/wp\/v2\/pages"}],"about":[{"href":"https:\/\/www.teanaulodge.com\/de\/wp-json\/wp\/v2\/types\/page"}],"author":[{"embeddable":true,"href":"https:\/\/www.teanaulodge.com\/de\/wp-json\/wp\/v2\/users\/1"}],"replies":[{"embeddable":true,"href":"https:\/\/www.teanaulodge.com\/de\/wp-json\/wp\/v2\/comments?post=479"}],"version-history":[{"count":21,"href":"https:\/\/www.teanaulodge.com\/de\/wp-json\/wp\/v2\/pages\/479\/revisions"}],"predecessor-version":[{"id":3517,"href":"https:\/\/www.teanaulodge.com\/de\/wp-json\/wp\/v2\/pages\/479\/revisions\/3517"}],"wp:attachment":[{"href":"https:\/\/www.teanaulodge.com\/de\/wp-json\/wp\/v2\/media?parent=479"}],"curies":[{"name":"wp","href":"https:\/\/api.w.org\/{rel}","templated":true}]}}