{"id":475,"date":"2017-02-04T07:53:24","date_gmt":"2017-02-04T07:53:24","guid":{"rendered":"http:\/\/www.teanaulodge.com\/?page_id=475"},"modified":"2017-02-04T07:56:01","modified_gmt":"2017-02-04T07:56:01","slug":"geschichte","status":"publish","type":"page","link":"https:\/\/www.teanaulodge.com\/de\/geschichte\/","title":{"rendered":"Geschichte"},"content":{"rendered":"<div id='layer_slider_1'  class='avia-layerslider main_color avia-shadow  avia-builder-el-0  el_before_av_heading  avia-builder-el-first  container_wrap sidebar_right'  style='height: 151px;'  ><\/div><div id='after_layer_slider_1'  class='main_color av_default_container_wrap container_wrap sidebar_right'  ><div class='container av-section-cont-open' ><div class='template-page content  av-content-small alpha units'><div class='post-entry post-entry-type-page post-entry-475'><div class='entry-content-wrapper clearfix'>\n\n<style type=\"text\/css\" data-created_by=\"avia_inline_auto\" id=\"style-css-av-av_heading-fb66b7be7197891bba0a7e4c678cf9c7\">\n#top .av-special-heading.av-av_heading-fb66b7be7197891bba0a7e4c678cf9c7{\npadding-bottom:10px;\n}\nbody .av-special-heading.av-av_heading-fb66b7be7197891bba0a7e4c678cf9c7 .av-special-heading-tag .heading-char{\nfont-size:25px;\n}\n.av-special-heading.av-av_heading-fb66b7be7197891bba0a7e4c678cf9c7 .av-subheading{\nfont-size:15px;\n}\n<\/style>\n<div  class='av-special-heading av-av_heading-fb66b7be7197891bba0a7e4c678cf9c7 av-special-heading-h2  avia-builder-el-1  el_after_av_layerslider  el_before_av_two_third  avia-builder-el-first '><h2 class='av-special-heading-tag '  itemprop=\"headline\"  >KLOSTER DER BARMHERZIGEN SCHWESTERN &#8211; NIGHTCAPS<\/h2><div class=\"special-heading-border\"><div class=\"special-heading-inner-border\"><\/div><\/div><\/div>\n<div  class='flex_column av-av_two_third-2a9015ff38129c418a3f2eafba3e9512 av_two_third  avia-builder-el-2  el_after_av_heading  el_before_av_one_third  first flex_column_div  '     ><section  class='av_textblock_section av-av_textblock-0366cc7376be6c9e82a3e9cc8987b64f '   itemscope=\"itemscope\" itemtype=\"https:\/\/schema.org\/CreativeWork\" ><div class='avia_textblock'  itemprop=\"text\" ><p>Bevor das Geb\u00e4ude unserer Lodge vom ca. 100km entfernten Nightcaps, einer ehemaligen Bergbausiedlung, nach Te Anau versetzt wurde, diente es als Kloster des Ordens der Barmherzigen Schwestern. Der Orden der Barmherzigen Schwestern wurde urspr\u00fcnglich 1831 von Catherine McAuley in Dublin, Irland, gegr\u00fcndet. Die Schwestern dieses Ordens waren die ersten, die 1850 von Irland nach Auckland gekommen sind. Zwischen 1850 und 1897 wurden in Neuseeland vier Gemeinden der Barmherzigkeit gegr\u00fcndet. 1890 lie\u00df sich eine kleine Gruppe der Ordensschwestern in der N\u00e4he von Gore nieder.<\/p>\n<p>1897 kam eine weitere Gruppe aus Singleton, New South Wales, Australien nach South Dunedin und die Schwestern von Gore schlossen sich mit ihnen zusammen. Innerhalb kurzer Zeit schlossen sich ihnen viele junge Frauen aus der Region an. Einige Gruppierungen zogen in verschiedene Teile Otagos und Southlands, er\u00f6ffneten Schulen und unterrichteten dort. So wurde 1899 auch in Wreys Bush ein Haus f\u00fcr eine Gruppe der Ordensschwestern gekauft und eine Schule gegr\u00fcndet, die einige Jahre erfolgreich gef\u00fchrt wurde.<\/p>\n<p>1917 hatte sich Nightcaps zu einer der wohlhabenden Gemeinden Southlands entwickelt. Der Kohlebergbau hatte Hochkonjunktur und die Arbeit in den Minen brachte viele junge Familien in die Gegend, von denen sich etliche dauerhaft niederlie\u00dfen.\u00a0 Einige Eltern interessierten sich f\u00fcr eine katholische Erziehung ihrer Kinder. Die n\u00e4chste katholische Schule war jedoch in Wreys Bush, etliche Kilometer von Nightcaps entfernt. Die Entfernung von Nightcaps war f\u00fcr die Kinder somit zu gro\u00df, um zu laufen und eine Transportm\u00f6glichkeit gab es nicht.<\/p>\n<p>Der Pfarrer J. Lynch zeigte besonderes Interesse am geistigen Wohlergehen der Kinder seiner Gemeinde und so dauerte es nicht lange, bis er eine Schule im Zentrum des Ortes errichtet hatte.\u00a0 Das Kloster der Barmherzigkeit von South Dunedin entsandte zwei Nonnen als Lehrerinnen. Diese reisten t\u00e4glich nach Nightcaps und wurden Teil der Gemeinde von Wreys Bush. Sie reisten mit einer Kutsche, die ein Geschenk an den Bischof Verdon von den Mitgliedern seines Bistums war. Da es kein allzu modernes Gef\u00e4hrt war und von zwei Pferden gezogen wurde, war es ein ziemlich ungew\u00f6hnlicher Anblick auf den Stra\u00dfen von Wreys Bush.<\/p>\n<p>Im Laufe der Jahre ver\u00e4nderte sich das St\u00e4dtchen Wreys Bush und in den fr\u00fchen 1930ern zogen viele Familien weg, was dramatische Auswirkungen f\u00fcr die Schule mit sich brachte. Schlie\u00dflich wurde entschieden, die Schule in Wreys Bush zu schlie\u00dfen und ein Kloster f\u00fcr die Ordensschwestern in Nightcaps zu bauen. Mittlerweile bestand eine Busverbindung f\u00fcr die Sch\u00fcler der \u00f6ffentlichen Schule, die durch Wreys Bush nach Nightcaps f\u00fchrte. Es wurde vereinbart, da\u00df die Sch\u00fcler der katholischen Schule diese ebenfalls ben\u00fctzen durften, um die Klosterschule zu besuchen. Der Bau des Klosters konnte ausgeschrieben werden.<\/p>\n<p>Die Bausumme f\u00fcr das Geb\u00e4ude betrug \u00a3 2420,15 und das Grundst\u00fcck kostete \u00a3 100.<\/p>\n<p>Dieses Foto wurde im Juni 1936 aufgenommen, kurz vor der Fertigstellung des Klosters.<\/p>\n<p>Das neue Klostergeb\u00e4ude wurde offiziell am 16. Juli 1936 er\u00f6ffnet. Die Schwestern des Ordens der Barmherzigkeit blieben bis zu dessen Schlie\u00dfung im Jahre 1987 in Nightcaps.<\/p>\n<p>W\u00e4hrend den 51 Jahren seines Bestehens lebten \u00fcber f\u00fcnfzig Schwestern im Kloster, arbeiteten in der Schule, unterrichteten Musik und Sprache und waren in den unterschiedlichsten Bereichen des Gemeindelebens involviert.<\/p>\n<p>Wir danken Schwester Julie Lawry vom Orden der barmherzigen Schwestern von Dunedin, da\u00df sie uns diese Informationen und alten Fotografien des St. Joseph\u2019s Klosters, der heutigen Lodge Te Anau, zur Verf\u00fcgung gestellt hat. F\u00fcr weiterf\u00fchrende Informationen zu Neuseelands Orden der Schwestern der Barmherzigkeit <i><a href=\"http:\/\/www.sistersofmercy.org.nz\/\">folgen Sie bitte diesem Link.<\/a><\/i><\/p>\n<\/div><\/section><\/div><div  class='flex_column av-av_one_third-1c47c10d9dd6b9bc0b68f292c1cf5942 av_one_third  avia-builder-el-4  el_after_av_two_third  avia-builder-el-last  flex_column_div  '     ><style type=\"text\/css\" data-created_by=\"avia_inline_auto\" id=\"style-css-av-av_gallery-0d13306b9c9580c06613d5148cfcdbda\">\n#top .avia-gallery.av-av_gallery-0d13306b9c9580c06613d5148cfcdbda .avia-gallery-thumb a{\nwidth:100%;\n}\n<\/style>\n<div  class='avia-gallery av-av_gallery-0d13306b9c9580c06613d5148cfcdbda avia_animate_when_visible  avia-builder-el-5  avia-builder-el-no-sibling  deactivate_avia_lazyload avia-gallery-animate avia-gallery-1'  itemprop=\"image\" itemscope=\"itemscope\" itemtype=\"https:\/\/schema.org\/ImageObject\" ><meta itemprop=\"contentURL\" content=\"https:\/\/www.teanaulodge.com\/de\/geschichte\/\"><div class='avia-gallery-thumb'><a href=\"https:\/\/www.teanaulodge.com\/wp-content\/uploads\/2015\/03\/buildconvent1.jpg\" data-rel='gallery-1' data-prev-img='https:\/\/www.teanaulodge.com\/wp-content\/uploads\/2015\/03\/buildconvent1.jpg' class='first_thumb lightbox ' data-onclick='1' title='buildconvent'  itemprop=\"thumbnailUrl\"  ><img decoding=\"async\" fetchpriority=\"high\" class=\"wp-image-138 avia-img-lazy-loading-not-138\"   src=\"https:\/\/www.teanaulodge.com\/wp-content\/uploads\/2015\/03\/buildconvent1.jpg\" width=\"270\" height=\"151\"  title='buildconvent' alt='' \/><div class='big-prev-fake'><img decoding=\"async\" loading=\"lazy\" class=\"wp-image-138 avia-img-lazy-loading-138\"  width=\"270\" height=\"151\" src=\"https:\/\/www.teanaulodge.com\/wp-content\/uploads\/2015\/03\/buildconvent1.jpg\" title='buildconvent' alt='' \/><\/div><\/a><a href=\"https:\/\/www.teanaulodge.com\/wp-content\/uploads\/2015\/03\/yosisters.jpg\" data-srcset=\"https:\/\/www.teanaulodge.com\/wp-content\/uploads\/2015\/03\/yosisters.jpg 350w, https:\/\/www.teanaulodge.com\/wp-content\/uploads\/2015\/03\/yosisters-300x177.jpg 300w\" data-sizes=\"(max-width: 350px) 100vw, 350px\" data-rel='gallery-1' data-prev-img='https:\/\/www.teanaulodge.com\/wp-content\/uploads\/2015\/03\/yosisters.jpg' class='first_thumb lightbox ' data-onclick='2' title='yosisters'  itemprop=\"thumbnailUrl\"  ><img decoding=\"async\" fetchpriority=\"high\" class=\"wp-image-141 avia-img-lazy-loading-not-141\"   src=\"https:\/\/www.teanaulodge.com\/wp-content\/uploads\/2015\/03\/yosisters.jpg\" width=\"350\" height=\"206\"  title='yosisters' alt='' srcset=\"https:\/\/www.teanaulodge.com\/wp-content\/uploads\/2015\/03\/yosisters.jpg 350w, https:\/\/www.teanaulodge.com\/wp-content\/uploads\/2015\/03\/yosisters-300x177.jpg 300w\" sizes=\"(max-width: 350px) 100vw, 350px\" \/><div class='big-prev-fake'><img decoding=\"async\" loading=\"lazy\" class=\"wp-image-141 avia-img-lazy-loading-141\"  width=\"350\" height=\"206\" src=\"https:\/\/www.teanaulodge.com\/wp-content\/uploads\/2015\/03\/yosisters.jpg\" title='yosisters' alt='' srcset=\"https:\/\/www.teanaulodge.com\/wp-content\/uploads\/2015\/03\/yosisters.jpg 350w, https:\/\/www.teanaulodge.com\/wp-content\/uploads\/2015\/03\/yosisters-300x177.jpg 300w\" sizes=\"(max-width: 350px) 100vw, 350px\" \/><\/div><\/a><a href=\"https:\/\/www.teanaulodge.com\/wp-content\/uploads\/2015\/03\/communion.jpg\" data-rel='gallery-1' data-prev-img='https:\/\/www.teanaulodge.com\/wp-content\/uploads\/2015\/03\/communion.jpg' class='first_thumb lightbox ' data-onclick='3' title='communion'  itemprop=\"thumbnailUrl\"  ><img decoding=\"async\" fetchpriority=\"high\" class=\"wp-image-137 avia-img-lazy-loading-not-137\"   src=\"https:\/\/www.teanaulodge.com\/wp-content\/uploads\/2015\/03\/communion.jpg\" width=\"266\" height=\"171\"  title='communion' alt='' \/><div class='big-prev-fake'><img decoding=\"async\" loading=\"lazy\" class=\"wp-image-137 avia-img-lazy-loading-137\"  width=\"266\" height=\"171\" src=\"https:\/\/www.teanaulodge.com\/wp-content\/uploads\/2015\/03\/communion.jpg\" title='communion' alt='' \/><\/div><\/a><a href=\"https:\/\/www.teanaulodge.com\/wp-content\/uploads\/2015\/03\/nuns1949.jpg\" data-rel='gallery-1' data-prev-img='https:\/\/www.teanaulodge.com\/wp-content\/uploads\/2015\/03\/nuns1949.jpg' class='first_thumb lightbox ' data-onclick='4' title='nuns1949'  itemprop=\"thumbnailUrl\"  ><img decoding=\"async\" fetchpriority=\"high\" class=\"wp-image-139 avia-img-lazy-loading-not-139\"   src=\"https:\/\/www.teanaulodge.com\/wp-content\/uploads\/2015\/03\/nuns1949.jpg\" width=\"266\" height=\"173\"  title='nuns1949' alt='' \/><div class='big-prev-fake'><img decoding=\"async\" loading=\"lazy\" class=\"wp-image-139 avia-img-lazy-loading-139\"  width=\"266\" height=\"173\" src=\"https:\/\/www.teanaulodge.com\/wp-content\/uploads\/2015\/03\/nuns1949.jpg\" title='nuns1949' alt='' \/><\/div><\/a><a href=\"https:\/\/www.teanaulodge.com\/wp-content\/uploads\/2015\/03\/bishop.jpg\" data-rel='gallery-1' data-prev-img='https:\/\/www.teanaulodge.com\/wp-content\/uploads\/2015\/03\/bishop.jpg' class='first_thumb lightbox ' data-onclick='5' title='bishop'  itemprop=\"thumbnailUrl\"  ><img decoding=\"async\" fetchpriority=\"high\" class=\"wp-image-135 avia-img-lazy-loading-not-135\"   src=\"https:\/\/www.teanaulodge.com\/wp-content\/uploads\/2015\/03\/bishop.jpg\" width=\"266\" height=\"227\"  title='bishop' alt='' \/><div class='big-prev-fake'><img decoding=\"async\" loading=\"lazy\" class=\"wp-image-135 avia-img-lazy-loading-135\"  width=\"266\" height=\"227\" src=\"https:\/\/www.teanaulodge.com\/wp-content\/uploads\/2015\/03\/bishop.jpg\" title='bishop' alt='' \/><\/div><\/a><a href=\"https:\/\/www.teanaulodge.com\/wp-content\/uploads\/2015\/03\/1965nuns.jpg\" data-rel='gallery-1' data-prev-img='https:\/\/www.teanaulodge.com\/wp-content\/uploads\/2015\/03\/1965nuns.jpg' class='first_thumb lightbox ' data-onclick='6' title='1965nuns'  itemprop=\"thumbnailUrl\"  ><img decoding=\"async\" fetchpriority=\"high\" class=\"wp-image-134 avia-img-lazy-loading-not-134\"   src=\"https:\/\/www.teanaulodge.com\/wp-content\/uploads\/2015\/03\/1965nuns.jpg\" width=\"266\" height=\"181\"  title='1965nuns' alt='' \/><div class='big-prev-fake'><img decoding=\"async\" loading=\"lazy\" class=\"wp-image-134 avia-img-lazy-loading-134\"  width=\"266\" height=\"181\" src=\"https:\/\/www.teanaulodge.com\/wp-content\/uploads\/2015\/03\/1965nuns.jpg\" title='1965nuns' alt='' \/><\/div><\/a><a href=\"https:\/\/www.teanaulodge.com\/wp-content\/uploads\/2015\/03\/topconvent.jpg\" data-rel='gallery-1' data-prev-img='https:\/\/www.teanaulodge.com\/wp-content\/uploads\/2015\/03\/topconvent.jpg' class='first_thumb lightbox ' data-onclick='7' title='topconvent'  itemprop=\"thumbnailUrl\"  ><img decoding=\"async\" fetchpriority=\"high\" class=\"wp-image-140 avia-img-lazy-loading-not-140\"   src=\"https:\/\/www.teanaulodge.com\/wp-content\/uploads\/2015\/03\/topconvent.jpg\" width=\"266\" height=\"151\"  title='topconvent' alt='' \/><div class='big-prev-fake'><img decoding=\"async\" loading=\"lazy\" class=\"wp-image-140 avia-img-lazy-loading-140\"  width=\"266\" height=\"151\" src=\"https:\/\/www.teanaulodge.com\/wp-content\/uploads\/2015\/03\/topconvent.jpg\" title='topconvent' alt='' \/><\/div><\/a><\/div><\/div><\/div><\/p>\n","protected":false},"excerpt":{"rendered":"","protected":false},"author":2,"featured_media":0,"parent":0,"menu_order":0,"comment_status":"closed","ping_status":"closed","template":"","meta":{"footnotes":""},"class_list":["post-475","page","type-page","status-publish","hentry"],"_links":{"self":[{"href":"https:\/\/www.teanaulodge.com\/de\/wp-json\/wp\/v2\/pages\/475"}],"collection":[{"href":"https:\/\/www.teanaulodge.com\/de\/wp-json\/wp\/v2\/pages"}],"about":[{"href":"https:\/\/www.teanaulodge.com\/de\/wp-json\/wp\/v2\/types\/page"}],"author":[{"embeddable":true,"href":"https:\/\/www.teanaulodge.com\/de\/wp-json\/wp\/v2\/users\/2"}],"replies":[{"embeddable":true,"href":"https:\/\/www.teanaulodge.com\/de\/wp-json\/wp\/v2\/comments?post=475"}],"version-history":[{"count":1,"href":"https:\/\/www.teanaulodge.com\/de\/wp-json\/wp\/v2\/pages\/475\/revisions"}],"predecessor-version":[{"id":476,"href":"https:\/\/www.teanaulodge.com\/de\/wp-json\/wp\/v2\/pages\/475\/revisions\/476"}],"wp:attachment":[{"href":"https:\/\/www.teanaulodge.com\/de\/wp-json\/wp\/v2\/media?parent=475"}],"curies":[{"name":"wp","href":"https:\/\/api.w.org\/{rel}","templated":true}]}}