{"id":3954,"date":"2025-07-15T21:39:35","date_gmt":"2025-07-15T21:39:35","guid":{"rendered":"https:\/\/www.teanaulodge.com\/privatveranstaltungen\/"},"modified":"2025-07-15T21:39:35","modified_gmt":"2025-07-15T21:39:35","slug":"privatveranstaltungen","status":"publish","type":"page","link":"https:\/\/www.teanaulodge.com\/de\/privatveranstaltungen\/","title":{"rendered":"Privatveranstaltungen"},"content":{"rendered":"<div id='layer_slider_1'  class='avia-layerslider main_color avia-shadow  avia-builder-el-0  el_before_av_heading  avia-builder-el-first  container_wrap sidebar_right'  style='height: 151px;'  ><\/div><div id='after_layer_slider_1'  class='main_color av_default_container_wrap container_wrap sidebar_right'  ><div class='container av-section-cont-open' ><div class='template-page content  av-content-small alpha units'><div class='post-entry post-entry-type-page post-entry-3954'><div class='entry-content-wrapper clearfix'>\n\n<style type=\"text\/css\" data-created_by=\"avia_inline_auto\" id=\"style-css-av-12o8h-191560278aa7cc9ea3e95fc834e93d5f\">\n#top .av-special-heading.av-12o8h-191560278aa7cc9ea3e95fc834e93d5f{\npadding-bottom:10px;\n}\nbody .av-special-heading.av-12o8h-191560278aa7cc9ea3e95fc834e93d5f .av-special-heading-tag .heading-char{\nfont-size:25px;\n}\n.av-special-heading.av-12o8h-191560278aa7cc9ea3e95fc834e93d5f .av-subheading{\nfont-size:15px;\n}\n<\/style>\n<div  class='av-special-heading av-12o8h-191560278aa7cc9ea3e95fc834e93d5f av-special-heading-h2 blockquote modern-quote  avia-builder-el-1  el_after_av_layerslider  el_before_av_two_third  avia-builder-el-first '><h2 class='av-special-heading-tag '  itemprop=\"headline\"  >Privatveranstaltungen<\/h2><div class=\"special-heading-border\"><div class=\"special-heading-inner-border\"><\/div><\/div><\/div>\n<div  class='flex_column av-4pzxp-6101ddd7fa7cb32657ccbfb7f5923b10 av_two_third  avia-builder-el-2  el_after_av_heading  el_before_av_one_third  first flex_column_div  '     ><section  class='av_textblock_section av-42o4d-066b110cca64a7889d392e2f5c03d05c '   itemscope=\"itemscope\" itemtype=\"https:\/\/schema.org\/CreativeWork\" ><div class='avia_textblock'  itemprop=\"text\" ><p>Es besteht die M\u00f6glichkeit, unsere sch\u00f6ne Lodge f\u00fcr Ihre privaten Zwecke zu mieten. Ganz gleich, ob Sie eine Gesch\u00e4ftskonferenz, einen Firmenurlaub oder ein Kunst- oder Fotografie-Retreat im atemberaubenden Fiordland planen, wir w\u00fcrden uns freuen, Sie bei uns begr\u00fc\u00dfen zu d\u00fcrfen. Dieses Angebot gilt das ganze Jahr \u00fcber, unabh\u00e4ngig von der Schlie\u00dfung der Lodge im Winter. Kontaktieren Sie uns einfach f\u00fcr weitere Informationen und sichern Sie sich Ihre exklusive Unterkunft in einem der sch\u00f6nsten Orte Neuseelands.<\/p>\n<\/div><\/section><\/div><div  class='flex_column av-1vjwxw-58ab4b3fd24f9c0b4b0543065ceee37b av_one_third  avia-builder-el-4  el_after_av_two_third  el_before_av_heading  flex_column_div  '     ><style type=\"text\/css\" data-created_by=\"avia_inline_auto\" id=\"style-css-av-ma08h8os-058a31b7489a19ddfb9f8f25e434a0fa\">\n.avia-image-container.av-ma08h8os-058a31b7489a19ddfb9f8f25e434a0fa img.avia_image{\nbox-shadow:none;\n}\n.avia-image-container.av-ma08h8os-058a31b7489a19ddfb9f8f25e434a0fa .av-image-caption-overlay-center{\ncolor:#ffffff;\n}\n<\/style>\n<div  class='avia-image-container av-ma08h8os-058a31b7489a19ddfb9f8f25e434a0fa av-styling- avia-align-center  avia-builder-el-5  avia-builder-el-no-sibling '   itemprop=\"image\" itemscope=\"itemscope\" itemtype=\"https:\/\/schema.org\/ImageObject\" ><div class=\"avia-image-container-inner\"><div class=\"avia-image-overlay-wrap\"><img decoding=\"async\" fetchpriority=\"high\" class='wp-image-3432 avia-img-lazy-loading-not-3432 avia_image ' src=\"https:\/\/www.teanaulodge.com\/wp-content\/uploads\/2025\/04\/ea842d20_y.webp\" alt='' title='ea842d20_y'  height=\"333\" width=\"500\"  itemprop=\"thumbnailUrl\" srcset=\"https:\/\/www.teanaulodge.com\/wp-content\/uploads\/2025\/04\/ea842d20_y.webp 500w, https:\/\/www.teanaulodge.com\/wp-content\/uploads\/2025\/04\/ea842d20_y-300x200.webp 300w\" sizes=\"(max-width: 500px) 100vw, 500px\" \/><\/div><\/div><\/div><\/div>\n<style type=\"text\/css\" data-created_by=\"avia_inline_auto\" id=\"style-css-av-ma08bhgz-ca2b3e4b0f4ab8353eabe81f89d4e4b0\">\n#top .av-special-heading.av-ma08bhgz-ca2b3e4b0f4ab8353eabe81f89d4e4b0{\npadding-bottom:10px;\n}\nbody .av-special-heading.av-ma08bhgz-ca2b3e4b0f4ab8353eabe81f89d4e4b0 .av-special-heading-tag .heading-char{\nfont-size:25px;\n}\n.av-special-heading.av-ma08bhgz-ca2b3e4b0f4ab8353eabe81f89d4e4b0 .av-subheading{\nfont-size:15px;\n}\n<\/style>\n<div  class='av-special-heading av-ma08bhgz-ca2b3e4b0f4ab8353eabe81f89d4e4b0 av-special-heading-h2 blockquote modern-quote  avia-builder-el-6  el_after_av_one_third  el_before_av_two_third '><h2 class='av-special-heading-tag '  itemprop=\"headline\"  >Catering<\/h2><div class=\"special-heading-border\"><div class=\"special-heading-inner-border\"><\/div><\/div><\/div><\/p>\n<div  class='flex_column av-p4kx-96fcb3dd2e148e3ae0297cf39f4a6d27 av_two_third  avia-builder-el-7  el_after_av_heading  avia-builder-el-last  first flex_column_div  '     ><section  class='av_textblock_section av-m9xf9k4l-5890da9ee12c92afc45c6cbcc41df535 '   itemscope=\"itemscope\" itemtype=\"https:\/\/schema.org\/CreativeWork\" ><div class='avia_textblock'  itemprop=\"text\" ><p>F\u00fcr besondere Veranstaltungen k\u00f6nnen wir Abendessen oder andere Mahlzeiten \u00fcber einen externen Caterer organisieren. Unser langj\u00e4hriger Partner daf\u00fcr ist das <a href=\"https:\/\/www.instagram.com\/lakefront_cafe\/?hl=en\">Lakefront Cafe<\/a> in Te Anau, das sich auf k\u00f6stliche Brunch- und Nachmittagsverpflegung spezialisiert hat. Setzen Sie sich einfach mit uns in Verbindung, um weitere Informationen zu erhalten, und wir werden eine L\u00f6sung f\u00fcr Ihre individuellen Bed\u00fcrfnisse finden.<\/p>\n<\/div><\/section><\/div>\n","protected":false},"excerpt":{"rendered":"","protected":false},"author":2,"featured_media":0,"parent":0,"menu_order":0,"comment_status":"closed","ping_status":"closed","template":"","meta":{"footnotes":""},"class_list":["post-3954","page","type-page","status-publish","hentry"],"_links":{"self":[{"href":"https:\/\/www.teanaulodge.com\/de\/wp-json\/wp\/v2\/pages\/3954"}],"collection":[{"href":"https:\/\/www.teanaulodge.com\/de\/wp-json\/wp\/v2\/pages"}],"about":[{"href":"https:\/\/www.teanaulodge.com\/de\/wp-json\/wp\/v2\/types\/page"}],"author":[{"embeddable":true,"href":"https:\/\/www.teanaulodge.com\/de\/wp-json\/wp\/v2\/users\/2"}],"replies":[{"embeddable":true,"href":"https:\/\/www.teanaulodge.com\/de\/wp-json\/wp\/v2\/comments?post=3954"}],"version-history":[{"count":2,"href":"https:\/\/www.teanaulodge.com\/de\/wp-json\/wp\/v2\/pages\/3954\/revisions"}],"predecessor-version":[{"id":3956,"href":"https:\/\/www.teanaulodge.com\/de\/wp-json\/wp\/v2\/pages\/3954\/revisions\/3956"}],"wp:attachment":[{"href":"https:\/\/www.teanaulodge.com\/de\/wp-json\/wp\/v2\/media?parent=3954"}],"curies":[{"name":"wp","href":"https:\/\/api.w.org\/{rel}","templated":true}]}}