{"id":3527,"date":"2025-07-15T00:16:48","date_gmt":"2025-07-15T00:16:48","guid":{"rendered":"https:\/\/www.teanaulodge.com\/allgemeine-infos\/"},"modified":"2025-07-15T00:16:51","modified_gmt":"2025-07-15T00:16:51","slug":"allgemeine-infos","status":"publish","type":"page","link":"https:\/\/www.teanaulodge.com\/de\/allgemeine-infos\/","title":{"rendered":"Allgemeine Infos"},"content":{"rendered":"<div id='layer_slider_1'  class='avia-layerslider main_color avia-shadow  avia-builder-el-0  el_before_av_heading  avia-builder-el-first  container_wrap sidebar_right'  style='height: 151px;'  ><\/div><div id='after_layer_slider_1'  class='main_color av_default_container_wrap container_wrap sidebar_right'  ><div class='container av-section-cont-open' ><div class='template-page content  av-content-small alpha units'><div class='post-entry post-entry-type-page post-entry-3527'><div class='entry-content-wrapper clearfix'>\n\n<style type=\"text\/css\" data-created_by=\"avia_inline_auto\" id=\"style-css-av-1e9d1-d3521fcfadac1bfae02e5967de6dbfea\">\n#top .av-special-heading.av-1e9d1-d3521fcfadac1bfae02e5967de6dbfea{\npadding-bottom:10px;\n}\nbody .av-special-heading.av-1e9d1-d3521fcfadac1bfae02e5967de6dbfea .av-special-heading-tag .heading-char{\nfont-size:25px;\n}\n.av-special-heading.av-1e9d1-d3521fcfadac1bfae02e5967de6dbfea .av-subheading{\nfont-size:15px;\n}\n<\/style>\n<div  class='av-special-heading av-1e9d1-d3521fcfadac1bfae02e5967de6dbfea av-special-heading-h2 blockquote modern-quote  avia-builder-el-1  el_after_av_layerslider  el_before_av_one_half  avia-builder-el-first '><h2 class='av-special-heading-tag '  itemprop=\"headline\"  >Allgemeine Infos<\/h2><div class=\"special-heading-border\"><div class=\"special-heading-inner-border\"><\/div><\/div><\/div>\n<div  class='flex_column av-2si5p-69adaf10becbe24180113e30f3d6df83 av_one_half  avia-builder-el-2  el_after_av_heading  el_before_av_one_half  first flex_column_div  '     ><section  class='av_textblock_section av-m9xhu1r5-bbfb4b8e102f3abe430151888374c2a3 '   itemscope=\"itemscope\" itemtype=\"https:\/\/schema.org\/CreativeWork\" ><div class='avia_textblock'  itemprop=\"text\" ><h4>Check-In Zeit<\/h4>\n<p>Zwischen 14:00 und 19:00 Uhr<\/p>\n<h4>Check-Out Zeit<\/h4>\n<p>10:00 Uhr<\/p>\n<h4>\u00d6ffnungszeiten der Rezeption<\/h4>\n<p>8.00 &#8211; 19.00 Uhr<\/p>\n<h4>Wegbeschreibung zur Lodge<\/h4>\n<p>52 Howden Street, Te Anau 9600<\/p>\n<h4>Zus\u00e4tzliche Informationen<\/h4>\n<p>Ein versp\u00e4teter Check-in ist auf Anfrage m\u00f6glich. Falls Sie sp\u00e4ter einchecken m\u00f6chten, teilen Sie uns dies bitte bis sp\u00e4testens 18:00 Uhr mit, am besten mit einer voraussichtlichen Ankunftszeit.<\/p>\n<\/div><\/section><\/div><div  class='flex_column av-1y0ml-2a39a33ede080d5027064d1e62357502 av_one_half  avia-builder-el-4  el_after_av_one_half  avia-builder-el-last  flex_column_div  '     ><style type=\"text\/css\" data-created_by=\"avia_inline_auto\" id=\"style-css-av-ma365ii7-893a005bee5e89fbdcb628d1a7f305fc\">\n.avia-image-container.av-ma365ii7-893a005bee5e89fbdcb628d1a7f305fc img.avia_image{\nbox-shadow:none;\n}\n.avia-image-container.av-ma365ii7-893a005bee5e89fbdcb628d1a7f305fc .av-image-caption-overlay-center{\ncolor:#ffffff;\n}\n<\/style>\n<div  class='avia-image-container av-ma365ii7-893a005bee5e89fbdcb628d1a7f305fc av-styling- avia-align-center  avia-builder-el-5  avia-builder-el-no-sibling '   itemprop=\"image\" itemscope=\"itemscope\" itemtype=\"https:\/\/schema.org\/ImageObject\" ><div class=\"avia-image-container-inner\"><div class=\"avia-image-overlay-wrap\"><img decoding=\"async\" fetchpriority=\"high\" class='wp-image-3464 avia-img-lazy-loading-not-3464 avia_image ' src=\"https:\/\/www.teanaulodge.com\/wp-content\/uploads\/2015\/01\/teanaulodge112.jpg\" alt='' title='teanaulodge112'  height=\"199\" width=\"300\"  itemprop=\"thumbnailUrl\"  \/><\/div><\/div><\/div><\/div><\/p>\n","protected":false},"excerpt":{"rendered":"","protected":false},"author":2,"featured_media":0,"parent":0,"menu_order":0,"comment_status":"closed","ping_status":"closed","template":"","meta":{"footnotes":""},"class_list":["post-3527","page","type-page","status-publish","hentry"],"_links":{"self":[{"href":"https:\/\/www.teanaulodge.com\/de\/wp-json\/wp\/v2\/pages\/3527"}],"collection":[{"href":"https:\/\/www.teanaulodge.com\/de\/wp-json\/wp\/v2\/pages"}],"about":[{"href":"https:\/\/www.teanaulodge.com\/de\/wp-json\/wp\/v2\/types\/page"}],"author":[{"embeddable":true,"href":"https:\/\/www.teanaulodge.com\/de\/wp-json\/wp\/v2\/users\/2"}],"replies":[{"embeddable":true,"href":"https:\/\/www.teanaulodge.com\/de\/wp-json\/wp\/v2\/comments?post=3527"}],"version-history":[{"count":5,"href":"https:\/\/www.teanaulodge.com\/de\/wp-json\/wp\/v2\/pages\/3527\/revisions"}],"predecessor-version":[{"id":3532,"href":"https:\/\/www.teanaulodge.com\/de\/wp-json\/wp\/v2\/pages\/3527\/revisions\/3532"}],"wp:attachment":[{"href":"https:\/\/www.teanaulodge.com\/de\/wp-json\/wp\/v2\/media?parent=3527"}],"curies":[{"name":"wp","href":"https:\/\/api.w.org\/{rel}","templated":true}]}}