{"id":2426,"date":"2025-04-23T02:06:15","date_gmt":"2025-04-23T02:06:15","guid":{"rendered":"https:\/\/www.teanaulodge.com\/hochzeiten\/"},"modified":"2025-07-15T21:35:44","modified_gmt":"2025-07-15T21:35:44","slug":"hochzeiten","status":"publish","type":"page","link":"https:\/\/www.teanaulodge.com\/de\/hochzeiten\/","title":{"rendered":"Hochzeiten"},"content":{"rendered":"\n<style type=\"text\/css\" data-created_by=\"avia_inline_auto\" id=\"style-css-av-m9xgpkud-00c394ee9c79b41ee19356e1b8a47ee0\">\n#top .av-special-heading.av-m9xgpkud-00c394ee9c79b41ee19356e1b8a47ee0{\npadding-bottom:10px;\n}\nbody .av-special-heading.av-m9xgpkud-00c394ee9c79b41ee19356e1b8a47ee0 .av-special-heading-tag .heading-char{\nfont-size:25px;\n}\n.av-special-heading.av-m9xgpkud-00c394ee9c79b41ee19356e1b8a47ee0 .av-subheading{\nfont-size:15px;\n}\n<\/style>\n<div  class='av-special-heading av-m9xgpkud-00c394ee9c79b41ee19356e1b8a47ee0 av-special-heading-h2  avia-builder-el-0  el_before_av_textblock  avia-builder-el-first '><h2 class='av-special-heading-tag '  itemprop=\"headline\"  >Hochzeiten<\/h2><div class=\"special-heading-border\"><div class=\"special-heading-inner-border\"><\/div><\/div><\/div>\n<section  class='av_textblock_section av-m9xhd434-489c5902dd4c8a348e53c5c32f3b9d5c '   itemscope=\"itemscope\" itemtype=\"https:\/\/schema.org\/CreativeWork\" ><div class='avia_textblock'  itemprop=\"text\" ><p>Feiern Sie Ihren besonderen Tag bei uns in der Te Anau Lodge! Unser weitl\u00e4ufiger Garten mit Blick auf die Luxmore-Berge und den Lake Te Anau ist der perfekte Ort f\u00fcr eine Hochzeit im wundersch\u00f6nen Fiordland. Unsere luxuri\u00f6sen Zimmer sind so gestaltet, dass Sie und Ihre G\u00e4ste direkt vor Ort maximalen Komfort genie\u00dfen k\u00f6nnen. F\u00fcr eine m\u00f6glichst stressfreie Planung haben wir uns mit dem renommierten Hochzeitsplaner <a href=\"https:\/\/www.stacweddings.co.nz\/\">Stac Weddings<\/a> zusammengetan, der sich von der ersten Idee bis lange nach dem L\u00e4uten der Hochzeitsglocken um Sie k\u00fcmmern wird.<\/p>\n<\/div><\/section>\n<section  class='av_textblock_section av-m9xhdt5c-8067a1d21ea984c3aea91dfd4e6d5fa9 '   itemscope=\"itemscope\" itemtype=\"https:\/\/schema.org\/CreativeWork\" ><div class='avia_textblock'  itemprop=\"text\" ><a href=\"https:\/\/www.teanaulodge.com\/wp-content\/uploads\/2025\/04\/TAL_Wedding_A4-1.pdf\" class=\"pdfemb-viewer\" style=\"\" data-width=\"max\" data-height=\"max\" data-toolbar=\"bottom\" data-toolbar-fixed=\"off\">TAL_Wedding_A4<\/a>\n<\/div><\/section>\n","protected":false},"excerpt":{"rendered":"","protected":false},"author":2,"featured_media":0,"parent":0,"menu_order":0,"comment_status":"closed","ping_status":"closed","template":"","meta":{"footnotes":""},"class_list":["post-2426","page","type-page","status-publish","hentry"],"_links":{"self":[{"href":"https:\/\/www.teanaulodge.com\/de\/wp-json\/wp\/v2\/pages\/2426"}],"collection":[{"href":"https:\/\/www.teanaulodge.com\/de\/wp-json\/wp\/v2\/pages"}],"about":[{"href":"https:\/\/www.teanaulodge.com\/de\/wp-json\/wp\/v2\/types\/page"}],"author":[{"embeddable":true,"href":"https:\/\/www.teanaulodge.com\/de\/wp-json\/wp\/v2\/users\/2"}],"replies":[{"embeddable":true,"href":"https:\/\/www.teanaulodge.com\/de\/wp-json\/wp\/v2\/comments?post=2426"}],"version-history":[{"count":6,"href":"https:\/\/www.teanaulodge.com\/de\/wp-json\/wp\/v2\/pages\/2426\/revisions"}],"predecessor-version":[{"id":3941,"href":"https:\/\/www.teanaulodge.com\/de\/wp-json\/wp\/v2\/pages\/2426\/revisions\/3941"}],"wp:attachment":[{"href":"https:\/\/www.teanaulodge.com\/de\/wp-json\/wp\/v2\/media?parent=2426"}],"curies":[{"name":"wp","href":"https:\/\/api.w.org\/{rel}","templated":true}]}}