{"id":239,"date":"2015-01-25T20:28:15","date_gmt":"2015-01-25T20:28:15","guid":{"rendered":"http:\/\/www.teanaulodge.com\/?page_id=239"},"modified":"2025-07-15T22:58:17","modified_gmt":"2025-07-15T22:58:17","slug":"about-us","status":"publish","type":"page","link":"https:\/\/www.teanaulodge.com\/de\/about-us\/","title":{"rendered":"\u00dcber uns"},"content":{"rendered":"<div id='layer_slider_1'  class='avia-layerslider main_color avia-shadow  avia-builder-el-0  el_before_av_heading  avia-builder-el-first  container_wrap sidebar_right'  style='height: 151px;'  ><\/div><div id='after_layer_slider_1'  class='main_color av_default_container_wrap container_wrap sidebar_right'  ><div class='container av-section-cont-open' ><div class='template-page content  av-content-small alpha units'><div class='post-entry post-entry-type-page post-entry-239'><div class='entry-content-wrapper clearfix'>\n\n<style type=\"text\/css\" data-created_by=\"avia_inline_auto\" id=\"style-css-av-jwz32xla-083369ce4518fa67a102133c503cab26\">\n#top .av-special-heading.av-jwz32xla-083369ce4518fa67a102133c503cab26{\npadding-bottom:10px;\n}\nbody .av-special-heading.av-jwz32xla-083369ce4518fa67a102133c503cab26 .av-special-heading-tag .heading-char{\nfont-size:25px;\n}\n.av-special-heading.av-jwz32xla-083369ce4518fa67a102133c503cab26 .av-subheading{\nfont-size:15px;\n}\n<\/style>\n<div  class='av-special-heading av-jwz32xla-083369ce4518fa67a102133c503cab26 av-special-heading-h2 blockquote modern-quote  avia-builder-el-1  el_after_av_layerslider  el_before_av_textblock  avia-builder-el-first  av-linked-heading'><h2 class='av-special-heading-tag '  itemprop=\"headline\"  >Te Anau Lodge &#8211; \u00dcber uns<\/h2><div class=\"special-heading-border\"><div class=\"special-heading-inner-border\"><\/div><\/div><\/div>\n<section  class='av_textblock_section av-jwz34st0-ab63ccc6ba646ad47a08956a3141663f '   itemscope=\"itemscope\" itemtype=\"https:\/\/schema.org\/CreativeWork\" ><div class='avia_textblock'  itemprop=\"text\" ><p style=\"text-align: justify;\"><a href=\"http:\/\/www.teanaulodge.com\/wp-content\/uploads\/2015\/01\/teanaulodge94.jpg\"><img loading=\"lazy\" decoding=\"async\" class=\"alignright size-full wp-image-121\" src=\"http:\/\/www.teanaulodge.com\/wp-content\/uploads\/2015\/01\/teanaulodge94.jpg\" alt=\"teanaulodge94\" width=\"300\" height=\"450\" srcset=\"https:\/\/www.teanaulodge.com\/wp-content\/uploads\/2015\/01\/teanaulodge94.jpg 300w, https:\/\/www.teanaulodge.com\/wp-content\/uploads\/2015\/01\/teanaulodge94-200x300.jpg 200w\" sizes=\"(max-width: 300px) 100vw, 300px\" \/><\/a>Wir freuen uns, Ihnen eine einzigartige Gelegenheit zu bieten, zu uns in unsere Lodge ein liebevoll, wieder hergestelltes, ehemaliges Kloster zu kommen und dort Ihren Urlaub zu verbringen. Wir haben uns bem\u00fcht, f\u00fcr Sie eine Atmosphaere zu schaffen, die heimisch, gem\u00fctlich und einladend ist, in der Sie sich entspannen und erholen k\u00f6nnen, entweder in Gesellschaft oder aber auch in der Einsamkeit, sollten Sie diese suchen.<\/p>\n<p>Gebaut im Jahre 1936 und vom nahegelegenen Nightcaps nach Te Anau verlegt, liegt das ehemalige Kloster der Barmherzigen Schwestern am n\u00f6rdlichen Ende von Te Anau, mit wundersch\u00f6nen Panoramaausblicken zum See und in die Berge. Die Te Anau Lodge liegt ruhig und abgelegen, jedoch nur 15 Gehminuten vom Stadtzentrum von Te Anau entfernt.<\/p>\n<p>Die Lodge ist liebevoll restauriert. Im Innern sind immer noch die originalen Eichenholzwaende und auf Hochglanz gebrachte Holzboeden erhalten; \u00fcberhaupt hat man sich bemueht, viele architekturelle Designs aus dieser Zeit zu bewahren.<\/p>\n<p>Entspannen Sie in der Bibliothek der Te Anau Lodge mit wunderbarer Aussicht auf den Te Anau See und die Murchison Berge, Heimat des Takahe, eines der seltenen Voegel Neuseelands. Tee und Kaffee mit frischem Kuchen und hausgemachten Leckereien stehen jederzeit in der Bibliothek zur Verf\u00fcgung<\/p>\n<p>In der ehemaligen Kapelle mit den wundersch\u00f6nen, bleiverglasten Kirchenfenstern wird das Fr\u00fchst\u00fcck serviert. Am Abend laden wir unsere G\u00e4ste zu einem Aperitif ein. Spazierg\u00e4nge durch den Garten, den Sonnenuntergang beobachten, den Sternenhimmel erforschen, das alles geh\u00f6rt zu den beliebten Aktivit\u00e4ten unserer G\u00e4ste.<\/p>\n<p>Das wichtigste f\u00fcr Sie und uns w\u00e4hrend Ihres Aufenthaltes in unserer Lodge ist, dass Sie sich wie zu Hause f\u00fchlen. Wir sind immer fuer Sie da, wenn Sie Hilfe brauchen. Zudem steht Ihnen unser \u00f6rtliches Personal mit Rat und Tat zur Seite.<\/p>\n<\/div><\/section>\n\n<style type=\"text\/css\" data-created_by=\"avia_inline_auto\" id=\"style-css-av-jwz3bw1v-1b60faae25c3ce87aab551a069691d5c\">\n#top .av-special-heading.av-jwz3bw1v-1b60faae25c3ce87aab551a069691d5c{\npadding-bottom:10px;\n}\nbody .av-special-heading.av-jwz3bw1v-1b60faae25c3ce87aab551a069691d5c .av-special-heading-tag .heading-char{\nfont-size:25px;\n}\n.av-special-heading.av-jwz3bw1v-1b60faae25c3ce87aab551a069691d5c .av-subheading{\nfont-size:15px;\n}\n<\/style>\n<div  class='av-special-heading av-jwz3bw1v-1b60faae25c3ce87aab551a069691d5c av-special-heading-h2 blockquote modern-quote  avia-builder-el-3  el_after_av_textblock  el_before_av_three_fifth '><h2 class='av-special-heading-tag '  itemprop=\"headline\"  >Anlagen<\/h2><div class=\"special-heading-border\"><div class=\"special-heading-inner-border\"><\/div><\/div><\/div>\n<div  class='flex_column av-1jeinj-e266e9228728c39a06e6987511f63bfe av_three_fifth  avia-builder-el-4  el_after_av_heading  el_before_av_two_fifth  first flex_column_div  '     ><section  class='av_textblock_section av-jwz3msto-790ff1bfb8307f570cd71b096dc4d80c '   itemscope=\"itemscope\" itemtype=\"https:\/\/schema.org\/CreativeWork\" ><div class='avia_textblock'  itemprop=\"text\" ><ul>\n<li style=\"list-style-type: none;\">\n<ul>\n<li>vollst\u00e4ndiges Fr\u00fchst\u00fcck in der Kapelle<\/li>\n<\/ul>\n<\/li>\n<\/ul>\n<ul>\n<li style=\"list-style-type: none;\">\n<ul>\n<li>G\u00e4stebibliothek mit Kamin, ausgew\u00e4hlten B\u00fcchern, Tee\/Kaffee, Knabbereien,Spielen, Computer und das alles mit phantastischen See-und Bergausblicken.<\/li>\n<\/ul>\n<\/li>\n<\/ul>\n<ul>\n<li style=\"list-style-type: none;\">\n<ul>\n<li>Innenhof, BBQ und Sternenhimmelbeobachtung<\/li>\n<\/ul>\n<\/li>\n<\/ul>\n<ul>\n<li style=\"list-style-type: none;\">\n<ul>\n<li>Erfrischungen und Aperitifs<\/li>\n<\/ul>\n<\/li>\n<\/ul>\n<ul>\n<li style=\"list-style-type: none;\">\n<ul>\n<li>Haartrockner, Toiletten-Badezubeh\u00f6r, beheizte Handtuchhalter und\u00a0Badezimmerspiegel<\/li>\n<\/ul>\n<\/li>\n<\/ul>\n<ul>\n<li style=\"list-style-type: none;\">\n<ul>\n<li>Zentralheizung<\/li>\n<\/ul>\n<\/li>\n<\/ul>\n<ul>\n<li style=\"list-style-type: none;\">\n<ul>\n<li>Telefon und WLAN<\/li>\n<\/ul>\n<\/li>\n<\/ul>\n<ul>\n<li style=\"list-style-type: none;\">\n<ul>\n<li>Waschsalon und Gep\u00e4ckaufbewahrung<\/li>\n<\/ul>\n<\/li>\n<\/ul>\n<ul>\n<li style=\"list-style-type: none;\">\n<ul>\n<li>Buchungen von Ausfl\u00fcgen rund um Te Anau<\/li>\n<\/ul>\n<\/li>\n<\/ul>\n<ul>\n<li style=\"list-style-type: none;\">\n<ul>\n<li>G\u00e4steparkplatz<\/li>\n<\/ul>\n<\/li>\n<\/ul>\n<ul>\n<li style=\"list-style-type: none;\">\n<ul>\n<li>Mountain bikes<\/li>\n<li>Kreditkarten und Eftpos (bargeldloser Einkauf)<\/li>\n<\/ul>\n<\/li>\n<\/ul>\n<\/div><\/section><\/div>\n<style type=\"text\/css\" data-created_by=\"avia_inline_auto\" id=\"style-css-av-1gvgvj-2670857df1980edf2c81105858b38f5c\">\n.flex_column.av-1gvgvj-2670857df1980edf2c81105858b38f5c{\nborder-radius:0px 0px 0px 0px;\npadding:0px 0px 0px 0px;\n}\n<\/style>\n<div  class='flex_column av-1gvgvj-2670857df1980edf2c81105858b38f5c av_two_fifth  avia-builder-el-6  el_after_av_three_fifth  avia-builder-el-last  flex_column_div av-zero-column-padding  '     ><div  class='avia-slideshow av-194ekv-ea94fa44cd70d03c1ca9a7c5ae710c9c avia-slideshow-no scaling av_slideshow avia-slide-slider  avia-builder-el-7  avia-builder-el-no-sibling  av-slideshow-ui av-control-minimal av-slideshow-autoplay av-loop-endless av-loop-manual-endless av-default-height-applied avia-slideshow-1' data-slideshow-options=\"{&quot;animation&quot;:&quot;slide&quot;,&quot;autoplay&quot;:true,&quot;loop_autoplay&quot;:&quot;endless&quot;,&quot;interval&quot;:5,&quot;loop_manual&quot;:&quot;manual-endless&quot;,&quot;autoplay_stopper&quot;:false,&quot;noNavigation&quot;:false,&quot;bg_slider&quot;:false,&quot;keep_padding&quot;:false,&quot;hoverpause&quot;:false,&quot;show_slide_delay&quot;:0}\"  itemprop=\"image\" itemscope=\"itemscope\" itemtype=\"https:\/\/schema.org\/ImageObject\" ><ul class='avia-slideshow-inner ' style='padding-bottom: 66.6796875%;'><li  class='avia-slideshow-slide av-194ekv-ea94fa44cd70d03c1ca9a7c5ae710c9c__0  slide-1 slide-odd'><div data-rel='slideshow-1' class='avia-slide-wrap '   ><img decoding=\"async\" fetchpriority=\"high\" class=\"wp-image-3015 avia-img-lazy-loading-not-3015\"  src=\"https:\/\/www.teanaulodge.com\/wp-content\/uploads\/2025\/04\/IMG_4786-scaled.jpg\" width=\"2560\" height=\"1707\" title='IMG_4786' alt=''  itemprop=\"thumbnailUrl\" srcset=\"https:\/\/www.teanaulodge.com\/wp-content\/uploads\/2025\/04\/IMG_4786-scaled.jpg 2560w, https:\/\/www.teanaulodge.com\/wp-content\/uploads\/2025\/04\/IMG_4786-300x200.jpg 300w, https:\/\/www.teanaulodge.com\/wp-content\/uploads\/2025\/04\/IMG_4786-1030x687.jpg 1030w, https:\/\/www.teanaulodge.com\/wp-content\/uploads\/2025\/04\/IMG_4786-768x512.jpg 768w, https:\/\/www.teanaulodge.com\/wp-content\/uploads\/2025\/04\/IMG_4786-1536x1024.jpg 1536w, https:\/\/www.teanaulodge.com\/wp-content\/uploads\/2025\/04\/IMG_4786-2048x1365.jpg 2048w, https:\/\/www.teanaulodge.com\/wp-content\/uploads\/2025\/04\/IMG_4786-1500x1000.jpg 1500w, https:\/\/www.teanaulodge.com\/wp-content\/uploads\/2025\/04\/IMG_4786-705x470.jpg 705w\" sizes=\"(max-width: 2560px) 100vw, 2560px\" \/><\/div><\/li><li  class='avia-slideshow-slide av-194ekv-ea94fa44cd70d03c1ca9a7c5ae710c9c__1  slide-2 slide-even'><div data-rel='slideshow-1' class='avia-slide-wrap '   ><img decoding=\"async\" fetchpriority=\"high\" class=\"wp-image-2824 avia-img-lazy-loading-not-2824\"  src=\"https:\/\/www.teanaulodge.com\/wp-content\/uploads\/2025\/04\/IMG_4675-scaled.jpg\" width=\"2560\" height=\"1437\" title='IMG_4675' alt=''  itemprop=\"thumbnailUrl\" srcset=\"https:\/\/www.teanaulodge.com\/wp-content\/uploads\/2025\/04\/IMG_4675-scaled.jpg 2560w, https:\/\/www.teanaulodge.com\/wp-content\/uploads\/2025\/04\/IMG_4675-300x168.jpg 300w, https:\/\/www.teanaulodge.com\/wp-content\/uploads\/2025\/04\/IMG_4675-1030x578.jpg 1030w, https:\/\/www.teanaulodge.com\/wp-content\/uploads\/2025\/04\/IMG_4675-768x431.jpg 768w, https:\/\/www.teanaulodge.com\/wp-content\/uploads\/2025\/04\/IMG_4675-1536x862.jpg 1536w, https:\/\/www.teanaulodge.com\/wp-content\/uploads\/2025\/04\/IMG_4675-2048x1150.jpg 2048w, https:\/\/www.teanaulodge.com\/wp-content\/uploads\/2025\/04\/IMG_4675-1500x842.jpg 1500w, https:\/\/www.teanaulodge.com\/wp-content\/uploads\/2025\/04\/IMG_4675-705x396.jpg 705w\" sizes=\"(max-width: 2560px) 100vw, 2560px\" \/><\/div><\/li><li  class='avia-slideshow-slide av-194ekv-ea94fa44cd70d03c1ca9a7c5ae710c9c__2  slide-3 slide-odd'><div data-rel='slideshow-1' class='avia-slide-wrap '   ><img decoding=\"async\" fetchpriority=\"high\" class=\"wp-image-3417 avia-img-lazy-loading-not-3417\"  src=\"https:\/\/www.teanaulodge.com\/wp-content\/uploads\/2025\/04\/IMG_5051-scaled.jpg\" width=\"2560\" height=\"1707\" title='IMG_5051' alt=''  itemprop=\"thumbnailUrl\" srcset=\"https:\/\/www.teanaulodge.com\/wp-content\/uploads\/2025\/04\/IMG_5051-scaled.jpg 2560w, https:\/\/www.teanaulodge.com\/wp-content\/uploads\/2025\/04\/IMG_5051-300x200.jpg 300w, https:\/\/www.teanaulodge.com\/wp-content\/uploads\/2025\/04\/IMG_5051-1030x687.jpg 1030w, https:\/\/www.teanaulodge.com\/wp-content\/uploads\/2025\/04\/IMG_5051-768x512.jpg 768w, https:\/\/www.teanaulodge.com\/wp-content\/uploads\/2025\/04\/IMG_5051-1536x1024.jpg 1536w, https:\/\/www.teanaulodge.com\/wp-content\/uploads\/2025\/04\/IMG_5051-2048x1365.jpg 2048w, https:\/\/www.teanaulodge.com\/wp-content\/uploads\/2025\/04\/IMG_5051-1500x1000.jpg 1500w, https:\/\/www.teanaulodge.com\/wp-content\/uploads\/2025\/04\/IMG_5051-705x470.jpg 705w\" sizes=\"(max-width: 2560px) 100vw, 2560px\" \/><\/div><\/li><li  class='avia-slideshow-slide av-194ekv-ea94fa44cd70d03c1ca9a7c5ae710c9c__3  slide-4 slide-even'><div data-rel='slideshow-1' class='avia-slide-wrap '   ><img decoding=\"async\" fetchpriority=\"high\" class=\"wp-image-1696 avia-img-lazy-loading-not-1696\"  src=\"https:\/\/www.teanaulodge.com\/wp-content\/uploads\/2025\/04\/IMG_3867.jpg\" width=\"6000\" height=\"4000\" title='IMG_3867' alt=''  itemprop=\"thumbnailUrl\" srcset=\"https:\/\/www.teanaulodge.com\/wp-content\/uploads\/2025\/04\/IMG_3867.jpg 6000w, https:\/\/www.teanaulodge.com\/wp-content\/uploads\/2025\/04\/IMG_3867-300x200.jpg 300w, https:\/\/www.teanaulodge.com\/wp-content\/uploads\/2025\/04\/IMG_3867-768x512.jpg 768w, https:\/\/www.teanaulodge.com\/wp-content\/uploads\/2025\/04\/IMG_3867-1030x687.jpg 1030w, https:\/\/www.teanaulodge.com\/wp-content\/uploads\/2025\/04\/IMG_3867-1500x1000.jpg 1500w, https:\/\/www.teanaulodge.com\/wp-content\/uploads\/2025\/04\/IMG_3867-705x470.jpg 705w, https:\/\/www.teanaulodge.com\/wp-content\/uploads\/2025\/04\/IMG_3867-450x300.jpg 450w\" sizes=\"(max-width: 6000px) 100vw, 6000px\" \/><\/div><\/li><li  class='avia-slideshow-slide av-194ekv-ea94fa44cd70d03c1ca9a7c5ae710c9c__4  slide-5 slide-odd'><div data-rel='slideshow-1' class='avia-slide-wrap '   ><img decoding=\"async\" fetchpriority=\"high\" class=\"wp-image-2848 avia-img-lazy-loading-not-2848\"  src=\"https:\/\/www.teanaulodge.com\/wp-content\/uploads\/2025\/04\/IMG_4673-scaled.jpg\" width=\"2560\" height=\"1707\" title='IMG_4673' alt=''  itemprop=\"thumbnailUrl\" srcset=\"https:\/\/www.teanaulodge.com\/wp-content\/uploads\/2025\/04\/IMG_4673-scaled.jpg 2560w, https:\/\/www.teanaulodge.com\/wp-content\/uploads\/2025\/04\/IMG_4673-300x200.jpg 300w, https:\/\/www.teanaulodge.com\/wp-content\/uploads\/2025\/04\/IMG_4673-1030x687.jpg 1030w, https:\/\/www.teanaulodge.com\/wp-content\/uploads\/2025\/04\/IMG_4673-768x512.jpg 768w, https:\/\/www.teanaulodge.com\/wp-content\/uploads\/2025\/04\/IMG_4673-1536x1024.jpg 1536w, https:\/\/www.teanaulodge.com\/wp-content\/uploads\/2025\/04\/IMG_4673-2048x1365.jpg 2048w, https:\/\/www.teanaulodge.com\/wp-content\/uploads\/2025\/04\/IMG_4673-1500x1000.jpg 1500w, https:\/\/www.teanaulodge.com\/wp-content\/uploads\/2025\/04\/IMG_4673-705x470.jpg 705w\" sizes=\"(max-width: 2560px) 100vw, 2560px\" \/><\/div><\/li><li  class='avia-slideshow-slide av-194ekv-ea94fa44cd70d03c1ca9a7c5ae710c9c__5  slide-6 slide-even'><div data-rel='slideshow-1' class='avia-slide-wrap '   ><img decoding=\"async\" fetchpriority=\"high\" class=\"wp-image-1738 avia-img-lazy-loading-not-1738\"  src=\"https:\/\/www.teanaulodge.com\/wp-content\/uploads\/2025\/04\/IMG_3829.jpg\" width=\"6000\" height=\"4000\" title='IMG_3829' alt=''  itemprop=\"thumbnailUrl\" srcset=\"https:\/\/www.teanaulodge.com\/wp-content\/uploads\/2025\/04\/IMG_3829.jpg 6000w, https:\/\/www.teanaulodge.com\/wp-content\/uploads\/2025\/04\/IMG_3829-300x200.jpg 300w, https:\/\/www.teanaulodge.com\/wp-content\/uploads\/2025\/04\/IMG_3829-768x512.jpg 768w, https:\/\/www.teanaulodge.com\/wp-content\/uploads\/2025\/04\/IMG_3829-1030x687.jpg 1030w, https:\/\/www.teanaulodge.com\/wp-content\/uploads\/2025\/04\/IMG_3829-1500x1000.jpg 1500w, https:\/\/www.teanaulodge.com\/wp-content\/uploads\/2025\/04\/IMG_3829-705x470.jpg 705w, https:\/\/www.teanaulodge.com\/wp-content\/uploads\/2025\/04\/IMG_3829-450x300.jpg 450w\" sizes=\"(max-width: 6000px) 100vw, 6000px\" \/><\/div><\/li><li  class='avia-slideshow-slide av-194ekv-ea94fa44cd70d03c1ca9a7c5ae710c9c__6  slide-7 slide-odd'><div data-rel='slideshow-1' class='avia-slide-wrap '   ><img decoding=\"async\" fetchpriority=\"high\" class=\"wp-image-3273 avia-img-lazy-loading-not-3273\"  src=\"https:\/\/www.teanaulodge.com\/wp-content\/uploads\/2025\/04\/IMG_4947-scaled.jpg\" width=\"2560\" height=\"1707\" title='IMG_4947' alt=''  itemprop=\"thumbnailUrl\" srcset=\"https:\/\/www.teanaulodge.com\/wp-content\/uploads\/2025\/04\/IMG_4947-scaled.jpg 2560w, https:\/\/www.teanaulodge.com\/wp-content\/uploads\/2025\/04\/IMG_4947-300x200.jpg 300w, https:\/\/www.teanaulodge.com\/wp-content\/uploads\/2025\/04\/IMG_4947-1030x687.jpg 1030w, https:\/\/www.teanaulodge.com\/wp-content\/uploads\/2025\/04\/IMG_4947-768x512.jpg 768w, https:\/\/www.teanaulodge.com\/wp-content\/uploads\/2025\/04\/IMG_4947-1536x1024.jpg 1536w, https:\/\/www.teanaulodge.com\/wp-content\/uploads\/2025\/04\/IMG_4947-2048x1365.jpg 2048w, https:\/\/www.teanaulodge.com\/wp-content\/uploads\/2025\/04\/IMG_4947-1500x1000.jpg 1500w, https:\/\/www.teanaulodge.com\/wp-content\/uploads\/2025\/04\/IMG_4947-705x470.jpg 705w\" sizes=\"(max-width: 2560px) 100vw, 2560px\" \/><\/div><\/li><li  class='avia-slideshow-slide av-194ekv-ea94fa44cd70d03c1ca9a7c5ae710c9c__7  slide-8 slide-even'><div data-rel='slideshow-1' class='avia-slide-wrap '   ><img decoding=\"async\" fetchpriority=\"high\" class=\"wp-image-3027 avia-img-lazy-loading-not-3027\"  src=\"https:\/\/www.teanaulodge.com\/wp-content\/uploads\/2025\/04\/IMG_4791-scaled.jpg\" width=\"2560\" height=\"1707\" title='IMG_4791' alt=''  itemprop=\"thumbnailUrl\" srcset=\"https:\/\/www.teanaulodge.com\/wp-content\/uploads\/2025\/04\/IMG_4791-scaled.jpg 2560w, https:\/\/www.teanaulodge.com\/wp-content\/uploads\/2025\/04\/IMG_4791-300x200.jpg 300w, https:\/\/www.teanaulodge.com\/wp-content\/uploads\/2025\/04\/IMG_4791-1030x687.jpg 1030w, https:\/\/www.teanaulodge.com\/wp-content\/uploads\/2025\/04\/IMG_4791-768x512.jpg 768w, https:\/\/www.teanaulodge.com\/wp-content\/uploads\/2025\/04\/IMG_4791-1536x1024.jpg 1536w, https:\/\/www.teanaulodge.com\/wp-content\/uploads\/2025\/04\/IMG_4791-2048x1365.jpg 2048w, https:\/\/www.teanaulodge.com\/wp-content\/uploads\/2025\/04\/IMG_4791-1500x1000.jpg 1500w, https:\/\/www.teanaulodge.com\/wp-content\/uploads\/2025\/04\/IMG_4791-705x470.jpg 705w\" sizes=\"(max-width: 2560px) 100vw, 2560px\" \/><\/div><\/li><li  class='avia-slideshow-slide av-194ekv-ea94fa44cd70d03c1ca9a7c5ae710c9c__8  slide-9 slide-odd'><div data-rel='slideshow-1' class='avia-slide-wrap '   ><img decoding=\"async\" fetchpriority=\"high\" class=\"wp-image-2872 avia-img-lazy-loading-not-2872\"  src=\"https:\/\/www.teanaulodge.com\/wp-content\/uploads\/2025\/04\/IMG_4698-scaled.jpg\" width=\"2560\" height=\"1707\" title='IMG_4698' alt=''  itemprop=\"thumbnailUrl\" srcset=\"https:\/\/www.teanaulodge.com\/wp-content\/uploads\/2025\/04\/IMG_4698-scaled.jpg 2560w, https:\/\/www.teanaulodge.com\/wp-content\/uploads\/2025\/04\/IMG_4698-300x200.jpg 300w, https:\/\/www.teanaulodge.com\/wp-content\/uploads\/2025\/04\/IMG_4698-1030x687.jpg 1030w, https:\/\/www.teanaulodge.com\/wp-content\/uploads\/2025\/04\/IMG_4698-768x512.jpg 768w, https:\/\/www.teanaulodge.com\/wp-content\/uploads\/2025\/04\/IMG_4698-1536x1024.jpg 1536w, https:\/\/www.teanaulodge.com\/wp-content\/uploads\/2025\/04\/IMG_4698-2048x1365.jpg 2048w, https:\/\/www.teanaulodge.com\/wp-content\/uploads\/2025\/04\/IMG_4698-1500x1000.jpg 1500w, https:\/\/www.teanaulodge.com\/wp-content\/uploads\/2025\/04\/IMG_4698-705x470.jpg 705w\" sizes=\"(max-width: 2560px) 100vw, 2560px\" \/><\/div><\/li><\/ul><div class='avia-slideshow-arrows avia-slideshow-controls' ><a href='#prev' class='prev-slide ' aria-hidden='true' data-av_icon='\ue87c' data-av_iconfont='entypo-fontello'  tabindex='-1'>Zur\u00fcck<\/a><a href='#next' class='next-slide ' aria-hidden='true' data-av_icon='\ue87d' data-av_iconfont='entypo-fontello'  tabindex='-1'>Weiter<\/a><\/div><div class='avia-slideshow-dots avia-slideshow-controls'><a href='#1' class='goto-slide active' >1<\/a><a href='#2' class='goto-slide ' >2<\/a><a href='#3' class='goto-slide ' >3<\/a><a href='#4' class='goto-slide ' >4<\/a><a href='#5' class='goto-slide ' >5<\/a><a href='#6' class='goto-slide ' >6<\/a><a href='#7' class='goto-slide ' >7<\/a><a href='#8' class='goto-slide ' >8<\/a><a href='#9' class='goto-slide ' >9<\/a><\/div><\/div><\/div><\/p>\n","protected":false},"excerpt":{"rendered":"","protected":false},"author":1,"featured_media":0,"parent":0,"menu_order":0,"comment_status":"closed","ping_status":"closed","template":"","meta":{"footnotes":""},"class_list":["post-239","page","type-page","status-publish","hentry"],"_links":{"self":[{"href":"https:\/\/www.teanaulodge.com\/de\/wp-json\/wp\/v2\/pages\/239"}],"collection":[{"href":"https:\/\/www.teanaulodge.com\/de\/wp-json\/wp\/v2\/pages"}],"about":[{"href":"https:\/\/www.teanaulodge.com\/de\/wp-json\/wp\/v2\/types\/page"}],"author":[{"embeddable":true,"href":"https:\/\/www.teanaulodge.com\/de\/wp-json\/wp\/v2\/users\/1"}],"replies":[{"embeddable":true,"href":"https:\/\/www.teanaulodge.com\/de\/wp-json\/wp\/v2\/comments?post=239"}],"version-history":[{"count":13,"href":"https:\/\/www.teanaulodge.com\/de\/wp-json\/wp\/v2\/pages\/239\/revisions"}],"predecessor-version":[{"id":4016,"href":"https:\/\/www.teanaulodge.com\/de\/wp-json\/wp\/v2\/pages\/239\/revisions\/4016"}],"wp:attachment":[{"href":"https:\/\/www.teanaulodge.com\/de\/wp-json\/wp\/v2\/media?parent=239"}],"curies":[{"name":"wp","href":"https:\/\/api.w.org\/{rel}","templated":true}]}}